{"id":576,"date":"2014-12-11T14:38:14","date_gmt":"2014-12-11T13:38:14","guid":{"rendered":"http:\/\/schuesslerhof.com\/estate-in-montagna-lappago-alto-adige-2\/"},"modified":"2015-05-17T12:14:38","modified_gmt":"2015-05-17T10:14:38","slug":"estate-in-montagna-lappago-alto-adige","status":"publish","type":"page","link":"https:\/\/schuesslerhof.com\/it\/estate-in-montagna-lappago-alto-adige\/","title":{"rendered":"Estate in montagna"},"content":{"rendered":"[vc_row][vc_column][vc_column_text el_class=&#8221;seite_oben&#8221;]\n<h1>Estate in montagna a Selva dei Molini \/ Lappago<\/h1>\n[\/vc_column_text][vc_column_text]dove tutto \u00e8 rimasto ancora rurale ed accogliente, un tocco di passato che circonda la parte alta della valle di Selva dei Molini. <strong>Boschi, prati, cascate, laghi di montagna, la fauna selvatica, prati di montagna,\u00a0 casaro alpino, mucche, formaggi, burro<\/strong> &#8211; tutto un p\u00f2 ricorda &#8220;Heidi&#8221;, la serie televisiva molto amata.<\/p>\n<div id=\"69e200717ff63\" rel=\"183\" data-gg-autoplay=\"auto\" class=\"gg_galleria_slider_wrap gg_galleria_slider_light gg_galleria_slider_show_thumbs  gg_galleria_responsive ggs_183\" style=\"width: 100%; \" data-asp-ratio=\"0.55\"><a href=\"https:\/\/schuesslerhof.com\/wp-content\/uploads\/2015\/03\/schuesslerhof-lappach-alm-heuernte-14.jpg\"><img decoding=\"async\" src=\"\/\/schuesslerhof.com\/wp-content\/uploads\/ewpt_cache\/60x40_100_1_c_FFFFFF_85ae62354d0d1f02d8faac8ba518fc31.jpg\" data-big=\"https:\/\/schuesslerhof.com\/wp-content\/uploads\/2015\/03\/schuesslerhof-lappach-alm-heuernte-14.jpg\" data-description=\"\" alt=\"Heuernte auf unserer Alm...\" \/><\/a><a href=\"https:\/\/schuesslerhof.com\/wp-content\/uploads\/2015\/03\/schuesslerhof-lappach-alm-heuernte-15.jpg\"><img decoding=\"async\" src=\"\/\/schuesslerhof.com\/wp-content\/uploads\/ewpt_cache\/60x40_100_1_c_FFFFFF_c3029ee7fc5052c6448bbdeca2705f7c.jpg\" data-big=\"https:\/\/schuesslerhof.com\/wp-content\/uploads\/2015\/03\/schuesslerhof-lappach-alm-heuernte-15.jpg\" data-description=\"\" alt=\"... ist immer viel Handarbeit.\" \/><\/a><a href=\"https:\/\/schuesslerhof.com\/wp-content\/uploads\/2015\/03\/schuesslerhof-lappach-alm-heuernte-16.jpg\"><img decoding=\"async\" src=\"\/\/schuesslerhof.com\/wp-content\/uploads\/ewpt_cache\/60x40_100_1_c_FFFFFF_a52b39cc170dd7b01cc095a2f87c2612.jpg\" data-big=\"https:\/\/schuesslerhof.com\/wp-content\/uploads\/2015\/03\/schuesslerhof-lappach-alm-heuernte-16.jpg\" data-description=\"\" alt=\"Es erfordert ein gro\u00dfes Ma\u00df ...\" \/><\/a><a href=\"https:\/\/schuesslerhof.com\/wp-content\/uploads\/2015\/03\/schuesslerhof-lappach-alm-heuernte-17.jpg\"><img decoding=\"async\" src=\"\/\/schuesslerhof.com\/wp-content\/uploads\/ewpt_cache\/60x40_100_1_c_FFFFFF_373276e5ab98b7344a008e5b56c2bd1e.jpg\" data-big=\"https:\/\/schuesslerhof.com\/wp-content\/uploads\/2015\/03\/schuesslerhof-lappach-alm-heuernte-17.jpg\" data-description=\"\" alt=\"... an Geschick\" \/><\/a><a href=\"https:\/\/schuesslerhof.com\/wp-content\/uploads\/2015\/03\/schuesslerhof-lappach-alm-heuernte-18.jpg\"><img decoding=\"async\" src=\"\/\/schuesslerhof.com\/wp-content\/uploads\/ewpt_cache\/60x40_100_1_c_FFFFFF_2af1d94227940ad27a457411b9ddf9c1.jpg\" data-big=\"https:\/\/schuesslerhof.com\/wp-content\/uploads\/2015\/03\/schuesslerhof-lappach-alm-heuernte-18.jpg\" data-description=\"\" alt=\"solche &quot;Trischten&quot; aufzut\u00fcrmen.\" \/><\/a><a href=\"https:\/\/schuesslerhof.com\/wp-content\/uploads\/2015\/03\/schuesslerhof-lappach-alm-heuernte-19.jpg\"><img decoding=\"async\" src=\"\/\/schuesslerhof.com\/wp-content\/uploads\/ewpt_cache\/60x40_100_1_c_FFFFFF_c3102185ea6780ae63978da8d4745104.jpg\" data-big=\"https:\/\/schuesslerhof.com\/wp-content\/uploads\/2015\/03\/schuesslerhof-lappach-alm-heuernte-19.jpg\" data-description=\"\" alt=\"So ist das Heu bis zum Abtransport bestens gesch\u00fctzt.\" \/><\/a><a href=\"https:\/\/schuesslerhof.com\/wp-content\/uploads\/2015\/03\/schuesslerhof-lappach-alm-heuernte-20.jpg\"><img decoding=\"async\" src=\"\/\/schuesslerhof.com\/wp-content\/uploads\/ewpt_cache\/60x40_100_1_c_FFFFFF_d87a7eb174c1c612ccc2453a5ada944f.jpg\" data-big=\"https:\/\/schuesslerhof.com\/wp-content\/uploads\/2015\/03\/schuesslerhof-lappach-alm-heuernte-20.jpg\" data-description=\"\" alt=\"Wohlriechendes Heu - aus wertvollen Kr\u00e4utern und Gr\u00e4sern.\" \/><\/a><div style=\"clear: both;\"><\/div><\/div><script type=\"text\/javascript\"> jQuery(document).ready(function($) { if(typeof(gg_galleria_init) == \"function\") { gg_galleria_show(\"#69e200717ff63\");gg_galleria_init(\"#69e200717ff63\");}});<\/script>\n<p>&nbsp;<\/p>\n<p>In estate viene raccolto dai pascoli di montagna il fieno (il 1\u00b0 taglio ovvero il <strong>maggengo<\/strong>) e in valle <strong>l&#8217;agostano<\/strong> (il 2\u00b0 taglio). Le mucche in estate alpeggiano ancora con i loro pastori sui pascoli di montagna. Neve e ghiaccio si sono ritirati a margine del ghiacciaio e ha liberato i sentieri alti di montagna. Dal lago di Neves si apre una ricca zona escursionistica che porta direttamente al <strong>rifugio Porro <\/strong>o al rifugio <strong>Ponte di Ghiaccio<\/strong>. Questi sono collegati tra loro mediante un <strong>alto sentiero<\/strong>, il<strong> sentiero Neves<\/strong>, posto ai piedi del ghiacciaio.<\/p>\n<p>Gli escursionisti esperti raggiungono, partendo dal <strong>Lago di Neves<\/strong>, i giganti delle Alpi sul lato altoatesino della Zillertal, <strong>Punta Bianca, il Gran M\u00f6seler, la Cima di Campo o il Gran Pilastro.<\/strong> Ambiti obiettivi con ricordi duraturi.<\/p>\n<p>L&#8217;escursionista medio pu\u00f2 raggiungere la <strong>cima Egge<\/strong> passando o fermandosi alla cosidetta <strong>malga<\/strong> <strong>Bergmeister<\/strong> o alla <strong>malga Mair am Tinkhof<\/strong>. Pu\u00f2 anche godersi semplicemente i corsi d&#8217;acqua lungo la valle. Dalla gola di Lappago si pu\u00f2 arrivare ad un piccolo impianto <strong>Kneipp<\/strong> che offre in estate un piacevole refrigerio. Per i pi\u00f9 avventurosi la gola offre tutti i tipi di attrazioni come il canyoning o la Rock Running, la discesa in corda doppia dal ponte, ecc.<\/p>\n<div id=\"69e2007181036\" rel=\"180\" data-gg-autoplay=\"auto\" class=\"gg_galleria_slider_wrap gg_galleria_slider_light gg_galleria_slider_show_thumbs  gg_galleria_responsive ggs_180\" style=\"width: 100%; \" data-asp-ratio=\"0.55\"><a href=\"https:\/\/schuesslerhof.com\/wp-content\/uploads\/2015\/03\/schuesslerhof-lappach-ahrntal-Wanderurlaub-01.jpg\"><img decoding=\"async\" src=\"\/\/schuesslerhof.com\/wp-content\/uploads\/ewpt_cache\/60x40_100_1_c_FFFFFF_de667f22465f98054ff2a22072d1a056.jpg\" data-big=\"https:\/\/schuesslerhof.com\/wp-content\/uploads\/2015\/03\/schuesslerhof-lappach-ahrntal-Wanderurlaub-01.jpg\" data-description=\"\" alt=\"\" \/><\/a><a href=\"https:\/\/schuesslerhof.com\/wp-content\/uploads\/2015\/03\/schuesslerhof-lappach-ahrntal-Wanderurlaub-10.jpg\"><img decoding=\"async\" src=\"\/\/schuesslerhof.com\/wp-content\/uploads\/ewpt_cache\/60x40_100_1_c_FFFFFF_1a087638a5557bc3532bb632dc42df45.jpg\" data-big=\"https:\/\/schuesslerhof.com\/wp-content\/uploads\/2015\/03\/schuesslerhof-lappach-ahrntal-Wanderurlaub-10.jpg\" data-description=\"\" alt=\"\" \/><\/a><a href=\"https:\/\/schuesslerhof.com\/wp-content\/uploads\/2015\/03\/schuesslerhof-lappach-ahrntal-Wanderurlaub-02.jpg\"><img decoding=\"async\" src=\"\/\/schuesslerhof.com\/wp-content\/uploads\/ewpt_cache\/60x40_100_1_c_FFFFFF_8fca2efa718604c22c78f2a1e9c579f7.jpg\" data-big=\"https:\/\/schuesslerhof.com\/wp-content\/uploads\/2015\/03\/schuesslerhof-lappach-ahrntal-Wanderurlaub-02.jpg\" data-description=\"\" alt=\"\" \/><\/a><a href=\"https:\/\/schuesslerhof.com\/wp-content\/uploads\/2015\/03\/schuesslerhof-lappach-ahrntal-Wanderurlaub-03.jpg\"><img decoding=\"async\" src=\"\/\/schuesslerhof.com\/wp-content\/uploads\/ewpt_cache\/60x40_100_1_c_FFFFFF_47688243e52ae4d65bdcd4494070ad1c.jpg\" data-big=\"https:\/\/schuesslerhof.com\/wp-content\/uploads\/2015\/03\/schuesslerhof-lappach-ahrntal-Wanderurlaub-03.jpg\" data-description=\"\" alt=\"\" \/><\/a><a href=\"https:\/\/schuesslerhof.com\/wp-content\/uploads\/2015\/03\/schuesslerhof-lappach-ahrntal-Wanderurlaub-04.jpg\"><img decoding=\"async\" src=\"\/\/schuesslerhof.com\/wp-content\/uploads\/ewpt_cache\/60x40_100_1_c_FFFFFF_36d344f691c741d27a426559270b156a.jpg\" data-big=\"https:\/\/schuesslerhof.com\/wp-content\/uploads\/2015\/03\/schuesslerhof-lappach-ahrntal-Wanderurlaub-04.jpg\" data-description=\"\" alt=\"\" \/><\/a><a href=\"https:\/\/schuesslerhof.com\/wp-content\/uploads\/2015\/03\/schuesslerhof-lappach-ahrntal-Wanderurlaub-11.jpg\"><img decoding=\"async\" src=\"\/\/schuesslerhof.com\/wp-content\/uploads\/ewpt_cache\/60x40_100_1_c_FFFFFF_09906ddb0f020bbe9924a2f5fbce0d11.jpg\" data-big=\"https:\/\/schuesslerhof.com\/wp-content\/uploads\/2015\/03\/schuesslerhof-lappach-ahrntal-Wanderurlaub-11.jpg\" data-description=\"\" alt=\"\" \/><\/a><a href=\"https:\/\/schuesslerhof.com\/wp-content\/uploads\/2015\/03\/schuesslerhof-lappach-ahrntal-Wanderurlaub-05.jpg\"><img decoding=\"async\" src=\"\/\/schuesslerhof.com\/wp-content\/uploads\/ewpt_cache\/60x40_100_1_c_FFFFFF_e92af1b90c769a6eda9f0879a26718d5.jpg\" data-big=\"https:\/\/schuesslerhof.com\/wp-content\/uploads\/2015\/03\/schuesslerhof-lappach-ahrntal-Wanderurlaub-05.jpg\" data-description=\"\" alt=\"\" \/><\/a><a href=\"https:\/\/schuesslerhof.com\/wp-content\/uploads\/2015\/03\/schuesslerhof-lappach-ahrntal-Wanderurlaub-06.jpg\"><img decoding=\"async\" src=\"\/\/schuesslerhof.com\/wp-content\/uploads\/ewpt_cache\/60x40_100_1_c_FFFFFF_165cae86825e47d131bd11e84327ede2.jpg\" data-big=\"https:\/\/schuesslerhof.com\/wp-content\/uploads\/2015\/03\/schuesslerhof-lappach-ahrntal-Wanderurlaub-06.jpg\" data-description=\"\" alt=\"\" \/><\/a><a href=\"https:\/\/schuesslerhof.com\/wp-content\/uploads\/2015\/03\/schuesslerhof-lappach-ahrntal-Wanderurlaub-07.jpg\"><img decoding=\"async\" src=\"\/\/schuesslerhof.com\/wp-content\/uploads\/ewpt_cache\/60x40_100_1_c_FFFFFF_d849de31a250ce6bdcdd95b8ee5117f5.jpg\" data-big=\"https:\/\/schuesslerhof.com\/wp-content\/uploads\/2015\/03\/schuesslerhof-lappach-ahrntal-Wanderurlaub-07.jpg\" data-description=\"\" alt=\"\" \/><\/a><a href=\"https:\/\/schuesslerhof.com\/wp-content\/uploads\/2015\/03\/schuesslerhof-lappach-ahrntal-Wanderurlaub-08.jpg\"><img decoding=\"async\" src=\"\/\/schuesslerhof.com\/wp-content\/uploads\/ewpt_cache\/60x40_100_1_c_FFFFFF_8fcc9f2d3c9387a3438e05ff84c161f6.jpg\" data-big=\"https:\/\/schuesslerhof.com\/wp-content\/uploads\/2015\/03\/schuesslerhof-lappach-ahrntal-Wanderurlaub-08.jpg\" data-description=\"\" alt=\"\" \/><\/a><a href=\"https:\/\/schuesslerhof.com\/wp-content\/uploads\/2015\/03\/schuesslerhof-lappach-ahrntal-Wanderurlaub-09.jpg\"><img decoding=\"async\" src=\"\/\/schuesslerhof.com\/wp-content\/uploads\/ewpt_cache\/60x40_100_1_c_FFFFFF_f8a801f94115fcf7df6a61f7f6f08dd6.jpg\" data-big=\"https:\/\/schuesslerhof.com\/wp-content\/uploads\/2015\/03\/schuesslerhof-lappach-ahrntal-Wanderurlaub-09.jpg\" data-description=\"\" alt=\"\" \/><\/a><div style=\"clear: both;\"><\/div><\/div><script type=\"text\/javascript\"> jQuery(document).ready(function($) { if(typeof(gg_galleria_init) == \"function\") { gg_galleria_show(\"#69e2007181036\");gg_galleria_init(\"#69e2007181036\");}});<\/script>[\/vc_column_text][vc_empty_space height=&#8221;30px&#8221;][vc_column_text]La valle di Selva dei Molini offre ai ciclisti interessanti vie percorribili con la <strong>bici elettrica <\/strong>o<strong> l&#8217;arrampichino<\/strong>. I pescatori troveranno un paradiso per <strong>la pesca a mosca<\/strong>.<\/p>\n<p>Gli amanti del formaggio potranno trovare tutto ci\u00f2 che desiderano nei nostri <strong>caseifici rustici dei masi <\/strong>locali, <strong>il formaggio grigio, i formaggi a pasta molle, la crema di formaggio, i formaggi al latte crudo, lo yogurt e il burro<\/strong>. Usufruendo dell&#8217;escursione guidata sul \u201e<strong>sentiero del formaggio<\/strong>\u201c di Selva dei Molini\u00a0 o una visita ai vari caseifici rustici dei masi locali, \u00e8 possibile scrutare i contadini nel loro lavoro quotidiano.<\/p>\n<p>Dopo una giornata di successo o durante una pausa ci si pu\u00f2 lasciar andare nella nostra <strong>osteria<\/strong> con <strong>prodotti fatti in casa del nostro maso<\/strong>.<\/p>\n<p>E chi vuole pu\u00f2 concedersi un rilassante fine giornata nei nostri <strong>bagni termali, anche a base di fieno, massaggi, bagni,, \u201eKraxenofen\u201c un bagno nel fieno o, godersi una sauna alle erbe medicinali<\/strong>.[\/vc_column_text][\/vc_column][\/vc_row]\n","protected":false},"excerpt":{"rendered":"<p>[vc_row][vc_column][vc_column_text el_class=&#8221;seite_oben&#8221;] Estate in montagna a Selva dei Molini \/ Lappago [\/vc_column_text][vc_column_text]dove tutto \u00e8 rimasto ancora rurale ed accogliente, un tocco di passato che circonda la parte alta della valle di Selva dei Molini. Boschi, prati, cascate, laghi di montagna, la fauna selvatica, prati di montagna,\u00a0 casaro alpino, mucche, formaggi, burro &#8211; tutto un p\u00f2 [&hellip;]<\/p>\n","protected":false},"author":1,"featured_media":0,"parent":0,"menu_order":0,"comment_status":"closed","ping_status":"closed","template":"","meta":{"footnotes":""},"class_list":["post-576","page","type-page","status-publish","hentry"],"yoast_head":"<!-- This site is optimized with the Yoast SEO plugin v23.6 - https:\/\/yoast.com\/wordpress\/plugins\/seo\/ -->\n<title>Estate in montagna - Lappago - Alto Adige<\/title>\n<meta name=\"description\" content=\"Estate - dove tutto \u00e8 rimasto ancora rurale ed accogliente, un tocco di passato che circonda la parte alta della valle di Selva dei Molini. Boschi, prati,..\" \/>\n<meta name=\"robots\" content=\"index, follow, max-snippet:-1, max-image-preview:large, max-video-preview:-1\" \/>\n<link rel=\"canonical\" href=\"https:\/\/schuesslerhof.com\/it\/estate-in-montagna-lappago-alto-adige\/\" \/>\n<meta property=\"og:locale\" content=\"it_IT\" \/>\n<meta property=\"og:type\" content=\"article\" \/>\n<meta property=\"og:title\" content=\"Estate in montagna - Lappago - Alto Adige\" \/>\n<meta property=\"og:description\" content=\"Estate - dove tutto \u00e8 rimasto ancora rurale ed accogliente, un tocco di passato che circonda la parte alta della valle di Selva dei Molini. Boschi, prati,..\" \/>\n<meta property=\"og:url\" content=\"https:\/\/schuesslerhof.com\/it\/estate-in-montagna-lappago-alto-adige\/\" \/>\n<meta property=\"og:site_name\" content=\"Sch\u00fcsslerhof | Heu &amp; Wasserb\u00e4der\" \/>\n<meta property=\"article:publisher\" content=\"https:\/\/www.facebook.com\/pages\/Bad-Sch%c3%bcsslerhof\/244659975642984?fref=ts\" \/>\n<meta property=\"article:modified_time\" content=\"2015-05-17T10:14:38+00:00\" \/>\n<meta name=\"twitter:label1\" content=\"Tempo di lettura stimato\" \/>\n\t<meta name=\"twitter:data1\" content=\"2 minuti\" \/>\n<script type=\"application\/ld+json\" class=\"yoast-schema-graph\">{\"@context\":\"https:\/\/schema.org\",\"@graph\":[{\"@type\":\"WebPage\",\"@id\":\"https:\/\/schuesslerhof.com\/it\/estate-in-montagna-lappago-alto-adige\/\",\"url\":\"https:\/\/schuesslerhof.com\/it\/estate-in-montagna-lappago-alto-adige\/\",\"name\":\"Estate in montagna - Lappago - Alto Adige\",\"isPartOf\":{\"@id\":\"https:\/\/schuesslerhof.com\/#website\"},\"datePublished\":\"2014-12-11T13:38:14+00:00\",\"dateModified\":\"2015-05-17T10:14:38+00:00\",\"description\":\"Estate - dove tutto \u00e8 rimasto ancora rurale ed accogliente, un tocco di passato che circonda la parte alta della valle di Selva dei Molini. Boschi, prati,..\",\"breadcrumb\":{\"@id\":\"https:\/\/schuesslerhof.com\/it\/estate-in-montagna-lappago-alto-adige\/#breadcrumb\"},\"inLanguage\":\"it-IT\",\"potentialAction\":[{\"@type\":\"ReadAction\",\"target\":[\"https:\/\/schuesslerhof.com\/it\/estate-in-montagna-lappago-alto-adige\/\"]}]},{\"@type\":\"BreadcrumbList\",\"@id\":\"https:\/\/schuesslerhof.com\/it\/estate-in-montagna-lappago-alto-adige\/#breadcrumb\",\"itemListElement\":[{\"@type\":\"ListItem\",\"position\":1,\"name\":\"Home\",\"item\":\"https:\/\/schuesslerhof.com\/it\/\"},{\"@type\":\"ListItem\",\"position\":2,\"name\":\"Estate in montagna\"}]},{\"@type\":\"WebSite\",\"@id\":\"https:\/\/schuesslerhof.com\/#website\",\"url\":\"https:\/\/schuesslerhof.com\/\",\"name\":\"Sch\u00fcsslerhof | Heu & Wasserb\u00e4der\",\"description\":\"Fam. Hartmann Auer - Lappach im M\u00fchlwaldertal: +39 0474 68 50 46\",\"publisher\":{\"@id\":\"https:\/\/schuesslerhof.com\/#organization\"},\"potentialAction\":[{\"@type\":\"SearchAction\",\"target\":{\"@type\":\"EntryPoint\",\"urlTemplate\":\"https:\/\/schuesslerhof.com\/?s={search_term_string}\"},\"query-input\":{\"@type\":\"PropertyValueSpecification\",\"valueRequired\":true,\"valueName\":\"search_term_string\"}}],\"inLanguage\":\"it-IT\"},{\"@type\":\"Organization\",\"@id\":\"https:\/\/schuesslerhof.com\/#organization\",\"name\":\"Bad Sch\u00fcsslerhof\",\"url\":\"https:\/\/schuesslerhof.com\/\",\"logo\":{\"@type\":\"ImageObject\",\"inLanguage\":\"it-IT\",\"@id\":\"https:\/\/schuesslerhof.com\/#\/schema\/logo\/image\/\",\"url\":\"https:\/\/schuesslerhof.com\/wp-content\/uploads\/2015\/03\/LOGO-255x150-e1425472092821.png\",\"contentUrl\":\"https:\/\/schuesslerhof.com\/wp-content\/uploads\/2015\/03\/LOGO-255x150-e1425472092821.png\",\"width\":170,\"height\":100,\"caption\":\"Bad Sch\u00fcsslerhof\"},\"image\":{\"@id\":\"https:\/\/schuesslerhof.com\/#\/schema\/logo\/image\/\"},\"sameAs\":[\"https:\/\/www.facebook.com\/pages\/Bad-Sch\u00fcsslerhof\/244659975642984?fref=ts\"]}]}<\/script>\n<!-- \/ Yoast SEO plugin. -->","yoast_head_json":{"title":"Estate in montagna - Lappago - Alto Adige","description":"Estate - dove tutto \u00e8 rimasto ancora rurale ed accogliente, un tocco di passato che circonda la parte alta della valle di Selva dei Molini. Boschi, prati,..","robots":{"index":"index","follow":"follow","max-snippet":"max-snippet:-1","max-image-preview":"max-image-preview:large","max-video-preview":"max-video-preview:-1"},"canonical":"https:\/\/schuesslerhof.com\/it\/estate-in-montagna-lappago-alto-adige\/","og_locale":"it_IT","og_type":"article","og_title":"Estate in montagna - Lappago - Alto Adige","og_description":"Estate - dove tutto \u00e8 rimasto ancora rurale ed accogliente, un tocco di passato che circonda la parte alta della valle di Selva dei Molini. Boschi, prati,..","og_url":"https:\/\/schuesslerhof.com\/it\/estate-in-montagna-lappago-alto-adige\/","og_site_name":"Sch\u00fcsslerhof | Heu & Wasserb\u00e4der","article_publisher":"https:\/\/www.facebook.com\/pages\/Bad-Sch%c3%bcsslerhof\/244659975642984?fref=ts","article_modified_time":"2015-05-17T10:14:38+00:00","twitter_misc":{"Tempo di lettura stimato":"2 minuti"},"schema":{"@context":"https:\/\/schema.org","@graph":[{"@type":"WebPage","@id":"https:\/\/schuesslerhof.com\/it\/estate-in-montagna-lappago-alto-adige\/","url":"https:\/\/schuesslerhof.com\/it\/estate-in-montagna-lappago-alto-adige\/","name":"Estate in montagna - Lappago - Alto Adige","isPartOf":{"@id":"https:\/\/schuesslerhof.com\/#website"},"datePublished":"2014-12-11T13:38:14+00:00","dateModified":"2015-05-17T10:14:38+00:00","description":"Estate - dove tutto \u00e8 rimasto ancora rurale ed accogliente, un tocco di passato che circonda la parte alta della valle di Selva dei Molini. Boschi, prati,..","breadcrumb":{"@id":"https:\/\/schuesslerhof.com\/it\/estate-in-montagna-lappago-alto-adige\/#breadcrumb"},"inLanguage":"it-IT","potentialAction":[{"@type":"ReadAction","target":["https:\/\/schuesslerhof.com\/it\/estate-in-montagna-lappago-alto-adige\/"]}]},{"@type":"BreadcrumbList","@id":"https:\/\/schuesslerhof.com\/it\/estate-in-montagna-lappago-alto-adige\/#breadcrumb","itemListElement":[{"@type":"ListItem","position":1,"name":"Home","item":"https:\/\/schuesslerhof.com\/it\/"},{"@type":"ListItem","position":2,"name":"Estate in montagna"}]},{"@type":"WebSite","@id":"https:\/\/schuesslerhof.com\/#website","url":"https:\/\/schuesslerhof.com\/","name":"Sch\u00fcsslerhof | Heu & Wasserb\u00e4der","description":"Fam. Hartmann Auer - Lappach im M\u00fchlwaldertal: +39 0474 68 50 46","publisher":{"@id":"https:\/\/schuesslerhof.com\/#organization"},"potentialAction":[{"@type":"SearchAction","target":{"@type":"EntryPoint","urlTemplate":"https:\/\/schuesslerhof.com\/?s={search_term_string}"},"query-input":{"@type":"PropertyValueSpecification","valueRequired":true,"valueName":"search_term_string"}}],"inLanguage":"it-IT"},{"@type":"Organization","@id":"https:\/\/schuesslerhof.com\/#organization","name":"Bad Sch\u00fcsslerhof","url":"https:\/\/schuesslerhof.com\/","logo":{"@type":"ImageObject","inLanguage":"it-IT","@id":"https:\/\/schuesslerhof.com\/#\/schema\/logo\/image\/","url":"https:\/\/schuesslerhof.com\/wp-content\/uploads\/2015\/03\/LOGO-255x150-e1425472092821.png","contentUrl":"https:\/\/schuesslerhof.com\/wp-content\/uploads\/2015\/03\/LOGO-255x150-e1425472092821.png","width":170,"height":100,"caption":"Bad Sch\u00fcsslerhof"},"image":{"@id":"https:\/\/schuesslerhof.com\/#\/schema\/logo\/image\/"},"sameAs":["https:\/\/www.facebook.com\/pages\/Bad-Sch\u00fcsslerhof\/244659975642984?fref=ts"]}]}},"_links":{"self":[{"href":"https:\/\/schuesslerhof.com\/it\/wp-json\/wp\/v2\/pages\/576"}],"collection":[{"href":"https:\/\/schuesslerhof.com\/it\/wp-json\/wp\/v2\/pages"}],"about":[{"href":"https:\/\/schuesslerhof.com\/it\/wp-json\/wp\/v2\/types\/page"}],"author":[{"embeddable":true,"href":"https:\/\/schuesslerhof.com\/it\/wp-json\/wp\/v2\/users\/1"}],"replies":[{"embeddable":true,"href":"https:\/\/schuesslerhof.com\/it\/wp-json\/wp\/v2\/comments?post=576"}],"version-history":[{"count":2,"href":"https:\/\/schuesslerhof.com\/it\/wp-json\/wp\/v2\/pages\/576\/revisions"}],"predecessor-version":[{"id":582,"href":"https:\/\/schuesslerhof.com\/it\/wp-json\/wp\/v2\/pages\/576\/revisions\/582"}],"wp:attachment":[{"href":"https:\/\/schuesslerhof.com\/it\/wp-json\/wp\/v2\/media?parent=576"}],"curies":[{"name":"wp","href":"https:\/\/api.w.org\/{rel}","templated":true}]}}