{"id":577,"date":"2015-05-17T12:41:54","date_gmt":"2015-05-17T10:41:54","guid":{"rendered":"http:\/\/schuesslerhof.com\/?page_id=577"},"modified":"2022-12-22T09:50:19","modified_gmt":"2022-12-22T08:50:19","slug":"agriturismo-prenotazione-trova-allogi-valle-aurina-lappago","status":"publish","type":"page","link":"https:\/\/schuesslerhof.com\/it\/agriturismo-prenotazione-trova-allogi-valle-aurina-lappago\/","title":{"rendered":"Richiesta di prenotazione &#8211; Agriturismo Bad Sch\u00fcsslerhof"},"content":{"rendered":"[vc_row css=&#8221;.vc_custom_1426099359165{margin-left: 40px !important;}&#8221;][vc_column width=&#8221;1\/2&#8243;][vc_column_text]\n<h1>Richiesta di prenotazione<\/h1>\n<p>Organizza per tempo il Tuo soggiorno presso il Sch\u00fcsslerhof. Siete invitaTi a chiamarci o inviare la Vostra richiesta tramite l&#8217;apposito modulo.\u00a0Si prega di compilare i dettagli e Vi risponderemo al pi\u00f9 presto.<\/p>\n<p>Sono obbligatori I campi contrassegnati con *.[\/vc_column_text]\n<div class=\"wpcf7 no-js\" id=\"wpcf7-f622-o1\" lang=\"de-DE\" dir=\"ltr\">\n<div class=\"screen-reader-response\"><p role=\"status\" aria-live=\"polite\" aria-atomic=\"true\"><\/p> <ul><\/ul><\/div>\n<form action=\"\/it\/wp-json\/wp\/v2\/pages\/577#wpcf7-f622-o1\" method=\"post\" class=\"wpcf7-form init\" aria-label=\"Kontaktformular\" novalidate=\"novalidate\" data-status=\"init\">\n<div style=\"display: none;\">\n<input type=\"hidden\" name=\"_wpcf7\" value=\"622\" \/>\n<input type=\"hidden\" name=\"_wpcf7_version\" value=\"5.9.8\" \/>\n<input type=\"hidden\" name=\"_wpcf7_locale\" value=\"de_DE\" \/>\n<input type=\"hidden\" name=\"_wpcf7_unit_tag\" value=\"wpcf7-f622-o1\" \/>\n<input type=\"hidden\" name=\"_wpcf7_container_post\" value=\"0\" \/>\n<input type=\"hidden\" name=\"_wpcf7_posted_data_hash\" value=\"\" \/>\n<\/div>\n<table>\n\t<tbody>\n\t\t<tr>\n\t\t\t<td>\n\t\t\t\t<p>Nome *\n\t\t\t\t<\/p>\n\t\t\t<\/td>\n\t\t\t<td>\n\t\t\t\t<p><span class=\"wpcf7-form-control-wrap\" data-name=\"your-name\"><input size=\"40\" maxlength=\"400\" class=\"wpcf7-form-control wpcf7-text wpcf7-validates-as-required\" aria-required=\"true\" aria-invalid=\"false\" value=\"\" type=\"text\" name=\"your-name\" \/><\/span>\n\t\t\t\t<\/p>\n\t\t\t<\/td>\n\t\t<\/tr>\n\t\t<tr>\n\t\t\t<td>\n\t\t\t\t<p>Indirizzo mail *\n\t\t\t\t<\/p>\n\t\t\t<\/td>\n\t\t\t<td>\n\t\t\t\t<p><span class=\"wpcf7-form-control-wrap\" data-name=\"your-email\"><input size=\"40\" maxlength=\"400\" class=\"wpcf7-form-control wpcf7-email wpcf7-validates-as-required wpcf7-text wpcf7-validates-as-email\" aria-required=\"true\" aria-invalid=\"false\" value=\"\" type=\"email\" name=\"your-email\" \/><\/span>\n\t\t\t\t<\/p>\n\t\t\t<\/td>\n\t\t<\/tr>\n\t\t<tr>\n\t\t\t<td>\n\t\t\t\t<p>Il Suo numero telefonico per venir ricontattati *:\n\t\t\t\t<\/p>\n\t\t\t<\/td>\n\t\t\t<td>\n\t\t\t\t<p><span class=\"wpcf7-form-control-wrap\" data-name=\"text-793\"><input size=\"40\" maxlength=\"400\" class=\"wpcf7-form-control wpcf7-text wpcf7-validates-as-required\" aria-required=\"true\" aria-invalid=\"false\" value=\"\" type=\"text\" name=\"text-793\" \/><\/span>\n\t\t\t\t<\/p>\n\t\t\t<\/td>\n\t\t<\/tr>\n\t\t<tr>\n\t\t\t<td>\n\t\t\t\t<p><strong>Indicazioni relative alle date di soggiorno<\/strong>\n\t\t\t\t<\/p>\n\t\t\t<\/td>\n\t\t\t<td>\n\t\t\t<\/td>\n\t\t<\/tr>\n\t\t<tr>\n\t\t\t<td>\n\t\t\t\t<p>Giorno di arrivo:\n\t\t\t\t<\/p>\n\t\t\t<\/td>\n\t\t\t<td>\n\t\t\t\t<p><span class=\"wpcf7-form-control-wrap\" data-name=\"anreise\"><input size=\"40\" maxlength=\"400\" class=\"wpcf7-form-control wpcf7-text\" aria-invalid=\"false\" value=\"\" type=\"text\" name=\"anreise\" \/><\/span>\n\t\t\t\t<\/p>\n\t\t\t<\/td>\n\t\t<\/tr>\n\t\t<tr>\n\t\t\t<td>\n\t\t\t\t<p>Giorno di partenza:\n\t\t\t\t<\/p>\n\t\t\t<\/td>\n\t\t\t<td>\n\t\t\t\t<p><span class=\"wpcf7-form-control-wrap\" data-name=\"abreise\"><input size=\"40\" maxlength=\"400\" class=\"wpcf7-form-control wpcf7-text\" aria-invalid=\"false\" value=\"\" type=\"text\" name=\"abreise\" \/><\/span>\n\t\t\t\t<\/p>\n\t\t\t<\/td>\n\t\t<\/tr>\n\t\t<tr>\n\t\t\t<td>\n\t\t\t\t<p>Numero adulti:\n\t\t\t\t<\/p>\n\t\t\t<\/td>\n\t\t\t<td>\n\t\t\t\t<p><span class=\"wpcf7-form-control-wrap\" data-name=\"erwachsene\"><input size=\"40\" maxlength=\"400\" class=\"wpcf7-form-control wpcf7-text\" aria-invalid=\"false\" value=\"\" type=\"text\" name=\"erwachsene\" \/><\/span>\n\t\t\t\t<\/p>\n\t\t\t<\/td>\n\t\t<\/tr>\n\t\t<tr>\n\t\t\t<td>\n\t\t\t\t<p>Numero bambini:\n\t\t\t\t<\/p>\n\t\t\t<\/td>\n\t\t\t<td>\n\t\t\t\t<p><span class=\"wpcf7-form-control-wrap\" data-name=\"kinder\"><input size=\"40\" maxlength=\"400\" class=\"wpcf7-form-control wpcf7-text\" aria-invalid=\"false\" value=\"\" type=\"text\" name=\"kinder\" \/><\/span>\n\t\t\t\t<\/p>\n\t\t\t<\/td>\n\t\t<\/tr>\n\t\t<tr>\n\t\t\t<td>\n\t\t\t\t<p>Trattamento pasti desiderato:\n\t\t\t\t<\/p>\n\t\t\t<\/td>\n\t\t\t<td>\n\t\t\t\t<p><span class=\"wpcf7-form-control-wrap\" data-name=\"verpflegung\"><span class=\"wpcf7-form-control wpcf7-radio\"><span class=\"wpcf7-list-item first\"><input type=\"radio\" name=\"verpflegung\" value=\"colazione\" \/><span class=\"wpcf7-list-item-label\">colazione<\/span><\/span><span class=\"wpcf7-list-item last\"><input type=\"radio\" name=\"verpflegung\" value=\"mezza pensione\" \/><span class=\"wpcf7-list-item-label\">mezza pensione<\/span><\/span><\/span><\/span>\n\t\t\t\t<\/p>\n\t\t\t<\/td>\n\t\t<\/tr>\n\t<\/tbody>\n<\/table>\n<p>.\n<\/p>\n<p>Messaggio:\n<\/p>\n<p><span class=\"wpcf7-form-control-wrap\" data-name=\"your-message\"><textarea cols=\"40\" rows=\"10\" maxlength=\"2000\" class=\"wpcf7-form-control wpcf7-textarea\" aria-invalid=\"false\" name=\"your-message\"><\/textarea><\/span>\n<\/p>\n<p><span class=\"wpcf7-form-control-wrap\" data-name=\"acceptance-459\"><span class=\"wpcf7-form-control wpcf7-acceptance\"><span class=\"wpcf7-list-item\"><label><input type=\"checkbox\" name=\"acceptance-459\" value=\"1\" aria-invalid=\"false\" \/><span class=\"wpcf7-list-item-label\">Consenso all'ulteriore trattamento dei dati<\/span><\/label><\/span><\/span><\/span>\n<\/p>\n<p><input type=\"hidden\" name=\"_wpcf7_captcha_challenge_captcha-6\" value=\"362884320\" \/><img loading=\"lazy\" decoding=\"async\" class=\"wpcf7-form-control wpcf7-captchac wpcf7-captcha-captcha-6\" width=\"72\" height=\"24\" alt=\"captcha\" src=\"https:\/\/schuesslerhof.com\/wp-content\/uploads\/wpcf7_captcha\/362884320.png\" \/><span class=\"wpcf7-form-control-wrap\" data-name=\"captcha-6\"><input size=\"40\" class=\"wpcf7-form-control wpcf7-captchar\" autocomplete=\"off\" aria-invalid=\"false\" value=\"\" type=\"text\" name=\"captcha-6\" \/><\/span>\n<\/p>\n<p><input class=\"wpcf7-form-control wpcf7-submit has-spinner\" type=\"submit\" value=\"Inviare\" \/>\n<\/p><div class=\"wpcf7-response-output\" aria-hidden=\"true\"><\/div>\n<\/form>\n<\/div>\n[\/vc_column][vc_column width=&#8221;1\/2&#8243;][vc_column_text]\n<h1>Agriturismo Bad Sch\u00fcsslerhof<\/h1>\n<p>Famiglia\u00a0Auer Hartmann 39030 Selva dei Molini \/ Lappago &#8211; Alto Adige &#8211; Italia\u00a0\u00a0Tel.: <strong>+39 3714385176<\/strong> [\/vc_column_text][vc_single_image image=&#8221;525&#8243; img_size=&#8221;full&#8221; alignment=&#8221;center&#8221; onclick=&#8221;custom_link&#8221; link=&#8221;#&#8221; css=&#8221;.vc_custom_1426103498388{margin-top: 5px !important;}&#8221;][\/vc_column][\/vc_row]\n","protected":false},"excerpt":{"rendered":"<p>[vc_row css=&#8221;.vc_custom_1426099359165{margin-left: 40px !important;}&#8221;][vc_column width=&#8221;1\/2&#8243;][vc_column_text] Richiesta di prenotazione Organizza per tempo il Tuo soggiorno presso il Sch\u00fcsslerhof. Siete invitaTi a chiamarci o inviare la Vostra richiesta tramite l&#8217;apposito modulo.\u00a0Si prega di compilare i dettagli e Vi risponderemo al pi\u00f9 presto. Sono obbligatori I campi contrassegnati con *.[\/vc_column_text][\/vc_column][vc_column width=&#8221;1\/2&#8243;][vc_column_text] Agriturismo Bad Sch\u00fcsslerhof Famiglia\u00a0Auer Hartmann 39030 Selva [&hellip;]<\/p>\n","protected":false},"author":1,"featured_media":0,"parent":0,"menu_order":0,"comment_status":"open","ping_status":"open","template":"","meta":{"footnotes":""},"class_list":["post-577","page","type-page","status-publish","hentry"],"yoast_head":"<!-- This site is optimized with the Yoast SEO plugin v23.6 - https:\/\/yoast.com\/wordpress\/plugins\/seo\/ -->\n<title>Vacanze Alto Adige, Agriturismo Alto Adige, Ferie in montagna<\/title>\n<meta name=\"description\" content=\"Benvenuti al Badl della Agriturismo Auer Sch\u00fcsslerhof a Lappago \/ Selva dei Molini. Valle aurina - tutto l&#039;anno: primavera - estate - autunno - inverno -natale\" \/>\n<meta name=\"robots\" content=\"index, follow, max-snippet:-1, max-image-preview:large, max-video-preview:-1\" \/>\n<link rel=\"canonical\" href=\"https:\/\/schuesslerhof.com\/it\/agriturismo-prenotazione-trova-allogi-valle-aurina-lappago\/\" \/>\n<meta property=\"og:locale\" content=\"it_IT\" \/>\n<meta property=\"og:type\" content=\"article\" \/>\n<meta property=\"og:title\" content=\"Vacanze Alto Adige, Agriturismo Alto Adige, Ferie in montagna\" \/>\n<meta property=\"og:description\" content=\"Benvenuti al Badl della Agriturismo Auer Sch\u00fcsslerhof a Lappago \/ Selva dei Molini. Valle aurina - tutto l&#039;anno: primavera - estate - autunno - inverno -natale\" \/>\n<meta property=\"og:url\" content=\"https:\/\/schuesslerhof.com\/it\/agriturismo-prenotazione-trova-allogi-valle-aurina-lappago\/\" \/>\n<meta property=\"og:site_name\" content=\"Sch\u00fcsslerhof | Heu &amp; Wasserb\u00e4der\" \/>\n<meta property=\"article:publisher\" content=\"https:\/\/www.facebook.com\/pages\/Bad-Sch%c3%bcsslerhof\/244659975642984?fref=ts\" \/>\n<meta property=\"article:modified_time\" content=\"2022-12-22T08:50:19+00:00\" \/>\n<meta name=\"twitter:label1\" content=\"Tempo di lettura stimato\" \/>\n\t<meta name=\"twitter:data1\" content=\"1 minuto\" \/>\n<script type=\"application\/ld+json\" class=\"yoast-schema-graph\">{\"@context\":\"https:\/\/schema.org\",\"@graph\":[{\"@type\":\"WebPage\",\"@id\":\"https:\/\/schuesslerhof.com\/it\/agriturismo-prenotazione-trova-allogi-valle-aurina-lappago\/\",\"url\":\"https:\/\/schuesslerhof.com\/it\/agriturismo-prenotazione-trova-allogi-valle-aurina-lappago\/\",\"name\":\"Vacanze Alto Adige, Agriturismo Alto Adige, Ferie in montagna\",\"isPartOf\":{\"@id\":\"https:\/\/schuesslerhof.com\/#website\"},\"datePublished\":\"2015-05-17T10:41:54+00:00\",\"dateModified\":\"2022-12-22T08:50:19+00:00\",\"description\":\"Benvenuti al Badl della Agriturismo Auer Sch\u00fcsslerhof a Lappago \/ Selva dei Molini. Valle aurina - tutto l'anno: primavera - estate - autunno - inverno -natale\",\"breadcrumb\":{\"@id\":\"https:\/\/schuesslerhof.com\/it\/agriturismo-prenotazione-trova-allogi-valle-aurina-lappago\/#breadcrumb\"},\"inLanguage\":\"it-IT\",\"potentialAction\":[{\"@type\":\"ReadAction\",\"target\":[\"https:\/\/schuesslerhof.com\/it\/agriturismo-prenotazione-trova-allogi-valle-aurina-lappago\/\"]}]},{\"@type\":\"BreadcrumbList\",\"@id\":\"https:\/\/schuesslerhof.com\/it\/agriturismo-prenotazione-trova-allogi-valle-aurina-lappago\/#breadcrumb\",\"itemListElement\":[{\"@type\":\"ListItem\",\"position\":1,\"name\":\"Home\",\"item\":\"https:\/\/schuesslerhof.com\/it\/\"},{\"@type\":\"ListItem\",\"position\":2,\"name\":\"Richiesta di prenotazione &#8211; Agriturismo Bad Sch\u00fcsslerhof\"}]},{\"@type\":\"WebSite\",\"@id\":\"https:\/\/schuesslerhof.com\/#website\",\"url\":\"https:\/\/schuesslerhof.com\/\",\"name\":\"Sch\u00fcsslerhof | Heu & Wasserb\u00e4der\",\"description\":\"Fam. Hartmann Auer - Lappach im M\u00fchlwaldertal: +39 0474 68 50 46\",\"publisher\":{\"@id\":\"https:\/\/schuesslerhof.com\/#organization\"},\"potentialAction\":[{\"@type\":\"SearchAction\",\"target\":{\"@type\":\"EntryPoint\",\"urlTemplate\":\"https:\/\/schuesslerhof.com\/?s={search_term_string}\"},\"query-input\":{\"@type\":\"PropertyValueSpecification\",\"valueRequired\":true,\"valueName\":\"search_term_string\"}}],\"inLanguage\":\"it-IT\"},{\"@type\":\"Organization\",\"@id\":\"https:\/\/schuesslerhof.com\/#organization\",\"name\":\"Bad Sch\u00fcsslerhof\",\"url\":\"https:\/\/schuesslerhof.com\/\",\"logo\":{\"@type\":\"ImageObject\",\"inLanguage\":\"it-IT\",\"@id\":\"https:\/\/schuesslerhof.com\/#\/schema\/logo\/image\/\",\"url\":\"https:\/\/schuesslerhof.com\/wp-content\/uploads\/2015\/03\/LOGO-255x150-e1425472092821.png\",\"contentUrl\":\"https:\/\/schuesslerhof.com\/wp-content\/uploads\/2015\/03\/LOGO-255x150-e1425472092821.png\",\"width\":170,\"height\":100,\"caption\":\"Bad Sch\u00fcsslerhof\"},\"image\":{\"@id\":\"https:\/\/schuesslerhof.com\/#\/schema\/logo\/image\/\"},\"sameAs\":[\"https:\/\/www.facebook.com\/pages\/Bad-Sch\u00fcsslerhof\/244659975642984?fref=ts\"]}]}<\/script>\n<!-- \/ Yoast SEO plugin. -->","yoast_head_json":{"title":"Vacanze Alto Adige, Agriturismo Alto Adige, Ferie in montagna","description":"Benvenuti al Badl della Agriturismo Auer Sch\u00fcsslerhof a Lappago \/ Selva dei Molini. Valle aurina - tutto l'anno: primavera - estate - autunno - inverno -natale","robots":{"index":"index","follow":"follow","max-snippet":"max-snippet:-1","max-image-preview":"max-image-preview:large","max-video-preview":"max-video-preview:-1"},"canonical":"https:\/\/schuesslerhof.com\/it\/agriturismo-prenotazione-trova-allogi-valle-aurina-lappago\/","og_locale":"it_IT","og_type":"article","og_title":"Vacanze Alto Adige, Agriturismo Alto Adige, Ferie in montagna","og_description":"Benvenuti al Badl della Agriturismo Auer Sch\u00fcsslerhof a Lappago \/ Selva dei Molini. Valle aurina - tutto l'anno: primavera - estate - autunno - inverno -natale","og_url":"https:\/\/schuesslerhof.com\/it\/agriturismo-prenotazione-trova-allogi-valle-aurina-lappago\/","og_site_name":"Sch\u00fcsslerhof | Heu & Wasserb\u00e4der","article_publisher":"https:\/\/www.facebook.com\/pages\/Bad-Sch%c3%bcsslerhof\/244659975642984?fref=ts","article_modified_time":"2022-12-22T08:50:19+00:00","twitter_misc":{"Tempo di lettura stimato":"1 minuto"},"schema":{"@context":"https:\/\/schema.org","@graph":[{"@type":"WebPage","@id":"https:\/\/schuesslerhof.com\/it\/agriturismo-prenotazione-trova-allogi-valle-aurina-lappago\/","url":"https:\/\/schuesslerhof.com\/it\/agriturismo-prenotazione-trova-allogi-valle-aurina-lappago\/","name":"Vacanze Alto Adige, Agriturismo Alto Adige, Ferie in montagna","isPartOf":{"@id":"https:\/\/schuesslerhof.com\/#website"},"datePublished":"2015-05-17T10:41:54+00:00","dateModified":"2022-12-22T08:50:19+00:00","description":"Benvenuti al Badl della Agriturismo Auer Sch\u00fcsslerhof a Lappago \/ Selva dei Molini. Valle aurina - tutto l'anno: primavera - estate - autunno - inverno -natale","breadcrumb":{"@id":"https:\/\/schuesslerhof.com\/it\/agriturismo-prenotazione-trova-allogi-valle-aurina-lappago\/#breadcrumb"},"inLanguage":"it-IT","potentialAction":[{"@type":"ReadAction","target":["https:\/\/schuesslerhof.com\/it\/agriturismo-prenotazione-trova-allogi-valle-aurina-lappago\/"]}]},{"@type":"BreadcrumbList","@id":"https:\/\/schuesslerhof.com\/it\/agriturismo-prenotazione-trova-allogi-valle-aurina-lappago\/#breadcrumb","itemListElement":[{"@type":"ListItem","position":1,"name":"Home","item":"https:\/\/schuesslerhof.com\/it\/"},{"@type":"ListItem","position":2,"name":"Richiesta di prenotazione &#8211; Agriturismo Bad Sch\u00fcsslerhof"}]},{"@type":"WebSite","@id":"https:\/\/schuesslerhof.com\/#website","url":"https:\/\/schuesslerhof.com\/","name":"Sch\u00fcsslerhof | Heu & Wasserb\u00e4der","description":"Fam. Hartmann Auer - Lappach im M\u00fchlwaldertal: +39 0474 68 50 46","publisher":{"@id":"https:\/\/schuesslerhof.com\/#organization"},"potentialAction":[{"@type":"SearchAction","target":{"@type":"EntryPoint","urlTemplate":"https:\/\/schuesslerhof.com\/?s={search_term_string}"},"query-input":{"@type":"PropertyValueSpecification","valueRequired":true,"valueName":"search_term_string"}}],"inLanguage":"it-IT"},{"@type":"Organization","@id":"https:\/\/schuesslerhof.com\/#organization","name":"Bad Sch\u00fcsslerhof","url":"https:\/\/schuesslerhof.com\/","logo":{"@type":"ImageObject","inLanguage":"it-IT","@id":"https:\/\/schuesslerhof.com\/#\/schema\/logo\/image\/","url":"https:\/\/schuesslerhof.com\/wp-content\/uploads\/2015\/03\/LOGO-255x150-e1425472092821.png","contentUrl":"https:\/\/schuesslerhof.com\/wp-content\/uploads\/2015\/03\/LOGO-255x150-e1425472092821.png","width":170,"height":100,"caption":"Bad Sch\u00fcsslerhof"},"image":{"@id":"https:\/\/schuesslerhof.com\/#\/schema\/logo\/image\/"},"sameAs":["https:\/\/www.facebook.com\/pages\/Bad-Sch\u00fcsslerhof\/244659975642984?fref=ts"]}]}},"_links":{"self":[{"href":"https:\/\/schuesslerhof.com\/it\/wp-json\/wp\/v2\/pages\/577"}],"collection":[{"href":"https:\/\/schuesslerhof.com\/it\/wp-json\/wp\/v2\/pages"}],"about":[{"href":"https:\/\/schuesslerhof.com\/it\/wp-json\/wp\/v2\/types\/page"}],"author":[{"embeddable":true,"href":"https:\/\/schuesslerhof.com\/it\/wp-json\/wp\/v2\/users\/1"}],"replies":[{"embeddable":true,"href":"https:\/\/schuesslerhof.com\/it\/wp-json\/wp\/v2\/comments?post=577"}],"version-history":[{"count":4,"href":"https:\/\/schuesslerhof.com\/it\/wp-json\/wp\/v2\/pages\/577\/revisions"}],"predecessor-version":[{"id":1526,"href":"https:\/\/schuesslerhof.com\/it\/wp-json\/wp\/v2\/pages\/577\/revisions\/1526"}],"wp:attachment":[{"href":"https:\/\/schuesslerhof.com\/it\/wp-json\/wp\/v2\/media?parent=577"}],"curies":[{"name":"wp","href":"https:\/\/api.w.org\/{rel}","templated":true}]}}