{"id":578,"date":"2015-05-17T12:25:47","date_gmt":"2015-05-17T10:25:47","guid":{"rendered":"http:\/\/schuesslerhof.com\/?page_id=578"},"modified":"2022-04-27T11:44:12","modified_gmt":"2022-04-27T09:44:12","slug":"primavera-montagna-alto-adige-lappago","status":"publish","type":"page","link":"https:\/\/schuesslerhof.com\/it\/primavera-montagna-alto-adige-lappago\/","title":{"rendered":"La primavera a Lappago"},"content":{"rendered":"[vc_row][vc_column][vc_column_text el_class=&#8221;seite_oben&#8221;]\n<h1>La primavera a Lappago<\/h1>\n[\/vc_column_text][vc_column_text]\u00e8 la stagione pi\u00f9 variopinta. L&#8217;inverno ci abbandona gradualmente, la neve si scioglie e scopre i prati della valle e degli alpeggi.<\/p>\n<p>Gi\u00e0 nel mese di maggio i prati si rivelano un mare di fiori di <strong>fieno<\/strong> ed <strong>erbe medicinali<\/strong>, nel mese di giugno, segue il primo taglio da foraggio chiamato <strong>maggengo.<\/strong> \u00c8 proprio con questo <strong>fieno ecologico alpestre<\/strong> che viziamo i nostri ospiti nel nostro \u201eBadl\u201c.<\/p>\n<div id=\"69e4cd7bde593\" rel=\"179\" data-gg-autoplay=\"auto\" class=\"gg_galleria_slider_wrap gg_galleria_slider_light gg_galleria_slider_show_thumbs  gg_galleria_responsive ggs_179\" style=\"width: 100%; \" data-asp-ratio=\"0.55\"><a href=\"https:\/\/schuesslerhof.com\/wp-content\/uploads\/2015\/03\/schuesslerhof-lappach-ahrntal-erholung-wandern-03.jpg\"><img decoding=\"async\" src=\"\/\/schuesslerhof.com\/wp-content\/uploads\/ewpt_cache\/60x40_100_1_c_FFFFFF_719b8309723e895c2058941e2fda5501.jpg\" data-big=\"https:\/\/schuesslerhof.com\/wp-content\/uploads\/2015\/03\/schuesslerhof-lappach-ahrntal-erholung-wandern-03.jpg\" data-description=\"\" alt=\"Skitouren im Hochgebirge ....\" \/><\/a><a href=\"https:\/\/schuesslerhof.com\/wp-content\/uploads\/2015\/06\/schuetzen-muehlwald-ahrntal-suedtirol-lappach.jpg\"><img decoding=\"async\" src=\"\/\/schuesslerhof.com\/wp-content\/uploads\/ewpt_cache\/60x40_100_1_c_FFFFFF_ce7ce4763b9aba99aebdbd917202a2df.jpg\" data-big=\"https:\/\/schuesslerhof.com\/wp-content\/uploads\/2015\/06\/schuetzen-muehlwald-ahrntal-suedtirol-lappach.jpg\" data-description=\"\" alt=\"Muehlwald - Lappach - Schuetzen\" \/><\/a><a href=\"https:\/\/schuesslerhof.com\/wp-content\/uploads\/2015\/03\/schuesslerhof-lappach-ahrntal-erholung-wandern-17.jpg\"><img decoding=\"async\" src=\"\/\/schuesslerhof.com\/wp-content\/uploads\/ewpt_cache\/60x40_100_1_c_FFFFFF_be02199c5d102deda10a1205a85db996.jpg\" data-big=\"https:\/\/schuesslerhof.com\/wp-content\/uploads\/2015\/03\/schuesslerhof-lappach-ahrntal-erholung-wandern-17.jpg\" data-description=\"\" alt=\"Blumen auf den Almen ....\" \/><\/a><a href=\"https:\/\/schuesslerhof.com\/wp-content\/uploads\/2015\/03\/schuesslerhof-lappach-ahrntal-erholung-wandern-21.jpg\"><img decoding=\"async\" src=\"\/\/schuesslerhof.com\/wp-content\/uploads\/ewpt_cache\/60x40_100_1_c_FFFFFF_747ced8411128f6b9dfe59bedad7d8c4.jpg\" data-big=\"https:\/\/schuesslerhof.com\/wp-content\/uploads\/2015\/03\/schuesslerhof-lappach-ahrntal-erholung-wandern-21.jpg\" data-description=\"\" alt=\"\" \/><\/a><a href=\"https:\/\/schuesslerhof.com\/wp-content\/uploads\/2015\/03\/schuesslerhof-lappach-ahrntal-erholung-wandern-04.jpg\"><img decoding=\"async\" src=\"\/\/schuesslerhof.com\/wp-content\/uploads\/ewpt_cache\/60x40_100_1_c_FFFFFF_6f6ca3a53bc08a4cedd521005b6abec8.jpg\" data-big=\"https:\/\/schuesslerhof.com\/wp-content\/uploads\/2015\/03\/schuesslerhof-lappach-ahrntal-erholung-wandern-04.jpg\" data-description=\"\" alt=\"K\u00fcchenschellen\" \/><\/a><a href=\"https:\/\/schuesslerhof.com\/wp-content\/uploads\/2015\/03\/schuesslerhof-lappach-ahrntal-erholung-wandern-01.jpg\"><img decoding=\"async\" src=\"\/\/schuesslerhof.com\/wp-content\/uploads\/ewpt_cache\/60x40_100_1_c_FFFFFF_bb1df6b4e7eb9cc0b1929bf7a55aaf05.jpg\" data-big=\"https:\/\/schuesslerhof.com\/wp-content\/uploads\/2015\/03\/schuesslerhof-lappach-ahrntal-erholung-wandern-01.jpg\" data-description=\"\" alt=\"\" \/><\/a><a href=\"https:\/\/schuesslerhof.com\/wp-content\/uploads\/2015\/03\/schuesslerhof-lappach-ahrntal-erholung-wandern-16.jpg\"><img decoding=\"async\" src=\"\/\/schuesslerhof.com\/wp-content\/uploads\/ewpt_cache\/60x40_100_1_c_FFFFFF_79ae2a362ec93a705d2a7e8f66a0cf84.jpg\" data-big=\"https:\/\/schuesslerhof.com\/wp-content\/uploads\/2015\/03\/schuesslerhof-lappach-ahrntal-erholung-wandern-16.jpg\" data-description=\"\" alt=\"Anemonen\" \/><\/a><a href=\"https:\/\/schuesslerhof.com\/wp-content\/uploads\/2015\/03\/schuesslerhof-lappach-ahrntal-erholung-wandern-06.jpg\"><img decoding=\"async\" src=\"\/\/schuesslerhof.com\/wp-content\/uploads\/ewpt_cache\/60x40_100_1_c_FFFFFF_63b3ca4e8c454be87ff9f98b0afa74fe.jpg\" data-big=\"https:\/\/schuesslerhof.com\/wp-content\/uploads\/2015\/03\/schuesslerhof-lappach-ahrntal-erholung-wandern-06.jpg\" data-description=\"\" alt=\"&quot;Schusternagerl&quot;\" \/><\/a><a href=\"https:\/\/schuesslerhof.com\/wp-content\/uploads\/2015\/03\/schuesslerhof-lappach-ahrntal-erholung-wandern-02.jpg\"><img decoding=\"async\" src=\"\/\/schuesslerhof.com\/wp-content\/uploads\/ewpt_cache\/60x40_100_1_c_FFFFFF_fb8af1ff705acc0da0b6a456af242006.jpg\" data-big=\"https:\/\/schuesslerhof.com\/wp-content\/uploads\/2015\/03\/schuesslerhof-lappach-ahrntal-erholung-wandern-02.jpg\" data-description=\"\" alt=\"Enzian\" \/><\/a><a href=\"https:\/\/schuesslerhof.com\/wp-content\/uploads\/2015\/03\/schuesslerhof-lappach-ahrntal-erholung-wandern-11.jpg\"><img decoding=\"async\" src=\"\/\/schuesslerhof.com\/wp-content\/uploads\/ewpt_cache\/60x40_100_1_c_FFFFFF_922bca7b9ec3812b135e2cde006441f8.jpg\" data-big=\"https:\/\/schuesslerhof.com\/wp-content\/uploads\/2015\/03\/schuesslerhof-lappach-ahrntal-erholung-wandern-11.jpg\" data-description=\"\" alt=\"... und sogar Orchideen &quot;Knabenkraut&quot;\" \/><\/a><a href=\"https:\/\/schuesslerhof.com\/wp-content\/uploads\/2015\/03\/schuesslerhof-lappach-ahrntal-erholung-wandern-18.jpg\"><img decoding=\"async\" src=\"\/\/schuesslerhof.com\/wp-content\/uploads\/ewpt_cache\/60x40_100_1_c_FFFFFF_e6abc81a3025aa514ff375532af55f4b.jpg\" data-big=\"https:\/\/schuesslerhof.com\/wp-content\/uploads\/2015\/03\/schuesslerhof-lappach-ahrntal-erholung-wandern-18.jpg\" data-description=\"\" alt=\"Vergi\u00dfmeinnicht und Sauerampfer\" \/><\/a><div style=\"clear: both;\"><\/div><\/div><script type=\"text\/javascript\"> jQuery(document).ready(function($) { if(typeof(gg_galleria_init) == \"function\") { gg_galleria_show(\"#69e4cd7bde593\");gg_galleria_init(\"#69e4cd7bde593\");}});<\/script>[\/vc_column_text][vc_empty_space height=&#8221;30px&#8221;][vc_column_text]La primavera \u00e8 anche <strong>piena stagione per gli escursionisti esperti <\/strong>e per lo<strong> scialpino<\/strong>. L&#8217;obiettivo ambito da questi \u00e8 il <strong>Grande M\u00f6seler<\/strong> che svetta al di sopra del Lago di Neves, uno dei tremila sul lato altoatesino delle Alpi Zillertal.<\/p>\n<p>I fondisti ad aprile troveranno la <strong>pista da fondo<\/strong> lungo la valle di Selva dei Molini ancora in buone condizioni. Gli <strong>impianti di risalita,<\/strong> il<strong> Monte Spicco<\/strong>, il <strong>Monte Chiusetta<\/strong> e il <strong>Plan de Corones<\/strong>, situati nelle immediate vicinanze, offriranno fino a met\u00e0 aprile un&#8217;immersione al <strong>sole primaverile<\/strong>.<\/p>\n<p>La primavera \u00e8 anche il periodo delle tradizionali e rituali feste ecclesiali quali, il battesimo, la prima comunione, la cresima, la Pentecoste, l&#8217;Ascensione e il Sacro Cuore di Ges\u00f9.<\/p>\n<p>Coloro che amano le antiche tradizioni, devono assolutamente programmare nelle loro vacanze la <strong>processione<\/strong> a Lappago o forse anche il Sacro Cuore di Ges\u00f9. Alla sera quando si f\u00e0 buio, le vette dei nostri monti vengono illuminate da fuochi e le case da caratteristici disegni ecclesiastici.<\/p>\n<p>Nella bella stagione un&#8217;esperienza con un tocco speciale.<\/p>\n<p>Maggio invita i nostri ospiti a visitare i <strong>percorsi tematici <\/strong>quali, l&#8217;acqua, le cascate presso la\u00a0 gola di Lappago, il <strong>Lago di Neves <\/strong>con l&#8217;escursione attorno al <strong>museo &#8220;Magia dell&#8217;acqua&#8221;<\/strong>. Le escursioni nella valle dell&#8217;acqua possono essere intraprese da soli o anche con le <strong>guide.<\/strong>[\/vc_column_text][\/vc_column][\/vc_row]\n","protected":false},"excerpt":{"rendered":"<p>[vc_row][vc_column][vc_column_text el_class=&#8221;seite_oben&#8221;] La primavera a Lappago [\/vc_column_text][vc_column_text]\u00e8 la stagione pi\u00f9 variopinta. L&#8217;inverno ci abbandona gradualmente, la neve si scioglie e scopre i prati della valle e degli alpeggi. Gi\u00e0 nel mese di maggio i prati si rivelano un mare di fiori di fieno ed erbe medicinali, nel mese di giugno, segue il primo taglio da [&hellip;]<\/p>\n","protected":false},"author":1,"featured_media":0,"parent":0,"menu_order":0,"comment_status":"closed","ping_status":"open","template":"","meta":{"footnotes":""},"class_list":["post-578","page","type-page","status-publish","hentry"],"yoast_head":"<!-- This site is optimized with the Yoast SEO plugin v23.6 - https:\/\/yoast.com\/wordpress\/plugins\/seo\/ -->\n<title>La primavera a Lappago - Vacanze Alto Adige - Valle Aurina<\/title>\n<meta name=\"description\" content=\"PRIMAVERA - Gi\u00e0 nel mese di maggio i prati si rivelano un mare di fiori di fieno ed erbe medicinali, nel mese di giugno, segue il primo taglio da foraggio ..\" \/>\n<meta name=\"robots\" content=\"index, follow, max-snippet:-1, max-image-preview:large, max-video-preview:-1\" \/>\n<link rel=\"canonical\" href=\"https:\/\/schuesslerhof.com\/it\/primavera-montagna-alto-adige-lappago\/\" \/>\n<meta property=\"og:locale\" content=\"it_IT\" \/>\n<meta property=\"og:type\" content=\"article\" \/>\n<meta property=\"og:title\" content=\"La primavera a Lappago - Vacanze Alto Adige - Valle Aurina\" \/>\n<meta property=\"og:description\" content=\"PRIMAVERA - Gi\u00e0 nel mese di maggio i prati si rivelano un mare di fiori di fieno ed erbe medicinali, nel mese di giugno, segue il primo taglio da foraggio ..\" \/>\n<meta property=\"og:url\" content=\"https:\/\/schuesslerhof.com\/it\/primavera-montagna-alto-adige-lappago\/\" \/>\n<meta property=\"og:site_name\" content=\"Sch\u00fcsslerhof | Heu &amp; Wasserb\u00e4der\" \/>\n<meta property=\"article:publisher\" content=\"https:\/\/www.facebook.com\/pages\/Bad-Sch%c3%bcsslerhof\/244659975642984?fref=ts\" \/>\n<meta property=\"article:modified_time\" content=\"2022-04-27T09:44:12+00:00\" \/>\n<meta name=\"twitter:label1\" content=\"Tempo di lettura stimato\" \/>\n\t<meta name=\"twitter:data1\" content=\"2 minuti\" \/>\n<script type=\"application\/ld+json\" class=\"yoast-schema-graph\">{\"@context\":\"https:\/\/schema.org\",\"@graph\":[{\"@type\":\"WebPage\",\"@id\":\"https:\/\/schuesslerhof.com\/it\/primavera-montagna-alto-adige-lappago\/\",\"url\":\"https:\/\/schuesslerhof.com\/it\/primavera-montagna-alto-adige-lappago\/\",\"name\":\"La primavera a Lappago - Vacanze Alto Adige - Valle Aurina\",\"isPartOf\":{\"@id\":\"https:\/\/schuesslerhof.com\/#website\"},\"datePublished\":\"2015-05-17T10:25:47+00:00\",\"dateModified\":\"2022-04-27T09:44:12+00:00\",\"description\":\"PRIMAVERA - Gi\u00e0 nel mese di maggio i prati si rivelano un mare di fiori di fieno ed erbe medicinali, nel mese di giugno, segue il primo taglio da foraggio ..\",\"breadcrumb\":{\"@id\":\"https:\/\/schuesslerhof.com\/it\/primavera-montagna-alto-adige-lappago\/#breadcrumb\"},\"inLanguage\":\"it-IT\",\"potentialAction\":[{\"@type\":\"ReadAction\",\"target\":[\"https:\/\/schuesslerhof.com\/it\/primavera-montagna-alto-adige-lappago\/\"]}]},{\"@type\":\"BreadcrumbList\",\"@id\":\"https:\/\/schuesslerhof.com\/it\/primavera-montagna-alto-adige-lappago\/#breadcrumb\",\"itemListElement\":[{\"@type\":\"ListItem\",\"position\":1,\"name\":\"Home\",\"item\":\"https:\/\/schuesslerhof.com\/it\/\"},{\"@type\":\"ListItem\",\"position\":2,\"name\":\"La primavera a Lappago\"}]},{\"@type\":\"WebSite\",\"@id\":\"https:\/\/schuesslerhof.com\/#website\",\"url\":\"https:\/\/schuesslerhof.com\/\",\"name\":\"Sch\u00fcsslerhof | Heu & Wasserb\u00e4der\",\"description\":\"Fam. Hartmann Auer - Lappach im M\u00fchlwaldertal: +39 0474 68 50 46\",\"publisher\":{\"@id\":\"https:\/\/schuesslerhof.com\/#organization\"},\"potentialAction\":[{\"@type\":\"SearchAction\",\"target\":{\"@type\":\"EntryPoint\",\"urlTemplate\":\"https:\/\/schuesslerhof.com\/?s={search_term_string}\"},\"query-input\":{\"@type\":\"PropertyValueSpecification\",\"valueRequired\":true,\"valueName\":\"search_term_string\"}}],\"inLanguage\":\"it-IT\"},{\"@type\":\"Organization\",\"@id\":\"https:\/\/schuesslerhof.com\/#organization\",\"name\":\"Bad Sch\u00fcsslerhof\",\"url\":\"https:\/\/schuesslerhof.com\/\",\"logo\":{\"@type\":\"ImageObject\",\"inLanguage\":\"it-IT\",\"@id\":\"https:\/\/schuesslerhof.com\/#\/schema\/logo\/image\/\",\"url\":\"https:\/\/schuesslerhof.com\/wp-content\/uploads\/2015\/03\/LOGO-255x150-e1425472092821.png\",\"contentUrl\":\"https:\/\/schuesslerhof.com\/wp-content\/uploads\/2015\/03\/LOGO-255x150-e1425472092821.png\",\"width\":170,\"height\":100,\"caption\":\"Bad Sch\u00fcsslerhof\"},\"image\":{\"@id\":\"https:\/\/schuesslerhof.com\/#\/schema\/logo\/image\/\"},\"sameAs\":[\"https:\/\/www.facebook.com\/pages\/Bad-Sch\u00fcsslerhof\/244659975642984?fref=ts\"]}]}<\/script>\n<!-- \/ Yoast SEO plugin. -->","yoast_head_json":{"title":"La primavera a Lappago - Vacanze Alto Adige - Valle Aurina","description":"PRIMAVERA - Gi\u00e0 nel mese di maggio i prati si rivelano un mare di fiori di fieno ed erbe medicinali, nel mese di giugno, segue il primo taglio da foraggio ..","robots":{"index":"index","follow":"follow","max-snippet":"max-snippet:-1","max-image-preview":"max-image-preview:large","max-video-preview":"max-video-preview:-1"},"canonical":"https:\/\/schuesslerhof.com\/it\/primavera-montagna-alto-adige-lappago\/","og_locale":"it_IT","og_type":"article","og_title":"La primavera a Lappago - Vacanze Alto Adige - Valle Aurina","og_description":"PRIMAVERA - Gi\u00e0 nel mese di maggio i prati si rivelano un mare di fiori di fieno ed erbe medicinali, nel mese di giugno, segue il primo taglio da foraggio ..","og_url":"https:\/\/schuesslerhof.com\/it\/primavera-montagna-alto-adige-lappago\/","og_site_name":"Sch\u00fcsslerhof | Heu & Wasserb\u00e4der","article_publisher":"https:\/\/www.facebook.com\/pages\/Bad-Sch%c3%bcsslerhof\/244659975642984?fref=ts","article_modified_time":"2022-04-27T09:44:12+00:00","twitter_misc":{"Tempo di lettura stimato":"2 minuti"},"schema":{"@context":"https:\/\/schema.org","@graph":[{"@type":"WebPage","@id":"https:\/\/schuesslerhof.com\/it\/primavera-montagna-alto-adige-lappago\/","url":"https:\/\/schuesslerhof.com\/it\/primavera-montagna-alto-adige-lappago\/","name":"La primavera a Lappago - Vacanze Alto Adige - Valle Aurina","isPartOf":{"@id":"https:\/\/schuesslerhof.com\/#website"},"datePublished":"2015-05-17T10:25:47+00:00","dateModified":"2022-04-27T09:44:12+00:00","description":"PRIMAVERA - Gi\u00e0 nel mese di maggio i prati si rivelano un mare di fiori di fieno ed erbe medicinali, nel mese di giugno, segue il primo taglio da foraggio ..","breadcrumb":{"@id":"https:\/\/schuesslerhof.com\/it\/primavera-montagna-alto-adige-lappago\/#breadcrumb"},"inLanguage":"it-IT","potentialAction":[{"@type":"ReadAction","target":["https:\/\/schuesslerhof.com\/it\/primavera-montagna-alto-adige-lappago\/"]}]},{"@type":"BreadcrumbList","@id":"https:\/\/schuesslerhof.com\/it\/primavera-montagna-alto-adige-lappago\/#breadcrumb","itemListElement":[{"@type":"ListItem","position":1,"name":"Home","item":"https:\/\/schuesslerhof.com\/it\/"},{"@type":"ListItem","position":2,"name":"La primavera a Lappago"}]},{"@type":"WebSite","@id":"https:\/\/schuesslerhof.com\/#website","url":"https:\/\/schuesslerhof.com\/","name":"Sch\u00fcsslerhof | Heu & Wasserb\u00e4der","description":"Fam. Hartmann Auer - Lappach im M\u00fchlwaldertal: +39 0474 68 50 46","publisher":{"@id":"https:\/\/schuesslerhof.com\/#organization"},"potentialAction":[{"@type":"SearchAction","target":{"@type":"EntryPoint","urlTemplate":"https:\/\/schuesslerhof.com\/?s={search_term_string}"},"query-input":{"@type":"PropertyValueSpecification","valueRequired":true,"valueName":"search_term_string"}}],"inLanguage":"it-IT"},{"@type":"Organization","@id":"https:\/\/schuesslerhof.com\/#organization","name":"Bad Sch\u00fcsslerhof","url":"https:\/\/schuesslerhof.com\/","logo":{"@type":"ImageObject","inLanguage":"it-IT","@id":"https:\/\/schuesslerhof.com\/#\/schema\/logo\/image\/","url":"https:\/\/schuesslerhof.com\/wp-content\/uploads\/2015\/03\/LOGO-255x150-e1425472092821.png","contentUrl":"https:\/\/schuesslerhof.com\/wp-content\/uploads\/2015\/03\/LOGO-255x150-e1425472092821.png","width":170,"height":100,"caption":"Bad Sch\u00fcsslerhof"},"image":{"@id":"https:\/\/schuesslerhof.com\/#\/schema\/logo\/image\/"},"sameAs":["https:\/\/www.facebook.com\/pages\/Bad-Sch\u00fcsslerhof\/244659975642984?fref=ts"]}]}},"_links":{"self":[{"href":"https:\/\/schuesslerhof.com\/it\/wp-json\/wp\/v2\/pages\/578"}],"collection":[{"href":"https:\/\/schuesslerhof.com\/it\/wp-json\/wp\/v2\/pages"}],"about":[{"href":"https:\/\/schuesslerhof.com\/it\/wp-json\/wp\/v2\/types\/page"}],"author":[{"embeddable":true,"href":"https:\/\/schuesslerhof.com\/it\/wp-json\/wp\/v2\/users\/1"}],"replies":[{"embeddable":true,"href":"https:\/\/schuesslerhof.com\/it\/wp-json\/wp\/v2\/comments?post=578"}],"version-history":[{"count":2,"href":"https:\/\/schuesslerhof.com\/it\/wp-json\/wp\/v2\/pages\/578\/revisions"}],"predecessor-version":[{"id":585,"href":"https:\/\/schuesslerhof.com\/it\/wp-json\/wp\/v2\/pages\/578\/revisions\/585"}],"wp:attachment":[{"href":"https:\/\/schuesslerhof.com\/it\/wp-json\/wp\/v2\/media?parent=578"}],"curies":[{"name":"wp","href":"https:\/\/api.w.org\/{rel}","templated":true}]}}