{"id":588,"date":"2015-05-17T12:55:01","date_gmt":"2015-05-17T10:55:01","guid":{"rendered":"http:\/\/schuesslerhof.com\/?page_id=588"},"modified":"2024-12-12T15:33:09","modified_gmt":"2024-12-12T14:33:09","slug":"agriturismo-badl-bad-schuesslerhof-informazione-legale","status":"publish","type":"page","link":"https:\/\/schuesslerhof.com\/it\/agriturismo-badl-bad-schuesslerhof-informazione-legale\/","title":{"rendered":"Informazione legale &#8211; Agriturismo Bad Sch\u00fcsslerhof"},"content":{"rendered":"<h2>INFORMAZIONE LEGALE<\/h2>\n<h3>Indicazione obbligatoria<\/h3>\n<h3>Agriturismo e Badl &#8211; Bad Sch\u00fcsslerhof<\/h3>\n<p><strong>Famiglia Auer Hartmann<\/strong><br \/>\n39030 Selva dei Molini \/ Lappago \u2013 Alto Adige \u2013 Italia<br \/>\nE-Mail: info@schuesslerhof.it<\/p>\n<p>Responsabile dei contenuti ai sensi del paragrafo 55, comma 2 RStV: Fam. Auer Hartmann<\/p>\n<p>CIN: IT021088B5B9VBS4ZS<\/p>\n<h3>Responsabilit\u00e1 civile:<\/h3>\n<p class=\"legal-org_responsabilit\">Nonostante un accurato controllo del contenuto, non ci assumiamo la responsabilit\u00e0 per il contenuto dei links esterni.<br \/>\nPer il contenuto dei links collegati sono responsabili esclusivamente i loro gestori.<\/p>\n<h2>INFORMATIVA AI SENSI DELL&#8217;ART. 13 DEL DECRETO LEGISLATIVO N. 196\/03A<\/h2>\n<p>Ai sensi dell&#8217;articolo 13 del decreto legislativo 30 giugno 2003, n. 196, La informiamo che i dati da Lei forniti verranno trattati nell&#8217;ambito della banca dati elettronica e\/o cartacea del Bad Sch\u00fcsselerhof\u00a0, nel rispetto di quanto stabilito dal decreto legislativo n. 196 sulla tutela dei dati personali.<\/p>\n<p>Il trattamento dei dati, di cui Le garantiamo la massima riservatezza, \u00e8 effettuata per le seguenti finalit\u00e0:<\/p>\n<ul>\n<li>compilazione della documentazione atta ad adempiere agli obblighi previsti dalla vigente normativa, e in particolare delle norme dei Testo Unico di Pubblica Sicurezza (schedine di notifica)<\/li>\n<li>sottoporre alla Sua attenzione materiale pubblicitario, cataloghi, newsletter, direct mailing, listini prezzo e quant\u2019altro inerente all\u2019attivit\u00e0 dell\u2019Albergo, nonch\u00e9 per tener La aggiornata sulle nostre iniziative e offerte promozionali.<\/li>\n<li>prenotazioni nei reparti beauty e benessere<\/li>\n<\/ul>\n<p>Il conferimento dei dati \u00e8 obbligatorio, in quanto previsto da uno specifico obbligo di legge e necessario per l&#8217;instaurazione del rapporto contrattuale. Ai fini del corretto trattamento dei dati \u00e8 necessario che l&#8217;interessato comunichi tempestivamente le eventuali variazioni dei dati forniti.<\/p>\n<p>La informiamo che i Suoi dati saranno comunicati esclusivamente all&#8217;Autorit\u00e0 di pubblica sicurezza, in adempimento del relativo obbligo di comunicazione di cui all\u2019articolo 109 del T.U.L.P.S.; al di fuori di tale ipotesi i Suoi dati non saranno comunicati o diffusi a terzi e saranno conservati per il periodo di tempo previsto dalla vigente normativa.<\/p>\n<p>In relazione al trattamento in oggetto potr\u00e0 esercitare i diritti di cui all&#8217;art. 7 del decreto legislativo 196\/03.<\/p>\n<h3>Famiglia Auer Hartmann<\/h3>\n<p>39030 Selva dei Molini \/ Lappago \u2013 Alto Adige \u2013 Italia<\/p>\n","protected":false},"excerpt":{"rendered":"<p>INFORMAZIONE LEGALE Indicazione obbligatoria Agriturismo e Badl &#8211; Bad Sch\u00fcsslerhof Famiglia Auer Hartmann 39030 Selva dei Molini \/ Lappago \u2013 Alto Adige \u2013 Italia E-Mail: info@schuesslerhof.it Responsabile dei contenuti ai sensi del paragrafo 55, comma 2 RStV: Fam. Auer Hartmann CIN: IT021088B5B9VBS4ZS Responsabilit\u00e1 civile: Nonostante un accurato controllo del contenuto, non ci assumiamo la responsabilit\u00e0 [&hellip;]<\/p>\n","protected":false},"author":1,"featured_media":0,"parent":0,"menu_order":0,"comment_status":"closed","ping_status":"open","template":"","meta":{"footnotes":""},"class_list":["post-588","page","type-page","status-publish","hentry"],"yoast_head":"<!-- This site is optimized with the Yoast SEO plugin v23.6 - https:\/\/yoast.com\/wordpress\/plugins\/seo\/ -->\n<title>Informazione legale - Agriturismo Bad Sch\u00fcsslerhof - Sch\u00fcsslerhof | Heu &amp; Wasserb\u00e4der<\/title>\n<meta name=\"robots\" content=\"index, follow, max-snippet:-1, max-image-preview:large, max-video-preview:-1\" \/>\n<link rel=\"canonical\" href=\"https:\/\/schuesslerhof.com\/it\/agriturismo-badl-bad-schuesslerhof-informazione-legale\/\" \/>\n<meta property=\"og:locale\" content=\"it_IT\" \/>\n<meta property=\"og:type\" content=\"article\" \/>\n<meta property=\"og:title\" content=\"Informazione legale - Agriturismo Bad Sch\u00fcsslerhof - Sch\u00fcsslerhof | Heu &amp; Wasserb\u00e4der\" \/>\n<meta property=\"og:description\" content=\"INFORMAZIONE LEGALE Indicazione obbligatoria Agriturismo e Badl &#8211; Bad Sch\u00fcsslerhof Famiglia Auer Hartmann 39030 Selva dei Molini \/ Lappago \u2013 Alto Adige \u2013 Italia E-Mail: info@schuesslerhof.it Responsabile dei contenuti ai sensi del paragrafo 55, comma 2 RStV: Fam. Auer Hartmann CIN: IT021088B5B9VBS4ZS Responsabilit\u00e1 civile: Nonostante un accurato controllo del contenuto, non ci assumiamo la responsabilit\u00e0 [&hellip;]\" \/>\n<meta property=\"og:url\" content=\"https:\/\/schuesslerhof.com\/it\/agriturismo-badl-bad-schuesslerhof-informazione-legale\/\" \/>\n<meta property=\"og:site_name\" content=\"Sch\u00fcsslerhof | Heu &amp; Wasserb\u00e4der\" \/>\n<meta property=\"article:publisher\" content=\"https:\/\/www.facebook.com\/pages\/Bad-Sch%c3%bcsslerhof\/244659975642984?fref=ts\" \/>\n<meta property=\"article:modified_time\" content=\"2024-12-12T14:33:09+00:00\" \/>\n<meta name=\"twitter:label1\" content=\"Tempo di lettura stimato\" \/>\n\t<meta name=\"twitter:data1\" content=\"2 minuti\" \/>\n<script type=\"application\/ld+json\" class=\"yoast-schema-graph\">{\"@context\":\"https:\/\/schema.org\",\"@graph\":[{\"@type\":\"WebPage\",\"@id\":\"https:\/\/schuesslerhof.com\/it\/agriturismo-badl-bad-schuesslerhof-informazione-legale\/\",\"url\":\"https:\/\/schuesslerhof.com\/it\/agriturismo-badl-bad-schuesslerhof-informazione-legale\/\",\"name\":\"Informazione legale - Agriturismo Bad Sch\u00fcsslerhof - Sch\u00fcsslerhof | Heu & Wasserb\u00e4der\",\"isPartOf\":{\"@id\":\"https:\/\/schuesslerhof.com\/#website\"},\"datePublished\":\"2015-05-17T10:55:01+00:00\",\"dateModified\":\"2024-12-12T14:33:09+00:00\",\"breadcrumb\":{\"@id\":\"https:\/\/schuesslerhof.com\/it\/agriturismo-badl-bad-schuesslerhof-informazione-legale\/#breadcrumb\"},\"inLanguage\":\"it-IT\",\"potentialAction\":[{\"@type\":\"ReadAction\",\"target\":[\"https:\/\/schuesslerhof.com\/it\/agriturismo-badl-bad-schuesslerhof-informazione-legale\/\"]}]},{\"@type\":\"BreadcrumbList\",\"@id\":\"https:\/\/schuesslerhof.com\/it\/agriturismo-badl-bad-schuesslerhof-informazione-legale\/#breadcrumb\",\"itemListElement\":[{\"@type\":\"ListItem\",\"position\":1,\"name\":\"Home\",\"item\":\"https:\/\/schuesslerhof.com\/it\/\"},{\"@type\":\"ListItem\",\"position\":2,\"name\":\"Informazione legale &#8211; Agriturismo Bad Sch\u00fcsslerhof\"}]},{\"@type\":\"WebSite\",\"@id\":\"https:\/\/schuesslerhof.com\/#website\",\"url\":\"https:\/\/schuesslerhof.com\/\",\"name\":\"Sch\u00fcsslerhof | Heu & Wasserb\u00e4der\",\"description\":\"Fam. Hartmann Auer - Lappach im M\u00fchlwaldertal: +39 0474 68 50 46\",\"publisher\":{\"@id\":\"https:\/\/schuesslerhof.com\/#organization\"},\"potentialAction\":[{\"@type\":\"SearchAction\",\"target\":{\"@type\":\"EntryPoint\",\"urlTemplate\":\"https:\/\/schuesslerhof.com\/?s={search_term_string}\"},\"query-input\":{\"@type\":\"PropertyValueSpecification\",\"valueRequired\":true,\"valueName\":\"search_term_string\"}}],\"inLanguage\":\"it-IT\"},{\"@type\":\"Organization\",\"@id\":\"https:\/\/schuesslerhof.com\/#organization\",\"name\":\"Bad Sch\u00fcsslerhof\",\"url\":\"https:\/\/schuesslerhof.com\/\",\"logo\":{\"@type\":\"ImageObject\",\"inLanguage\":\"it-IT\",\"@id\":\"https:\/\/schuesslerhof.com\/#\/schema\/logo\/image\/\",\"url\":\"https:\/\/schuesslerhof.com\/wp-content\/uploads\/2015\/03\/LOGO-255x150-e1425472092821.png\",\"contentUrl\":\"https:\/\/schuesslerhof.com\/wp-content\/uploads\/2015\/03\/LOGO-255x150-e1425472092821.png\",\"width\":170,\"height\":100,\"caption\":\"Bad Sch\u00fcsslerhof\"},\"image\":{\"@id\":\"https:\/\/schuesslerhof.com\/#\/schema\/logo\/image\/\"},\"sameAs\":[\"https:\/\/www.facebook.com\/pages\/Bad-Sch\u00fcsslerhof\/244659975642984?fref=ts\"]}]}<\/script>\n<!-- \/ Yoast SEO plugin. -->","yoast_head_json":{"title":"Informazione legale - Agriturismo Bad Sch\u00fcsslerhof - Sch\u00fcsslerhof | Heu & Wasserb\u00e4der","robots":{"index":"index","follow":"follow","max-snippet":"max-snippet:-1","max-image-preview":"max-image-preview:large","max-video-preview":"max-video-preview:-1"},"canonical":"https:\/\/schuesslerhof.com\/it\/agriturismo-badl-bad-schuesslerhof-informazione-legale\/","og_locale":"it_IT","og_type":"article","og_title":"Informazione legale - Agriturismo Bad Sch\u00fcsslerhof - Sch\u00fcsslerhof | Heu & Wasserb\u00e4der","og_description":"INFORMAZIONE LEGALE Indicazione obbligatoria Agriturismo e Badl &#8211; Bad Sch\u00fcsslerhof Famiglia Auer Hartmann 39030 Selva dei Molini \/ Lappago \u2013 Alto Adige \u2013 Italia E-Mail: info@schuesslerhof.it Responsabile dei contenuti ai sensi del paragrafo 55, comma 2 RStV: Fam. Auer Hartmann CIN: IT021088B5B9VBS4ZS Responsabilit\u00e1 civile: Nonostante un accurato controllo del contenuto, non ci assumiamo la responsabilit\u00e0 [&hellip;]","og_url":"https:\/\/schuesslerhof.com\/it\/agriturismo-badl-bad-schuesslerhof-informazione-legale\/","og_site_name":"Sch\u00fcsslerhof | Heu & Wasserb\u00e4der","article_publisher":"https:\/\/www.facebook.com\/pages\/Bad-Sch%c3%bcsslerhof\/244659975642984?fref=ts","article_modified_time":"2024-12-12T14:33:09+00:00","twitter_misc":{"Tempo di lettura stimato":"2 minuti"},"schema":{"@context":"https:\/\/schema.org","@graph":[{"@type":"WebPage","@id":"https:\/\/schuesslerhof.com\/it\/agriturismo-badl-bad-schuesslerhof-informazione-legale\/","url":"https:\/\/schuesslerhof.com\/it\/agriturismo-badl-bad-schuesslerhof-informazione-legale\/","name":"Informazione legale - Agriturismo Bad Sch\u00fcsslerhof - Sch\u00fcsslerhof | Heu & Wasserb\u00e4der","isPartOf":{"@id":"https:\/\/schuesslerhof.com\/#website"},"datePublished":"2015-05-17T10:55:01+00:00","dateModified":"2024-12-12T14:33:09+00:00","breadcrumb":{"@id":"https:\/\/schuesslerhof.com\/it\/agriturismo-badl-bad-schuesslerhof-informazione-legale\/#breadcrumb"},"inLanguage":"it-IT","potentialAction":[{"@type":"ReadAction","target":["https:\/\/schuesslerhof.com\/it\/agriturismo-badl-bad-schuesslerhof-informazione-legale\/"]}]},{"@type":"BreadcrumbList","@id":"https:\/\/schuesslerhof.com\/it\/agriturismo-badl-bad-schuesslerhof-informazione-legale\/#breadcrumb","itemListElement":[{"@type":"ListItem","position":1,"name":"Home","item":"https:\/\/schuesslerhof.com\/it\/"},{"@type":"ListItem","position":2,"name":"Informazione legale &#8211; Agriturismo Bad Sch\u00fcsslerhof"}]},{"@type":"WebSite","@id":"https:\/\/schuesslerhof.com\/#website","url":"https:\/\/schuesslerhof.com\/","name":"Sch\u00fcsslerhof | Heu & Wasserb\u00e4der","description":"Fam. Hartmann Auer - Lappach im M\u00fchlwaldertal: +39 0474 68 50 46","publisher":{"@id":"https:\/\/schuesslerhof.com\/#organization"},"potentialAction":[{"@type":"SearchAction","target":{"@type":"EntryPoint","urlTemplate":"https:\/\/schuesslerhof.com\/?s={search_term_string}"},"query-input":{"@type":"PropertyValueSpecification","valueRequired":true,"valueName":"search_term_string"}}],"inLanguage":"it-IT"},{"@type":"Organization","@id":"https:\/\/schuesslerhof.com\/#organization","name":"Bad Sch\u00fcsslerhof","url":"https:\/\/schuesslerhof.com\/","logo":{"@type":"ImageObject","inLanguage":"it-IT","@id":"https:\/\/schuesslerhof.com\/#\/schema\/logo\/image\/","url":"https:\/\/schuesslerhof.com\/wp-content\/uploads\/2015\/03\/LOGO-255x150-e1425472092821.png","contentUrl":"https:\/\/schuesslerhof.com\/wp-content\/uploads\/2015\/03\/LOGO-255x150-e1425472092821.png","width":170,"height":100,"caption":"Bad Sch\u00fcsslerhof"},"image":{"@id":"https:\/\/schuesslerhof.com\/#\/schema\/logo\/image\/"},"sameAs":["https:\/\/www.facebook.com\/pages\/Bad-Sch\u00fcsslerhof\/244659975642984?fref=ts"]}]}},"_links":{"self":[{"href":"https:\/\/schuesslerhof.com\/it\/wp-json\/wp\/v2\/pages\/588"}],"collection":[{"href":"https:\/\/schuesslerhof.com\/it\/wp-json\/wp\/v2\/pages"}],"about":[{"href":"https:\/\/schuesslerhof.com\/it\/wp-json\/wp\/v2\/types\/page"}],"author":[{"embeddable":true,"href":"https:\/\/schuesslerhof.com\/it\/wp-json\/wp\/v2\/users\/1"}],"replies":[{"embeddable":true,"href":"https:\/\/schuesslerhof.com\/it\/wp-json\/wp\/v2\/comments?post=588"}],"version-history":[{"count":4,"href":"https:\/\/schuesslerhof.com\/it\/wp-json\/wp\/v2\/pages\/588\/revisions"}],"predecessor-version":[{"id":1614,"href":"https:\/\/schuesslerhof.com\/it\/wp-json\/wp\/v2\/pages\/588\/revisions\/1614"}],"wp:attachment":[{"href":"https:\/\/schuesslerhof.com\/it\/wp-json\/wp\/v2\/media?parent=588"}],"curies":[{"name":"wp","href":"https:\/\/api.w.org\/{rel}","templated":true}]}}