{"id":601,"date":"2015-05-17T13:12:45","date_gmt":"2015-05-17T11:12:45","guid":{"rendered":"http:\/\/schuesslerhof.com\/?page_id=601"},"modified":"2024-03-19T11:54:35","modified_gmt":"2024-03-19T10:54:35","slug":"home","status":"publish","type":"page","link":"https:\/\/schuesslerhof.com\/it\/","title":{"rendered":"Home"},"content":{"rendered":"[vc_row][vc_column width=&#8221;5\/6&#8243;][vc_column_text]\n<h1>Monti, tradizione, acqua e fieno<\/h1>\n[\/vc_column_text][\/vc_column][vc_column width=&#8221;1\/12&#8243;][vc_empty_space height=&#8221;20px&#8221;][vc_column_text]\n<h3 style=\"text-align: center;\">Webcam<\/h3>\n[\/vc_column_text][\/vc_column][vc_column width=&#8221;1\/12&#8243;][vc_icon icon_fontawesome=&#8221;fas fa-video&#8221; color=&#8221;chino&#8221; background_style=&#8221;rounded-outline&#8221; background_color=&#8221;white&#8221; size=&#8221;lg&#8221; align=&#8221;center&#8221; link=&#8221;url:https%3A%2F%2Fwww.schuesslerhof.com%2Fwp-content%2Fwebcam%2Fschuesslerhof.jpg|title:Webcam%20Sch%C3%BCsslerhof|target:_blank&#8221;][\/vc_column][\/vc_row][vc_row][vc_column][rev_slider_vc alias=&#8221;main_sommer-it&#8221;][vc_column_text]Benvenuti al Badl della famiglia Auer Sch\u00fcsslerhof a Lappago \/ Selva dei Molini. Vi invitiamo ad essere nostri ospiti in un luogo tradizionale e allo stesso tempo idilliaco. Siamo lieti di servirLe piatti tradizionali, offrirLe camere silenziose e soleggiate e un salubre &#8220;Badl-bagno nel fieno&#8221;,opure se vuoi dare una mano e vedere come e la vita sull nostro maso.[\/vc_column_text][vc_column_text]<a href=\"\/wp-content\/uploads\/2024\/03\/Hofmappe_Schuesslerhof_IT.pdf\" class=\"su-button su-button-style-soft\" style=\"color:#FFFFFF;background-color:#d9c78d;border-color:#aea071;border-radius:7px\" target=\"_blank\" rel=\"noopener noreferrer\"><span style=\"color:#FFFFFF;padding:7px 20px;font-size:16px;line-height:24px;border-color:#e5d8b0;border-radius:7px;text-shadow:none\"><i class=\"sui sui-arrow-down\" style=\"font-size:16px;color:#FFFFFF\"><\/i> Scarica la nostra cartellina del maso<\/span><\/a>[\/vc_column_text][\/vc_column][\/vc_row]\n","protected":false},"excerpt":{"rendered":"<p>[vc_row][vc_column width=&#8221;5\/6&#8243;][vc_column_text] Monti, tradizione, acqua e fieno [\/vc_column_text][\/vc_column][vc_column width=&#8221;1\/12&#8243;][vc_empty_space height=&#8221;20px&#8221;][vc_column_text] Webcam [\/vc_column_text][\/vc_column][vc_column width=&#8221;1\/12&#8243;][vc_icon icon_fontawesome=&#8221;fas fa-video&#8221; color=&#8221;chino&#8221; background_style=&#8221;rounded-outline&#8221; background_color=&#8221;white&#8221; size=&#8221;lg&#8221; align=&#8221;center&#8221; link=&#8221;url:https%3A%2F%2Fwww.schuesslerhof.com%2Fwp-content%2Fwebcam%2Fschuesslerhof.jpg|title:Webcam%20Sch%C3%BCsslerhof|target:_blank&#8221;][\/vc_column][\/vc_row][vc_row][vc_column][rev_slider_vc alias=&#8221;main_sommer-it&#8221;][vc_column_text]Benvenuti al Badl della famiglia Auer Sch\u00fcsslerhof a Lappago \/ Selva dei Molini. Vi invitiamo ad essere nostri ospiti in un luogo tradizionale e allo stesso tempo idilliaco. Siamo lieti di servirLe piatti tradizionali, [&hellip;]<\/p>\n","protected":false},"author":1,"featured_media":0,"parent":0,"menu_order":0,"comment_status":"closed","ping_status":"open","template":"","meta":{"footnotes":""},"class_list":["post-601","page","type-page","status-publish","hentry"],"yoast_head":"<!-- This site is optimized with the Yoast SEO plugin v23.6 - https:\/\/yoast.com\/wordpress\/plugins\/seo\/ -->\n<title>Benvenuti al Badl della famiglia Auer Sch\u00fcsslerhof a Lappago<\/title>\n<meta name=\"description\" content=\"Benvenuti al Badl e Agriturismo della famiglia Auer a Lappago. Vi invitiamo ad essere nostri ospiti in un luogo tradizionale, allo stesso tempo idilliaco.\" \/>\n<meta name=\"robots\" content=\"index, follow, max-snippet:-1, max-image-preview:large, max-video-preview:-1\" \/>\n<link rel=\"canonical\" href=\"https:\/\/schuesslerhof.com\/it\/\" \/>\n<meta property=\"og:locale\" content=\"it_IT\" \/>\n<meta property=\"og:type\" content=\"article\" \/>\n<meta property=\"og:title\" content=\"Benvenuti al Badl della famiglia Auer Sch\u00fcsslerhof a Lappago\" \/>\n<meta property=\"og:description\" content=\"Benvenuti al Badl e Agriturismo della famiglia Auer a Lappago. Vi invitiamo ad essere nostri ospiti in un luogo tradizionale, allo stesso tempo idilliaco.\" \/>\n<meta property=\"og:url\" content=\"https:\/\/schuesslerhof.com\/it\/\" \/>\n<meta property=\"og:site_name\" content=\"Sch\u00fcsslerhof | Heu &amp; Wasserb\u00e4der\" \/>\n<meta property=\"article:publisher\" content=\"https:\/\/www.facebook.com\/pages\/Bad-Sch%c3%bcsslerhof\/244659975642984?fref=ts\" \/>\n<meta property=\"article:modified_time\" content=\"2024-03-19T10:54:35+00:00\" \/>\n<meta name=\"twitter:label1\" content=\"Tempo di lettura stimato\" \/>\n\t<meta name=\"twitter:data1\" content=\"1 minuto\" \/>\n<script type=\"application\/ld+json\" class=\"yoast-schema-graph\">{\"@context\":\"https:\/\/schema.org\",\"@graph\":[{\"@type\":\"WebPage\",\"@id\":\"https:\/\/schuesslerhof.com\/it\/\",\"url\":\"https:\/\/schuesslerhof.com\/it\/\",\"name\":\"Benvenuti al Badl della famiglia Auer Sch\u00fcsslerhof a Lappago\",\"isPartOf\":{\"@id\":\"https:\/\/schuesslerhof.com\/#website\"},\"datePublished\":\"2015-05-17T11:12:45+00:00\",\"dateModified\":\"2024-03-19T10:54:35+00:00\",\"description\":\"Benvenuti al Badl e Agriturismo della famiglia Auer a Lappago. Vi invitiamo ad essere nostri ospiti in un luogo tradizionale, allo stesso tempo idilliaco.\",\"breadcrumb\":{\"@id\":\"https:\/\/schuesslerhof.com\/it\/#breadcrumb\"},\"inLanguage\":\"it-IT\",\"potentialAction\":[{\"@type\":\"ReadAction\",\"target\":[\"https:\/\/schuesslerhof.com\/it\/\"]}]},{\"@type\":\"BreadcrumbList\",\"@id\":\"https:\/\/schuesslerhof.com\/it\/#breadcrumb\",\"itemListElement\":[{\"@type\":\"ListItem\",\"position\":1,\"name\":\"Home\",\"item\":\"https:\/\/schuesslerhof.com\/it\/\"},{\"@type\":\"ListItem\",\"position\":2,\"name\":\"Home\"}]},{\"@type\":\"WebSite\",\"@id\":\"https:\/\/schuesslerhof.com\/#website\",\"url\":\"https:\/\/schuesslerhof.com\/\",\"name\":\"Sch\u00fcsslerhof | Heu & Wasserb\u00e4der\",\"description\":\"Fam. Hartmann Auer - Lappach im M\u00fchlwaldertal: +39 0474 68 50 46\",\"publisher\":{\"@id\":\"https:\/\/schuesslerhof.com\/#organization\"},\"potentialAction\":[{\"@type\":\"SearchAction\",\"target\":{\"@type\":\"EntryPoint\",\"urlTemplate\":\"https:\/\/schuesslerhof.com\/?s={search_term_string}\"},\"query-input\":{\"@type\":\"PropertyValueSpecification\",\"valueRequired\":true,\"valueName\":\"search_term_string\"}}],\"inLanguage\":\"it-IT\"},{\"@type\":\"Organization\",\"@id\":\"https:\/\/schuesslerhof.com\/#organization\",\"name\":\"Bad Sch\u00fcsslerhof\",\"url\":\"https:\/\/schuesslerhof.com\/\",\"logo\":{\"@type\":\"ImageObject\",\"inLanguage\":\"it-IT\",\"@id\":\"https:\/\/schuesslerhof.com\/#\/schema\/logo\/image\/\",\"url\":\"https:\/\/schuesslerhof.com\/wp-content\/uploads\/2015\/03\/LOGO-255x150-e1425472092821.png\",\"contentUrl\":\"https:\/\/schuesslerhof.com\/wp-content\/uploads\/2015\/03\/LOGO-255x150-e1425472092821.png\",\"width\":170,\"height\":100,\"caption\":\"Bad Sch\u00fcsslerhof\"},\"image\":{\"@id\":\"https:\/\/schuesslerhof.com\/#\/schema\/logo\/image\/\"},\"sameAs\":[\"https:\/\/www.facebook.com\/pages\/Bad-Sch\u00fcsslerhof\/244659975642984?fref=ts\"]}]}<\/script>\n<!-- \/ Yoast SEO plugin. -->","yoast_head_json":{"title":"Benvenuti al Badl della famiglia Auer Sch\u00fcsslerhof a Lappago","description":"Benvenuti al Badl e Agriturismo della famiglia Auer a Lappago. Vi invitiamo ad essere nostri ospiti in un luogo tradizionale, allo stesso tempo idilliaco.","robots":{"index":"index","follow":"follow","max-snippet":"max-snippet:-1","max-image-preview":"max-image-preview:large","max-video-preview":"max-video-preview:-1"},"canonical":"https:\/\/schuesslerhof.com\/it\/","og_locale":"it_IT","og_type":"article","og_title":"Benvenuti al Badl della famiglia Auer Sch\u00fcsslerhof a Lappago","og_description":"Benvenuti al Badl e Agriturismo della famiglia Auer a Lappago. Vi invitiamo ad essere nostri ospiti in un luogo tradizionale, allo stesso tempo idilliaco.","og_url":"https:\/\/schuesslerhof.com\/it\/","og_site_name":"Sch\u00fcsslerhof | Heu & Wasserb\u00e4der","article_publisher":"https:\/\/www.facebook.com\/pages\/Bad-Sch%c3%bcsslerhof\/244659975642984?fref=ts","article_modified_time":"2024-03-19T10:54:35+00:00","twitter_misc":{"Tempo di lettura stimato":"1 minuto"},"schema":{"@context":"https:\/\/schema.org","@graph":[{"@type":"WebPage","@id":"https:\/\/schuesslerhof.com\/it\/","url":"https:\/\/schuesslerhof.com\/it\/","name":"Benvenuti al Badl della famiglia Auer Sch\u00fcsslerhof a Lappago","isPartOf":{"@id":"https:\/\/schuesslerhof.com\/#website"},"datePublished":"2015-05-17T11:12:45+00:00","dateModified":"2024-03-19T10:54:35+00:00","description":"Benvenuti al Badl e Agriturismo della famiglia Auer a Lappago. Vi invitiamo ad essere nostri ospiti in un luogo tradizionale, allo stesso tempo idilliaco.","breadcrumb":{"@id":"https:\/\/schuesslerhof.com\/it\/#breadcrumb"},"inLanguage":"it-IT","potentialAction":[{"@type":"ReadAction","target":["https:\/\/schuesslerhof.com\/it\/"]}]},{"@type":"BreadcrumbList","@id":"https:\/\/schuesslerhof.com\/it\/#breadcrumb","itemListElement":[{"@type":"ListItem","position":1,"name":"Home","item":"https:\/\/schuesslerhof.com\/it\/"},{"@type":"ListItem","position":2,"name":"Home"}]},{"@type":"WebSite","@id":"https:\/\/schuesslerhof.com\/#website","url":"https:\/\/schuesslerhof.com\/","name":"Sch\u00fcsslerhof | Heu & Wasserb\u00e4der","description":"Fam. Hartmann Auer - Lappach im M\u00fchlwaldertal: +39 0474 68 50 46","publisher":{"@id":"https:\/\/schuesslerhof.com\/#organization"},"potentialAction":[{"@type":"SearchAction","target":{"@type":"EntryPoint","urlTemplate":"https:\/\/schuesslerhof.com\/?s={search_term_string}"},"query-input":{"@type":"PropertyValueSpecification","valueRequired":true,"valueName":"search_term_string"}}],"inLanguage":"it-IT"},{"@type":"Organization","@id":"https:\/\/schuesslerhof.com\/#organization","name":"Bad Sch\u00fcsslerhof","url":"https:\/\/schuesslerhof.com\/","logo":{"@type":"ImageObject","inLanguage":"it-IT","@id":"https:\/\/schuesslerhof.com\/#\/schema\/logo\/image\/","url":"https:\/\/schuesslerhof.com\/wp-content\/uploads\/2015\/03\/LOGO-255x150-e1425472092821.png","contentUrl":"https:\/\/schuesslerhof.com\/wp-content\/uploads\/2015\/03\/LOGO-255x150-e1425472092821.png","width":170,"height":100,"caption":"Bad Sch\u00fcsslerhof"},"image":{"@id":"https:\/\/schuesslerhof.com\/#\/schema\/logo\/image\/"},"sameAs":["https:\/\/www.facebook.com\/pages\/Bad-Sch\u00fcsslerhof\/244659975642984?fref=ts"]}]}},"_links":{"self":[{"href":"https:\/\/schuesslerhof.com\/it\/wp-json\/wp\/v2\/pages\/601"}],"collection":[{"href":"https:\/\/schuesslerhof.com\/it\/wp-json\/wp\/v2\/pages"}],"about":[{"href":"https:\/\/schuesslerhof.com\/it\/wp-json\/wp\/v2\/types\/page"}],"author":[{"embeddable":true,"href":"https:\/\/schuesslerhof.com\/it\/wp-json\/wp\/v2\/users\/1"}],"replies":[{"embeddable":true,"href":"https:\/\/schuesslerhof.com\/it\/wp-json\/wp\/v2\/comments?post=601"}],"version-history":[{"count":5,"href":"https:\/\/schuesslerhof.com\/it\/wp-json\/wp\/v2\/pages\/601\/revisions"}],"predecessor-version":[{"id":1591,"href":"https:\/\/schuesslerhof.com\/it\/wp-json\/wp\/v2\/pages\/601\/revisions\/1591"}],"wp:attachment":[{"href":"https:\/\/schuesslerhof.com\/it\/wp-json\/wp\/v2\/media?parent=601"}],"curies":[{"name":"wp","href":"https:\/\/api.w.org\/{rel}","templated":true}]}}