{"id":605,"date":"2015-05-17T13:10:37","date_gmt":"2015-05-17T11:10:37","guid":{"rendered":"http:\/\/schuesslerhof.com\/?page_id=605"},"modified":"2021-06-01T16:55:38","modified_gmt":"2021-06-01T14:55:38","slug":"dove-siamo","status":"publish","type":"page","link":"https:\/\/schuesslerhof.com\/it\/dove-siamo\/","title":{"rendered":"Dove Siamo"},"content":{"rendered":"[vc_row][vc_column][vc_column_text]\n<h2>DOVE SIAMO<\/h2>\n<h1>Bad Sch\u00fcsslerhof<\/h1>\n<h4>AGRITURISMO &#8211; BADL<\/h4>\n<p><strong>Famiglia Auer Hartmann<\/strong><br \/>\n39030 Selva dei Molini \/ Lappago \u2013 Alto Adige \u2013 Italia<\/p>\n<p>Tel.: <strong>+39 3714385176<\/strong><\/p>\n<p><iframe loading=\"lazy\" style=\"border: 0;\" src=\"https:\/\/www.google.com\/maps\/embed?pb=!1m0!3m2!1sde!2sde!4v1418405460034!6m8!1m7!1s9fD6gCFIckTewOF46aB5kw!2m2!1d46.91920684470058!2d11.80290477753247!3f176.31678561899045!4f-2.8173617042015877!5f0.7820865974627469\" width=\"800\" height=\"550\" frameborder=\"0\"><\/iframe><\/p>\n<p>Siamo anche ragiungibile con i mezzi publici.che si fermono nell centro dell paese,pochi metri distante dalla nostra casa.Nella vicinanza si trova un piccolo negozio,un parco giochi,un parco kneipp e la chiesa.<\/p>\n<p>Scriveteci ci\u00f2 che intendete chiederci. Saremo lieti di darVi il benvenuto come ospiti nella nostra casa.[\/vc_column_text]\n<div class=\"wpcf7 no-js\" id=\"wpcf7-f623-o1\" lang=\"de-DE\" dir=\"ltr\">\n<div class=\"screen-reader-response\"><p role=\"status\" aria-live=\"polite\" aria-atomic=\"true\"><\/p> <ul><\/ul><\/div>\n<form action=\"\/it\/wp-json\/wp\/v2\/pages\/605#wpcf7-f623-o1\" method=\"post\" class=\"wpcf7-form init\" aria-label=\"Kontaktformular\" novalidate=\"novalidate\" data-status=\"init\">\n<div style=\"display: none;\">\n<input type=\"hidden\" name=\"_wpcf7\" value=\"623\" \/>\n<input type=\"hidden\" name=\"_wpcf7_version\" value=\"5.9.8\" \/>\n<input type=\"hidden\" name=\"_wpcf7_locale\" value=\"de_DE\" \/>\n<input type=\"hidden\" name=\"_wpcf7_unit_tag\" value=\"wpcf7-f623-o1\" \/>\n<input type=\"hidden\" name=\"_wpcf7_container_post\" value=\"0\" \/>\n<input type=\"hidden\" name=\"_wpcf7_posted_data_hash\" value=\"\" \/>\n<\/div>\n<table>\n\t<tr>\n\t\t<td>\n\t\t\t<p>Nome *:\n\t\t\t<\/p>\n\t\t<\/td>\n\t\t<td>\n\t\t\t<p><span class=\"wpcf7-form-control-wrap\" data-name=\"your-name\"><input size=\"40\" maxlength=\"400\" class=\"wpcf7-form-control wpcf7-text wpcf7-validates-as-required\" aria-required=\"true\" aria-invalid=\"false\" value=\"\" type=\"text\" name=\"your-name\" \/><\/span>\n\t\t\t<\/p>\n\t\t<\/td>\n\t<\/tr>\n\t<tr>\n\t\t<td>\n\t\t\t<p>Indirizzo mail *\n\t\t\t<\/p>\n\t\t<\/td>\n\t\t<td>\n\t\t\t<p><span class=\"wpcf7-form-control-wrap\" data-name=\"your-email\"><input size=\"40\" maxlength=\"400\" class=\"wpcf7-form-control wpcf7-email wpcf7-validates-as-required wpcf7-text wpcf7-validates-as-email\" aria-required=\"true\" aria-invalid=\"false\" value=\"\" type=\"email\" name=\"your-email\" \/><\/span>\n\t\t\t<\/p>\n\t\t<\/td>\n\t<\/tr>\n\t<tr>\n\t\t<td>\n\t\t\t<p>Riguardo\n\t\t\t<\/p>\n\t\t<\/td>\n\t\t<td>\n\t\t\t<p><span class=\"wpcf7-form-control-wrap\" data-name=\"your-subject\"><input size=\"40\" maxlength=\"400\" class=\"wpcf7-form-control wpcf7-text\" aria-invalid=\"false\" value=\"\" type=\"text\" name=\"your-subject\" \/><\/span>\n\t\t\t<\/p>\n\t\t<\/td>\n\t<\/tr>\n\t<tr>\n\t\t<td>\n\t\t\t<p>Messaggio:\n\t\t\t<\/p>\n\t\t<\/td>\n\t\t<td>\n\t\t\t<p><span class=\"wpcf7-form-control-wrap\" data-name=\"your-message\"><textarea cols=\"40\" rows=\"10\" maxlength=\"2000\" class=\"wpcf7-form-control wpcf7-textarea\" aria-invalid=\"false\" name=\"your-message\"><\/textarea><\/span>\n\t\t\t<\/p>\n\t\t<\/td>\n\t<\/tr>\n\t<tr>\n\t\t<td>\n\t\t\t<p><span class=\"wpcf7-form-control-wrap\" data-name=\"acceptance-208\"><span class=\"wpcf7-form-control wpcf7-acceptance\"><span class=\"wpcf7-list-item\"><label><input type=\"checkbox\" name=\"acceptance-208\" value=\"1\" aria-invalid=\"false\" \/><span class=\"wpcf7-list-item-label\">Consenso all'ulteriore trattamento dei dati<\/span><\/label><\/span><\/span><\/span>\n\t\t\t<\/p>\n\t\t<\/td>\n\t\t<td>\n\t\t<\/td>\n\t<\/tr>\n\t<tr>\n\t\t<td>\n\t\t<\/td>\n\t\t<td>\n\t\t\t<p><input class=\"wpcf7-form-control wpcf7-submit has-spinner\" type=\"submit\" value=\"Inviare\" \/>\n\t\t\t<\/p>\n\t\t<\/td>\n\t<\/tr>\n\t<tr>\n\t\t<td>\n\t\t\t<p><input type=\"hidden\" name=\"_wpcf7_captcha_challenge_captcha-468\" value=\"1160222501\" \/><img loading=\"lazy\" decoding=\"async\" class=\"wpcf7-form-control wpcf7-captchac wpcf7-captcha-captcha-468\" width=\"72\" height=\"24\" alt=\"captcha\" src=\"https:\/\/schuesslerhof.com\/wp-content\/uploads\/wpcf7_captcha\/1160222501.png\" \/>\n\t\t\t<\/p>\n\t\t<\/td>\n\t\t<td>\n\t\t\t<p><span class=\"wpcf7-form-control-wrap\" data-name=\"captcha-468\"><input size=\"40\" class=\"wpcf7-form-control wpcf7-captchar\" autocomplete=\"off\" aria-invalid=\"false\" value=\"\" type=\"text\" name=\"captcha-468\" \/><\/span>\n\t\t\t<\/p>\n\t\t<\/td>\n\t<\/tr>\n<\/table><div class=\"wpcf7-response-output\" aria-hidden=\"true\"><\/div>\n<\/form>\n<\/div>\n[\/vc_column][\/vc_row]\n","protected":false},"excerpt":{"rendered":"<p>[vc_row][vc_column][vc_column_text] DOVE SIAMO Bad Sch\u00fcsslerhof AGRITURISMO &#8211; BADL Famiglia Auer Hartmann 39030 Selva dei Molini \/ Lappago \u2013 Alto Adige \u2013 Italia Tel.: +39 3714385176 Siamo anche ragiungibile con i mezzi publici.che si fermono nell centro dell paese,pochi metri distante dalla nostra casa.Nella vicinanza si trova un piccolo negozio,un parco giochi,un parco kneipp e la [&hellip;]<\/p>\n","protected":false},"author":1,"featured_media":0,"parent":0,"menu_order":0,"comment_status":"closed","ping_status":"open","template":"","meta":{"footnotes":""},"class_list":["post-605","page","type-page","status-publish","hentry"],"yoast_head":"<!-- This site is optimized with the Yoast SEO plugin v23.6 - https:\/\/yoast.com\/wordpress\/plugins\/seo\/ -->\n<title>Dove Siamo - Sch\u00fcsslerhof | Heu &amp; Wasserb\u00e4der<\/title>\n<meta name=\"robots\" content=\"index, follow, max-snippet:-1, max-image-preview:large, max-video-preview:-1\" \/>\n<link rel=\"canonical\" href=\"https:\/\/schuesslerhof.com\/it\/dove-siamo\/\" \/>\n<meta property=\"og:locale\" content=\"it_IT\" \/>\n<meta property=\"og:type\" content=\"article\" \/>\n<meta property=\"og:title\" content=\"Dove Siamo - Sch\u00fcsslerhof | Heu &amp; Wasserb\u00e4der\" \/>\n<meta property=\"og:description\" content=\"[vc_row][vc_column][vc_column_text] DOVE SIAMO Bad Sch\u00fcsslerhof AGRITURISMO &#8211; BADL Famiglia Auer Hartmann 39030 Selva dei Molini \/ Lappago \u2013 Alto Adige \u2013 Italia Tel.: +39 3714385176 Siamo anche ragiungibile con i mezzi publici.che si fermono nell centro dell paese,pochi metri distante dalla nostra casa.Nella vicinanza si trova un piccolo negozio,un parco giochi,un parco kneipp e la [&hellip;]\" \/>\n<meta property=\"og:url\" content=\"https:\/\/schuesslerhof.com\/it\/dove-siamo\/\" \/>\n<meta property=\"og:site_name\" content=\"Sch\u00fcsslerhof | Heu &amp; Wasserb\u00e4der\" \/>\n<meta property=\"article:publisher\" content=\"https:\/\/www.facebook.com\/pages\/Bad-Sch%c3%bcsslerhof\/244659975642984?fref=ts\" \/>\n<meta property=\"article:modified_time\" content=\"2021-06-01T14:55:38+00:00\" \/>\n<meta name=\"twitter:label1\" content=\"Tempo di lettura stimato\" \/>\n\t<meta name=\"twitter:data1\" content=\"1 minuto\" \/>\n<script type=\"application\/ld+json\" class=\"yoast-schema-graph\">{\"@context\":\"https:\/\/schema.org\",\"@graph\":[{\"@type\":\"WebPage\",\"@id\":\"https:\/\/schuesslerhof.com\/it\/dove-siamo\/\",\"url\":\"https:\/\/schuesslerhof.com\/it\/dove-siamo\/\",\"name\":\"Dove Siamo - Sch\u00fcsslerhof | Heu & Wasserb\u00e4der\",\"isPartOf\":{\"@id\":\"https:\/\/schuesslerhof.com\/#website\"},\"datePublished\":\"2015-05-17T11:10:37+00:00\",\"dateModified\":\"2021-06-01T14:55:38+00:00\",\"breadcrumb\":{\"@id\":\"https:\/\/schuesslerhof.com\/it\/dove-siamo\/#breadcrumb\"},\"inLanguage\":\"it-IT\",\"potentialAction\":[{\"@type\":\"ReadAction\",\"target\":[\"https:\/\/schuesslerhof.com\/it\/dove-siamo\/\"]}]},{\"@type\":\"BreadcrumbList\",\"@id\":\"https:\/\/schuesslerhof.com\/it\/dove-siamo\/#breadcrumb\",\"itemListElement\":[{\"@type\":\"ListItem\",\"position\":1,\"name\":\"Home\",\"item\":\"https:\/\/schuesslerhof.com\/it\/\"},{\"@type\":\"ListItem\",\"position\":2,\"name\":\"Dove Siamo\"}]},{\"@type\":\"WebSite\",\"@id\":\"https:\/\/schuesslerhof.com\/#website\",\"url\":\"https:\/\/schuesslerhof.com\/\",\"name\":\"Sch\u00fcsslerhof | Heu & Wasserb\u00e4der\",\"description\":\"Fam. Hartmann Auer - Lappach im M\u00fchlwaldertal: +39 0474 68 50 46\",\"publisher\":{\"@id\":\"https:\/\/schuesslerhof.com\/#organization\"},\"potentialAction\":[{\"@type\":\"SearchAction\",\"target\":{\"@type\":\"EntryPoint\",\"urlTemplate\":\"https:\/\/schuesslerhof.com\/?s={search_term_string}\"},\"query-input\":{\"@type\":\"PropertyValueSpecification\",\"valueRequired\":true,\"valueName\":\"search_term_string\"}}],\"inLanguage\":\"it-IT\"},{\"@type\":\"Organization\",\"@id\":\"https:\/\/schuesslerhof.com\/#organization\",\"name\":\"Bad Sch\u00fcsslerhof\",\"url\":\"https:\/\/schuesslerhof.com\/\",\"logo\":{\"@type\":\"ImageObject\",\"inLanguage\":\"it-IT\",\"@id\":\"https:\/\/schuesslerhof.com\/#\/schema\/logo\/image\/\",\"url\":\"https:\/\/schuesslerhof.com\/wp-content\/uploads\/2015\/03\/LOGO-255x150-e1425472092821.png\",\"contentUrl\":\"https:\/\/schuesslerhof.com\/wp-content\/uploads\/2015\/03\/LOGO-255x150-e1425472092821.png\",\"width\":170,\"height\":100,\"caption\":\"Bad Sch\u00fcsslerhof\"},\"image\":{\"@id\":\"https:\/\/schuesslerhof.com\/#\/schema\/logo\/image\/\"},\"sameAs\":[\"https:\/\/www.facebook.com\/pages\/Bad-Sch\u00fcsslerhof\/244659975642984?fref=ts\"]}]}<\/script>\n<!-- \/ Yoast SEO plugin. -->","yoast_head_json":{"title":"Dove Siamo - Sch\u00fcsslerhof | Heu & Wasserb\u00e4der","robots":{"index":"index","follow":"follow","max-snippet":"max-snippet:-1","max-image-preview":"max-image-preview:large","max-video-preview":"max-video-preview:-1"},"canonical":"https:\/\/schuesslerhof.com\/it\/dove-siamo\/","og_locale":"it_IT","og_type":"article","og_title":"Dove Siamo - Sch\u00fcsslerhof | Heu & Wasserb\u00e4der","og_description":"[vc_row][vc_column][vc_column_text] DOVE SIAMO Bad Sch\u00fcsslerhof AGRITURISMO &#8211; BADL Famiglia Auer Hartmann 39030 Selva dei Molini \/ Lappago \u2013 Alto Adige \u2013 Italia Tel.: +39 3714385176 Siamo anche ragiungibile con i mezzi publici.che si fermono nell centro dell paese,pochi metri distante dalla nostra casa.Nella vicinanza si trova un piccolo negozio,un parco giochi,un parco kneipp e la [&hellip;]","og_url":"https:\/\/schuesslerhof.com\/it\/dove-siamo\/","og_site_name":"Sch\u00fcsslerhof | Heu & Wasserb\u00e4der","article_publisher":"https:\/\/www.facebook.com\/pages\/Bad-Sch%c3%bcsslerhof\/244659975642984?fref=ts","article_modified_time":"2021-06-01T14:55:38+00:00","twitter_misc":{"Tempo di lettura stimato":"1 minuto"},"schema":{"@context":"https:\/\/schema.org","@graph":[{"@type":"WebPage","@id":"https:\/\/schuesslerhof.com\/it\/dove-siamo\/","url":"https:\/\/schuesslerhof.com\/it\/dove-siamo\/","name":"Dove Siamo - Sch\u00fcsslerhof | Heu & Wasserb\u00e4der","isPartOf":{"@id":"https:\/\/schuesslerhof.com\/#website"},"datePublished":"2015-05-17T11:10:37+00:00","dateModified":"2021-06-01T14:55:38+00:00","breadcrumb":{"@id":"https:\/\/schuesslerhof.com\/it\/dove-siamo\/#breadcrumb"},"inLanguage":"it-IT","potentialAction":[{"@type":"ReadAction","target":["https:\/\/schuesslerhof.com\/it\/dove-siamo\/"]}]},{"@type":"BreadcrumbList","@id":"https:\/\/schuesslerhof.com\/it\/dove-siamo\/#breadcrumb","itemListElement":[{"@type":"ListItem","position":1,"name":"Home","item":"https:\/\/schuesslerhof.com\/it\/"},{"@type":"ListItem","position":2,"name":"Dove Siamo"}]},{"@type":"WebSite","@id":"https:\/\/schuesslerhof.com\/#website","url":"https:\/\/schuesslerhof.com\/","name":"Sch\u00fcsslerhof | Heu & Wasserb\u00e4der","description":"Fam. Hartmann Auer - Lappach im M\u00fchlwaldertal: +39 0474 68 50 46","publisher":{"@id":"https:\/\/schuesslerhof.com\/#organization"},"potentialAction":[{"@type":"SearchAction","target":{"@type":"EntryPoint","urlTemplate":"https:\/\/schuesslerhof.com\/?s={search_term_string}"},"query-input":{"@type":"PropertyValueSpecification","valueRequired":true,"valueName":"search_term_string"}}],"inLanguage":"it-IT"},{"@type":"Organization","@id":"https:\/\/schuesslerhof.com\/#organization","name":"Bad Sch\u00fcsslerhof","url":"https:\/\/schuesslerhof.com\/","logo":{"@type":"ImageObject","inLanguage":"it-IT","@id":"https:\/\/schuesslerhof.com\/#\/schema\/logo\/image\/","url":"https:\/\/schuesslerhof.com\/wp-content\/uploads\/2015\/03\/LOGO-255x150-e1425472092821.png","contentUrl":"https:\/\/schuesslerhof.com\/wp-content\/uploads\/2015\/03\/LOGO-255x150-e1425472092821.png","width":170,"height":100,"caption":"Bad Sch\u00fcsslerhof"},"image":{"@id":"https:\/\/schuesslerhof.com\/#\/schema\/logo\/image\/"},"sameAs":["https:\/\/www.facebook.com\/pages\/Bad-Sch\u00fcsslerhof\/244659975642984?fref=ts"]}]}},"_links":{"self":[{"href":"https:\/\/schuesslerhof.com\/it\/wp-json\/wp\/v2\/pages\/605"}],"collection":[{"href":"https:\/\/schuesslerhof.com\/it\/wp-json\/wp\/v2\/pages"}],"about":[{"href":"https:\/\/schuesslerhof.com\/it\/wp-json\/wp\/v2\/types\/page"}],"author":[{"embeddable":true,"href":"https:\/\/schuesslerhof.com\/it\/wp-json\/wp\/v2\/users\/1"}],"replies":[{"embeddable":true,"href":"https:\/\/schuesslerhof.com\/it\/wp-json\/wp\/v2\/comments?post=605"}],"version-history":[{"count":4,"href":"https:\/\/schuesslerhof.com\/it\/wp-json\/wp\/v2\/pages\/605\/revisions"}],"predecessor-version":[{"id":1442,"href":"https:\/\/schuesslerhof.com\/it\/wp-json\/wp\/v2\/pages\/605\/revisions\/1442"}],"wp:attachment":[{"href":"https:\/\/schuesslerhof.com\/it\/wp-json\/wp\/v2\/media?parent=605"}],"curies":[{"name":"wp","href":"https:\/\/api.w.org\/{rel}","templated":true}]}}