{"id":645,"date":"2015-05-17T18:31:11","date_gmt":"2015-05-17T16:31:11","guid":{"rendered":"http:\/\/schuesslerhof.com\/?page_id=645"},"modified":"2022-04-27T11:33:05","modified_gmt":"2022-04-27T09:33:05","slug":"l-autunno-montagna-alto-adige-agriturismo","status":"publish","type":"page","link":"https:\/\/schuesslerhof.com\/it\/l-autunno-montagna-alto-adige-agriturismo\/","title":{"rendered":"L&#8217; autunno a Lappago"},"content":{"rendered":"[vc_row][vc_column][vc_column_text el_class=&#8221;seite_oben&#8221;]\n<h1>L&#8217; autunno a Lappago<\/h1>\n[\/vc_column_text][vc_column_text]\n<p>\u00e8 un tripudio di colori &#8211; non importa dove si guarda. Le foglie e gli aghi dei pini colorano l&#8217;ambiente di innumerevoli sfumature &#8211; i prati e i muschi dicono addio al loro ricco verde. Il <strong>larice<\/strong> sembra prendere fuoco dopo la prima gelata.\u00a0<div id=\"69eca30fa811d\" rel=\"181\" data-gg-autoplay=\"auto\" class=\"gg_galleria_slider_wrap gg_galleria_slider_light gg_galleria_slider_show_thumbs  gg_galleria_responsive ggs_181\" style=\"width: 100%; \" data-asp-ratio=\"0.55\"><a href=\"https:\/\/schuesslerhof.com\/wp-content\/uploads\/2015\/06\/herbst-laubb\u00e4ume-lappach-ahrntal-suedtirol.jpg\"><img decoding=\"async\" src=\"\/\/schuesslerhof.com\/wp-content\/uploads\/ewpt_cache\/60x40_100_1_c_FFFFFF_b3ab65640213a06f741acffac9694943.jpg\" data-big=\"https:\/\/schuesslerhof.com\/wp-content\/uploads\/2015\/06\/herbst-laubb\u00e4ume-lappach-ahrntal-suedtirol.jpg\" data-description=\"\" alt=\"Indian Summer\" \/><\/a><a href=\"https:\/\/schuesslerhof.com\/wp-content\/uploads\/2015\/06\/herbst-see-muehlwald-lappach-ahrntal-suedtirol.jpg\"><img decoding=\"async\" src=\"\/\/schuesslerhof.com\/wp-content\/uploads\/ewpt_cache\/60x40_100_1_c_FFFFFF_162d1f1e83ab71c67cf26fa74776935b.jpg\" data-big=\"https:\/\/schuesslerhof.com\/wp-content\/uploads\/2015\/06\/herbst-see-muehlwald-lappach-ahrntal-suedtirol.jpg\" data-description=\"\" alt=\"Herbst am Wasser\" \/><\/a><a href=\"https:\/\/schuesslerhof.com\/wp-content\/uploads\/2015\/06\/herbst-laub-lappach-ahrntal-suedtirol.jpg\"><img decoding=\"async\" src=\"\/\/schuesslerhof.com\/wp-content\/uploads\/ewpt_cache\/60x40_100_1_c_FFFFFF_c9bff4f2c00297122266a03686b36564.jpg\" data-big=\"https:\/\/schuesslerhof.com\/wp-content\/uploads\/2015\/06\/herbst-laub-lappach-ahrntal-suedtirol.jpg\" data-description=\"\" alt=\"Herbststimmung in den Bergen\" \/><\/a><a href=\"\"><img decoding=\"async\" src=\"thumb creation failed\" data-big=\"\" data-description=\"\" alt=\"Schafabtrieb am Sch\u00fcsslerhof\" \/><\/a><a href=\"https:\/\/schuesslerhof.com\/wp-content\/uploads\/2015\/06\/herbst-schafabtrieb-lappach-ahrntal-suedtirol.jpg\"><img decoding=\"async\" src=\"\/\/schuesslerhof.com\/wp-content\/uploads\/ewpt_cache\/60x40_100_1_c_FFFFFF_384c7528a98e8c8778c8cba22bab316d.jpg\" data-big=\"https:\/\/schuesslerhof.com\/wp-content\/uploads\/2015\/06\/herbst-schafabtrieb-lappach-ahrntal-suedtirol.jpg\" data-description=\"\" alt=\"Schafabtrieb am Sch\u00fcsslerhof\" \/><\/a><a href=\"https:\/\/schuesslerhof.com\/wp-content\/uploads\/2015\/06\/Herbst-in-Suedtirol-Ahrntal-Muehlwald-Wengsee-gross.jpg\"><img decoding=\"async\" src=\"\/\/schuesslerhof.com\/wp-content\/uploads\/ewpt_cache\/60x40_100_1_c_FFFFFF_1a1a9d13e3b7999c2b0aebb7492450aa.jpg\" data-big=\"https:\/\/schuesslerhof.com\/wp-content\/uploads\/2015\/06\/Herbst-in-Suedtirol-Ahrntal-Muehlwald-Wengsee-gross.jpg\" data-description=\"\" alt=\"Wengsee\" \/><\/a><a href=\"https:\/\/schuesslerhof.com\/wp-content\/uploads\/2015\/03\/ahrntalersunnsatwegectouristinfo-ahrntal-gorfer235.jpg\"><img decoding=\"async\" src=\"\/\/schuesslerhof.com\/wp-content\/uploads\/ewpt_cache\/60x40_100_1_c_FFFFFF_3854d9a63216723f07c174caa60a529b.jpg\" data-big=\"https:\/\/schuesslerhof.com\/wp-content\/uploads\/2015\/03\/ahrntalersunnsatwegectouristinfo-ahrntal-gorfer235.jpg\" data-description=\"\" alt=\"Bereitmachen f\u00fcr den Winterschlaf\" \/><\/a><a href=\"https:\/\/schuesslerhof.com\/wp-content\/uploads\/2015\/03\/ahrntalersunnsatwegectouristinfo-ahrntal-gorfer253.jpg\"><img decoding=\"async\" src=\"\/\/schuesslerhof.com\/wp-content\/uploads\/ewpt_cache\/60x40_100_1_c_FFFFFF_d206f5157eff2b9cf86a2cb0287a3fcc.jpg\" data-big=\"https:\/\/schuesslerhof.com\/wp-content\/uploads\/2015\/03\/ahrntalersunnsatwegectouristinfo-ahrntal-gorfer253.jpg\" data-description=\"\" alt=\"Preiselbeerenernte\" \/><\/a><a href=\"https:\/\/schuesslerhof.com\/wp-content\/uploads\/2015\/03\/ahrntalersunnsatwegectouristinfo-ahrntal-gorfer43.jpg\"><img decoding=\"async\" src=\"\/\/schuesslerhof.com\/wp-content\/uploads\/ewpt_cache\/60x40_100_1_c_FFFFFF_fff1aa2d422a0baa8f4d0954d3f45154.jpg\" data-big=\"https:\/\/schuesslerhof.com\/wp-content\/uploads\/2015\/03\/ahrntalersunnsatwegectouristinfo-ahrntal-gorfer43.jpg\" data-description=\"\" alt=\"Der erste Schnee in den H\u00f6hen\" \/><\/a><div style=\"clear: both;\"><\/div><\/div><script type=\"text\/javascript\"> jQuery(document).ready(function($) { if(typeof(gg_galleria_init) == \"function\") { gg_galleria_show(\"#69eca30fa811d\");gg_galleria_init(\"#69eca30fa811d\");}});<\/script> <div class=\"su-spacer\" style=\"height:30px\"><\/div>\n<p><strong>L&#8217;aria \u00e8 limpida \u2013 l&#8217;orizzonte \u00e8 stupendo in autunno.<\/strong> Il sole splende e sembra emettere calore ed una luce giallastra e regala al panorama un volto adorabile. Si riesce ancora a godere della salita fino alla <strong>vetta<\/strong> e della vista panoramica dai <strong>sentieri d&#8217;alta quota<\/strong>. I pascoli si preparano all&#8217;arrivo dell&#8217;inverno. Ci si prepara alla <strong>transumanza.<\/strong> Le <strong>mucche<\/strong> e i vitelli rientrano in valle nelle stalle dei loro masi che vengono magnificamente decorate per la festa del rientro in valle. Alle mucche vengono appese delle enormi campane che con il loro suono rintona l&#8217;eco della valle. I masi preparano da giorni la transumanza chiamata &#8220;<strong>Kiokemma<\/strong>&#8220;. Per la famiglia del maso questa \u00e8 l&#8217;occasione di festeggiare con amici e vicini. Vengono preparati artigianalmente i &#8220;<strong>Hausnudln<\/strong>&#8221; ovvero dei gnochetti a base di farina e burro e altre prelibatezze tradizionali della zona.<\/p>\n<p>A <strong>Lappago<\/strong> le <strong>feste religiose<\/strong> hanno priorit\u00e0 su tutte le altre &#8211; le <strong>antiche tradizioni <\/strong>vengono mantenute come dalle loro origini &#8211; un pezzo di cultura rurale che d\u00e0 al paese e ai suoi abitanti un carattere speciale.<\/p>\n<p>In questo periodo si celebra la festa del <strong>Ringraziamento<\/strong> e prima che giunga l&#8217;inverno chiediamo a Cristo, mediante la <strong>processione contro le valanghe<\/strong>, che\u00a0 egli preserbi <strong>Lappago<\/strong> da questo incombente pericolo.[\/vc_column_text][\/vc_column][\/vc_row]\n","protected":false},"excerpt":{"rendered":"<p>[vc_row][vc_column][vc_column_text el_class=&#8221;seite_oben&#8221;] L&#8217; autunno a Lappago [\/vc_column_text][vc_column_text] \u00e8 un tripudio di colori &#8211; non importa dove si guarda. Le foglie e gli aghi dei pini colorano l&#8217;ambiente di innumerevoli sfumature &#8211; i prati e i muschi dicono addio al loro ricco verde. Il larice sembra prendere fuoco dopo la prima gelata.\u00a0 L&#8217;aria \u00e8 limpida \u2013 [&hellip;]<\/p>\n","protected":false},"author":1,"featured_media":0,"parent":0,"menu_order":0,"comment_status":"closed","ping_status":"open","template":"","meta":{"footnotes":""},"class_list":["post-645","page","type-page","status-publish","hentry"],"yoast_head":"<!-- This site is optimized with the Yoast SEO plugin v23.6 - https:\/\/yoast.com\/wordpress\/plugins\/seo\/ -->\n<title>L&#039; autunno a Lappago - Sch\u00fcsslerhof | Heu &amp; Wasserb\u00e4der<\/title>\n<meta name=\"robots\" content=\"index, follow, max-snippet:-1, max-image-preview:large, max-video-preview:-1\" \/>\n<link rel=\"canonical\" href=\"https:\/\/schuesslerhof.com\/it\/l-autunno-montagna-alto-adige-agriturismo\/\" \/>\n<meta property=\"og:locale\" content=\"it_IT\" \/>\n<meta property=\"og:type\" content=\"article\" \/>\n<meta property=\"og:title\" content=\"L&#039; autunno a Lappago - Sch\u00fcsslerhof | Heu &amp; Wasserb\u00e4der\" \/>\n<meta property=\"og:description\" content=\"[vc_row][vc_column][vc_column_text el_class=&#8221;seite_oben&#8221;] L&#8217; autunno a Lappago [\/vc_column_text][vc_column_text] \u00e8 un tripudio di colori &#8211; non importa dove si guarda. Le foglie e gli aghi dei pini colorano l&#8217;ambiente di innumerevoli sfumature &#8211; i prati e i muschi dicono addio al loro ricco verde. Il larice sembra prendere fuoco dopo la prima gelata.\u00a0 L&#8217;aria \u00e8 limpida \u2013 [&hellip;]\" \/>\n<meta property=\"og:url\" content=\"https:\/\/schuesslerhof.com\/it\/l-autunno-montagna-alto-adige-agriturismo\/\" \/>\n<meta property=\"og:site_name\" content=\"Sch\u00fcsslerhof | Heu &amp; Wasserb\u00e4der\" \/>\n<meta property=\"article:publisher\" content=\"https:\/\/www.facebook.com\/pages\/Bad-Sch%c3%bcsslerhof\/244659975642984?fref=ts\" \/>\n<meta property=\"article:modified_time\" content=\"2022-04-27T09:33:05+00:00\" \/>\n<meta name=\"twitter:label1\" content=\"Tempo di lettura stimato\" \/>\n\t<meta name=\"twitter:data1\" content=\"1 minuto\" \/>\n<script type=\"application\/ld+json\" class=\"yoast-schema-graph\">{\"@context\":\"https:\/\/schema.org\",\"@graph\":[{\"@type\":\"WebPage\",\"@id\":\"https:\/\/schuesslerhof.com\/it\/l-autunno-montagna-alto-adige-agriturismo\/\",\"url\":\"https:\/\/schuesslerhof.com\/it\/l-autunno-montagna-alto-adige-agriturismo\/\",\"name\":\"L' autunno a Lappago - Sch\u00fcsslerhof | Heu & Wasserb\u00e4der\",\"isPartOf\":{\"@id\":\"https:\/\/schuesslerhof.com\/#website\"},\"datePublished\":\"2015-05-17T16:31:11+00:00\",\"dateModified\":\"2022-04-27T09:33:05+00:00\",\"breadcrumb\":{\"@id\":\"https:\/\/schuesslerhof.com\/it\/l-autunno-montagna-alto-adige-agriturismo\/#breadcrumb\"},\"inLanguage\":\"it-IT\",\"potentialAction\":[{\"@type\":\"ReadAction\",\"target\":[\"https:\/\/schuesslerhof.com\/it\/l-autunno-montagna-alto-adige-agriturismo\/\"]}]},{\"@type\":\"BreadcrumbList\",\"@id\":\"https:\/\/schuesslerhof.com\/it\/l-autunno-montagna-alto-adige-agriturismo\/#breadcrumb\",\"itemListElement\":[{\"@type\":\"ListItem\",\"position\":1,\"name\":\"Home\",\"item\":\"https:\/\/schuesslerhof.com\/it\/\"},{\"@type\":\"ListItem\",\"position\":2,\"name\":\"L&#8216; autunno a Lappago\"}]},{\"@type\":\"WebSite\",\"@id\":\"https:\/\/schuesslerhof.com\/#website\",\"url\":\"https:\/\/schuesslerhof.com\/\",\"name\":\"Sch\u00fcsslerhof | Heu & Wasserb\u00e4der\",\"description\":\"Fam. Hartmann Auer - Lappach im M\u00fchlwaldertal: +39 0474 68 50 46\",\"publisher\":{\"@id\":\"https:\/\/schuesslerhof.com\/#organization\"},\"potentialAction\":[{\"@type\":\"SearchAction\",\"target\":{\"@type\":\"EntryPoint\",\"urlTemplate\":\"https:\/\/schuesslerhof.com\/?s={search_term_string}\"},\"query-input\":{\"@type\":\"PropertyValueSpecification\",\"valueRequired\":true,\"valueName\":\"search_term_string\"}}],\"inLanguage\":\"it-IT\"},{\"@type\":\"Organization\",\"@id\":\"https:\/\/schuesslerhof.com\/#organization\",\"name\":\"Bad Sch\u00fcsslerhof\",\"url\":\"https:\/\/schuesslerhof.com\/\",\"logo\":{\"@type\":\"ImageObject\",\"inLanguage\":\"it-IT\",\"@id\":\"https:\/\/schuesslerhof.com\/#\/schema\/logo\/image\/\",\"url\":\"https:\/\/schuesslerhof.com\/wp-content\/uploads\/2015\/03\/LOGO-255x150-e1425472092821.png\",\"contentUrl\":\"https:\/\/schuesslerhof.com\/wp-content\/uploads\/2015\/03\/LOGO-255x150-e1425472092821.png\",\"width\":170,\"height\":100,\"caption\":\"Bad Sch\u00fcsslerhof\"},\"image\":{\"@id\":\"https:\/\/schuesslerhof.com\/#\/schema\/logo\/image\/\"},\"sameAs\":[\"https:\/\/www.facebook.com\/pages\/Bad-Sch\u00fcsslerhof\/244659975642984?fref=ts\"]}]}<\/script>\n<!-- \/ Yoast SEO plugin. -->","yoast_head_json":{"title":"L' autunno a Lappago - Sch\u00fcsslerhof | Heu & Wasserb\u00e4der","robots":{"index":"index","follow":"follow","max-snippet":"max-snippet:-1","max-image-preview":"max-image-preview:large","max-video-preview":"max-video-preview:-1"},"canonical":"https:\/\/schuesslerhof.com\/it\/l-autunno-montagna-alto-adige-agriturismo\/","og_locale":"it_IT","og_type":"article","og_title":"L' autunno a Lappago - Sch\u00fcsslerhof | Heu & Wasserb\u00e4der","og_description":"[vc_row][vc_column][vc_column_text el_class=&#8221;seite_oben&#8221;] L&#8217; autunno a Lappago [\/vc_column_text][vc_column_text] \u00e8 un tripudio di colori &#8211; non importa dove si guarda. Le foglie e gli aghi dei pini colorano l&#8217;ambiente di innumerevoli sfumature &#8211; i prati e i muschi dicono addio al loro ricco verde. Il larice sembra prendere fuoco dopo la prima gelata.\u00a0 L&#8217;aria \u00e8 limpida \u2013 [&hellip;]","og_url":"https:\/\/schuesslerhof.com\/it\/l-autunno-montagna-alto-adige-agriturismo\/","og_site_name":"Sch\u00fcsslerhof | Heu & Wasserb\u00e4der","article_publisher":"https:\/\/www.facebook.com\/pages\/Bad-Sch%c3%bcsslerhof\/244659975642984?fref=ts","article_modified_time":"2022-04-27T09:33:05+00:00","twitter_misc":{"Tempo di lettura stimato":"1 minuto"},"schema":{"@context":"https:\/\/schema.org","@graph":[{"@type":"WebPage","@id":"https:\/\/schuesslerhof.com\/it\/l-autunno-montagna-alto-adige-agriturismo\/","url":"https:\/\/schuesslerhof.com\/it\/l-autunno-montagna-alto-adige-agriturismo\/","name":"L' autunno a Lappago - Sch\u00fcsslerhof | Heu & Wasserb\u00e4der","isPartOf":{"@id":"https:\/\/schuesslerhof.com\/#website"},"datePublished":"2015-05-17T16:31:11+00:00","dateModified":"2022-04-27T09:33:05+00:00","breadcrumb":{"@id":"https:\/\/schuesslerhof.com\/it\/l-autunno-montagna-alto-adige-agriturismo\/#breadcrumb"},"inLanguage":"it-IT","potentialAction":[{"@type":"ReadAction","target":["https:\/\/schuesslerhof.com\/it\/l-autunno-montagna-alto-adige-agriturismo\/"]}]},{"@type":"BreadcrumbList","@id":"https:\/\/schuesslerhof.com\/it\/l-autunno-montagna-alto-adige-agriturismo\/#breadcrumb","itemListElement":[{"@type":"ListItem","position":1,"name":"Home","item":"https:\/\/schuesslerhof.com\/it\/"},{"@type":"ListItem","position":2,"name":"L&#8216; autunno a Lappago"}]},{"@type":"WebSite","@id":"https:\/\/schuesslerhof.com\/#website","url":"https:\/\/schuesslerhof.com\/","name":"Sch\u00fcsslerhof | Heu & Wasserb\u00e4der","description":"Fam. Hartmann Auer - Lappach im M\u00fchlwaldertal: +39 0474 68 50 46","publisher":{"@id":"https:\/\/schuesslerhof.com\/#organization"},"potentialAction":[{"@type":"SearchAction","target":{"@type":"EntryPoint","urlTemplate":"https:\/\/schuesslerhof.com\/?s={search_term_string}"},"query-input":{"@type":"PropertyValueSpecification","valueRequired":true,"valueName":"search_term_string"}}],"inLanguage":"it-IT"},{"@type":"Organization","@id":"https:\/\/schuesslerhof.com\/#organization","name":"Bad Sch\u00fcsslerhof","url":"https:\/\/schuesslerhof.com\/","logo":{"@type":"ImageObject","inLanguage":"it-IT","@id":"https:\/\/schuesslerhof.com\/#\/schema\/logo\/image\/","url":"https:\/\/schuesslerhof.com\/wp-content\/uploads\/2015\/03\/LOGO-255x150-e1425472092821.png","contentUrl":"https:\/\/schuesslerhof.com\/wp-content\/uploads\/2015\/03\/LOGO-255x150-e1425472092821.png","width":170,"height":100,"caption":"Bad Sch\u00fcsslerhof"},"image":{"@id":"https:\/\/schuesslerhof.com\/#\/schema\/logo\/image\/"},"sameAs":["https:\/\/www.facebook.com\/pages\/Bad-Sch\u00fcsslerhof\/244659975642984?fref=ts"]}]}},"_links":{"self":[{"href":"https:\/\/schuesslerhof.com\/it\/wp-json\/wp\/v2\/pages\/645"}],"collection":[{"href":"https:\/\/schuesslerhof.com\/it\/wp-json\/wp\/v2\/pages"}],"about":[{"href":"https:\/\/schuesslerhof.com\/it\/wp-json\/wp\/v2\/types\/page"}],"author":[{"embeddable":true,"href":"https:\/\/schuesslerhof.com\/it\/wp-json\/wp\/v2\/users\/1"}],"replies":[{"embeddable":true,"href":"https:\/\/schuesslerhof.com\/it\/wp-json\/wp\/v2\/comments?post=645"}],"version-history":[{"count":3,"href":"https:\/\/schuesslerhof.com\/it\/wp-json\/wp\/v2\/pages\/645\/revisions"}],"predecessor-version":[{"id":1456,"href":"https:\/\/schuesslerhof.com\/it\/wp-json\/wp\/v2\/pages\/645\/revisions\/1456"}],"wp:attachment":[{"href":"https:\/\/schuesslerhof.com\/it\/wp-json\/wp\/v2\/media?parent=645"}],"curies":[{"name":"wp","href":"https:\/\/api.w.org\/{rel}","templated":true}]}}