{"id":647,"date":"2015-05-17T18:51:51","date_gmt":"2015-05-17T16:51:51","guid":{"rendered":"http:\/\/schuesslerhof.com\/?page_id=647"},"modified":"2022-04-27T11:34:38","modified_gmt":"2022-04-27T09:34:38","slug":"inverno-lappago-alto-adige-agriturismo","status":"publish","type":"page","link":"https:\/\/schuesslerhof.com\/it\/inverno-lappago-alto-adige-agriturismo\/","title":{"rendered":"L&#8217;inverno a Selva dei Molini e Lappago"},"content":{"rendered":"\n\t\t<style type=\"text\/css\">\n\t\t\t#gallery-1 {\n\t\t\t\tmargin: auto;\n\t\t\t}\n\t\t\t#gallery-1 .gallery-item {\n\t\t\t\tfloat: left;\n\t\t\t\tmargin-top: 10px;\n\t\t\t\ttext-align: center;\n\t\t\t\twidth: 33%;\n\t\t\t}\n\t\t\t#gallery-1 img {\n\t\t\t\tborder: 2px solid #cfcfcf;\n\t\t\t}\n\t\t\t#gallery-1 .gallery-caption {\n\t\t\t\tmargin-left: 0;\n\t\t\t}\n\t\t\t\/* see gallery_shortcode() in wp-includes\/media.php *\/\n\t\t<\/style>\n\t\t<div id='gallery-1' class='gallery galleryid-647 gallery-columns-3 gallery-size-thumbnail'><dl class='gallery-item'>\n\t\t\t<dt class='gallery-icon landscape'>\n\t\t\t\t<a title=\"OLYMPUS DIGITAL CAMERA\" href='https:\/\/schuesslerhof.com\/it\/olympus-digital-camera-4\/'><img loading=\"lazy\" decoding=\"async\" width=\"150\" height=\"150\" src=\"https:\/\/schuesslerhof.com\/wp-content\/uploads\/2015\/06\/winter-langlaufen-muehlwald-ahrntal-loipe-150x150.jpg\" class=\"attachment-thumbnail size-thumbnail\" alt=\"\" \/><\/a>\n\t\t\t<\/dt><\/dl><dl class='gallery-item'>\n\t\t\t<dt class='gallery-icon landscape'>\n\t\t\t\t<a title=\"speikboden-skifahren-ahrntal-suedtirol\" href='https:\/\/schuesslerhof.com\/it\/inverno-lappago-alto-adige-agriturismo\/speikboden-skifahren-ahrntal-suedtirol\/'><img loading=\"lazy\" decoding=\"async\" width=\"150\" height=\"150\" src=\"https:\/\/schuesslerhof.com\/wp-content\/uploads\/2015\/06\/speikboden-skifahren-ahrntal-suedtirol-150x150.jpg\" class=\"attachment-thumbnail size-thumbnail\" alt=\"\" \/><\/a>\n\t\t\t<\/dt><\/dl><dl class='gallery-item'>\n\t\t\t<dt class='gallery-icon landscape'>\n\t\t\t\t<a title=\"Wandern-freizeit-lappach-ahrntal-winterwandern\" href='https:\/\/schuesslerhof.com\/it\/wandern-freizeit-lappach-ahrntal-winterwandern\/'><img loading=\"lazy\" decoding=\"async\" width=\"150\" height=\"150\" src=\"https:\/\/schuesslerhof.com\/wp-content\/uploads\/2015\/06\/Wandern-freizeit-lappach-ahrntal-winterwandern-150x150.jpg\" class=\"attachment-thumbnail size-thumbnail\" alt=\"\" \/><\/a>\n\t\t\t<\/dt><\/dl><br style=\"clear: both\" \/><dl class='gallery-item'>\n\t\t\t<dt class='gallery-icon landscape'>\n\t\t\t\t<a title=\"speikboden-funpark-ahrntal-suedtirol\" href='https:\/\/schuesslerhof.com\/it\/inverno-lappago-alto-adige-agriturismo\/speikboden-funpark-ahrntal-suedtirol\/'><img loading=\"lazy\" decoding=\"async\" width=\"150\" height=\"150\" src=\"https:\/\/schuesslerhof.com\/wp-content\/uploads\/2015\/06\/speikboden-funpark-ahrntal-suedtirol-150x150.jpg\" class=\"attachment-thumbnail size-thumbnail\" alt=\"speikboden-funpark-ahrntal-suedtirol\" \/><\/a>\n\t\t\t<\/dt><\/dl><dl class='gallery-item'>\n\t\t\t<dt class='gallery-icon landscape'>\n\t\t\t\t<a title=\"Schneeschuhwanderung-zoesen-lappach-muehlwald-ahrntal\" href='https:\/\/schuesslerhof.com\/it\/inverno-lappago-alto-adige-agriturismo\/schneeschuhwanderung-zoesen-lappach-muehlwald-ahrntal\/'><img loading=\"lazy\" decoding=\"async\" width=\"150\" height=\"150\" src=\"https:\/\/schuesslerhof.com\/wp-content\/uploads\/2015\/06\/Schneeschuhwanderung-zoesen-lappach-muehlwald-ahrntal-150x150.jpg\" class=\"attachment-thumbnail size-thumbnail\" alt=\"\" \/><\/a>\n\t\t\t<\/dt><\/dl><dl class='gallery-item'>\n\t\t\t<dt class='gallery-icon landscape'>\n\t\t\t\t<a title=\"Rodeln\" href='https:\/\/schuesslerhof.com\/it\/inverno-lappago-alto-adige-agriturismo\/olympus-digital-camera\/'><img loading=\"lazy\" decoding=\"async\" width=\"150\" height=\"150\" src=\"https:\/\/schuesslerhof.com\/wp-content\/uploads\/2015\/06\/rodeln-muehlwald-speikboden-ahrntal-150x150.jpg\" class=\"attachment-thumbnail size-thumbnail\" alt=\"\" \/><\/a>\n\t\t\t<\/dt><\/dl><br style=\"clear: both\" \/>\n\t\t<\/div>\n\n<p>&nbsp;<\/p>\n[vc_row][vc_column][vc_column_text el_class=&#8221;seite_oben&#8221;]\n<h1>L&#8217;inverno a Selva dei Molini e Lappago<\/h1>\n[\/vc_column_text][vc_column_text]\n<p>Praticamente un <strong>paesaggio invernale incantato<\/strong> &#8211; un inverno da favola.\u00a0\u00a0<div id=\"69e1fe8d677bb\" rel=\"182\" data-gg-autoplay=\"auto\" class=\"gg_galleria_slider_wrap gg_galleria_slider_light gg_galleria_slider_show_thumbs  gg_galleria_responsive ggs_182\" style=\"width: 100%; \" data-asp-ratio=\"0.55\"><a href=\"https:\/\/schuesslerhof.com\/wp-content\/uploads\/2015\/03\/lappach-bad-schuesslerhof-wintertraum.jpg\"><img decoding=\"async\" src=\"\/\/schuesslerhof.com\/wp-content\/uploads\/ewpt_cache\/60x40_100_1_c_FFFFFF_3f1624ae5401bda4b52a813e6f22b1da.jpg\" data-big=\"https:\/\/schuesslerhof.com\/wp-content\/uploads\/2015\/03\/lappach-bad-schuesslerhof-wintertraum.jpg\" data-description=\"\" alt=\"Ein Winter in Lappach ...\" \/><\/a><a href=\"https:\/\/schuesslerhof.com\/wp-content\/uploads\/2015\/03\/schuesslerhof-lappach-winter-impreesionen-ahrntal-01-e1425568729185.jpg\"><img decoding=\"async\" src=\"\/\/schuesslerhof.com\/wp-content\/uploads\/ewpt_cache\/60x40_100_1_c_FFFFFF_4ecfb7a0d5dda6822f0a0d39084a0d98.jpg\" data-big=\"https:\/\/schuesslerhof.com\/wp-content\/uploads\/2015\/03\/schuesslerhof-lappach-winter-impreesionen-ahrntal-01-e1425568729185.jpg\" data-description=\"\" alt=\"...verw\u00f6hnt uns mit ...\" \/><\/a><a href=\"https:\/\/schuesslerhof.com\/wp-content\/uploads\/2015\/03\/schuesslerhof-lappach-winter-impreesionen-ahrntal-04.jpg\"><img decoding=\"async\" src=\"\/\/schuesslerhof.com\/wp-content\/uploads\/ewpt_cache\/60x40_100_1_c_FFFFFF_c9c12dc8d7196ea2c0ae917add5b7242.jpg\" data-big=\"https:\/\/schuesslerhof.com\/wp-content\/uploads\/2015\/03\/schuesslerhof-lappach-winter-impreesionen-ahrntal-04.jpg\" data-description=\"\" alt=\"Winterwanderungen auf Waldwegen...\" \/><\/a><a href=\"https:\/\/schuesslerhof.com\/wp-content\/uploads\/2015\/03\/schuesslerhof-arhrntal-skitouren-winterspass.jpg\"><img decoding=\"async\" src=\"\/\/schuesslerhof.com\/wp-content\/uploads\/ewpt_cache\/60x40_100_1_c_FFFFFF_421003ae191a5c4b6e96fdcb17d035d8.jpg\" data-big=\"https:\/\/schuesslerhof.com\/wp-content\/uploads\/2015\/03\/schuesslerhof-arhrntal-skitouren-winterspass.jpg\" data-description=\"\" alt=\"... oder bei Skitouren im Hochgebirge\" \/><\/a><a href=\"https:\/\/schuesslerhof.com\/wp-content\/uploads\/2015\/03\/Tamarix-Sunkid-Tunnel.jpg\"><img decoding=\"async\" src=\"\/\/schuesslerhof.com\/wp-content\/uploads\/ewpt_cache\/60x40_100_1_c_FFFFFF_a75c523b1b75f39cb7936070248be85a.jpg\" data-big=\"https:\/\/schuesslerhof.com\/wp-content\/uploads\/2015\/03\/Tamarix-Sunkid-Tunnel.jpg\" data-description=\"\" alt=\"Spa\u00df f\u00fcr Familien im Tamarix-Family-Park \/ Skif\u00f6rderband\" \/><\/a><a href=\"https:\/\/schuesslerhof.com\/wp-content\/uploads\/2015\/03\/schafe-wintereinbruch-2014.jpg\"><img decoding=\"async\" src=\"\/\/schuesslerhof.com\/wp-content\/uploads\/ewpt_cache\/60x40_100_1_c_FFFFFF_5ba70e0df1e427a9aa735e9d4f3f70e1.jpg\" data-big=\"https:\/\/schuesslerhof.com\/wp-content\/uploads\/2015\/03\/schafe-wintereinbruch-2014.jpg\" data-description=\"\" alt=\"Wintereinbruch\" \/><\/a><a href=\"https:\/\/schuesslerhof.com\/wp-content\/uploads\/2015\/03\/winterabend-neu.jpg\"><img decoding=\"async\" src=\"\/\/schuesslerhof.com\/wp-content\/uploads\/ewpt_cache\/60x40_100_1_c_FFFFFF_0d495aa01f950dc3564b494e21b09234.jpg\" data-big=\"https:\/\/schuesslerhof.com\/wp-content\/uploads\/2015\/03\/winterabend-neu.jpg\" data-description=\"\" alt=\"Winterstimmung\" \/><\/a><div style=\"clear: both;\"><\/div><\/div><script type=\"text\/javascript\"> jQuery(document).ready(function($) { if(typeof(gg_galleria_init) == \"function\") { gg_galleria_show(\"#69e1fe8d677bb\");gg_galleria_init(\"#69e1fe8d677bb\");}});<\/script>[\/vc_column_text][vc_empty_space height=&#8221;30px&#8221;][vc_column_text]L&#8217;<strong>inverno<\/strong> fa visita a Lappago gi\u00e0 a tardo autunno. Nella maggior parte dei casi il paesaggio rimane innevato fino a met\u00e0 marzo. Sentieri escursionistici invernali e piste da fondo invitano &#8211; ora di sperimentare il silenzio &#8211; un fascino particolare nel nostro mondo frenetico d&#8217;oggi. Gli avventurieri intraprendono sui sentieri incontaminati delle nostre zone, le loro prime escursioni con gli <strong>sci d&#8217;alpinismo<\/strong> o con le <strong>ciaspole.<\/strong><\/p>\n<p>Obiettivi da non perdere sono il Plan de Corones, il monte Chiusetta e il Monte Spicco, inclusi i divertimenti esclusivi nei loro parchi e gli Apres Ski.<\/p>\n<p>Le famiglie non possono perdersi il Tamarix Family Park e i mini sci club, che offrono un programma molto vario. Pattinaggio su ghiaccio, slittino e il curling sono anche sport popolari di queste zone.\u00a0[\/vc_column_text][\/vc_column][\/vc_row]\n","protected":false},"excerpt":{"rendered":"<p>&nbsp; [vc_row][vc_column][vc_column_text el_class=&#8221;seite_oben&#8221;] L&#8217;inverno a Selva dei Molini e Lappago [\/vc_column_text][vc_column_text] Praticamente un paesaggio invernale incantato &#8211; un inverno da favola.\u00a0\u00a0[\/vc_column_text][vc_empty_space height=&#8221;30px&#8221;][vc_column_text]L&#8217;inverno fa visita a Lappago gi\u00e0 a tardo autunno. Nella maggior parte dei casi il paesaggio rimane innevato fino a met\u00e0 marzo. Sentieri escursionistici invernali e piste da fondo invitano &#8211; ora di sperimentare [&hellip;]<\/p>\n","protected":false},"author":1,"featured_media":0,"parent":0,"menu_order":0,"comment_status":"closed","ping_status":"open","template":"","meta":{"footnotes":""},"class_list":["post-647","page","type-page","status-publish","hentry"],"yoast_head":"<!-- This site is optimized with the Yoast SEO plugin v23.6 - https:\/\/yoast.com\/wordpress\/plugins\/seo\/ -->\n<title>L&#039;inverno a Selva dei Molini e Lappago - Sch\u00fcsslerhof | Heu &amp; Wasserb\u00e4der<\/title>\n<meta name=\"description\" content=\"L`inverno a Selva dei Molini e Lappago\" \/>\n<meta name=\"robots\" content=\"index, follow, max-snippet:-1, max-image-preview:large, max-video-preview:-1\" \/>\n<link rel=\"canonical\" href=\"https:\/\/schuesslerhof.com\/it\/inverno-lappago-alto-adige-agriturismo\/\" \/>\n<meta property=\"og:locale\" content=\"it_IT\" \/>\n<meta property=\"og:type\" content=\"article\" \/>\n<meta property=\"og:title\" content=\"L&#039;inverno a Selva dei Molini e Lappago - Sch\u00fcsslerhof | Heu &amp; Wasserb\u00e4der\" \/>\n<meta property=\"og:description\" content=\"L`inverno a Selva dei Molini e Lappago\" \/>\n<meta property=\"og:url\" content=\"https:\/\/schuesslerhof.com\/it\/inverno-lappago-alto-adige-agriturismo\/\" \/>\n<meta property=\"og:site_name\" content=\"Sch\u00fcsslerhof | Heu &amp; Wasserb\u00e4der\" \/>\n<meta property=\"article:publisher\" content=\"https:\/\/www.facebook.com\/pages\/Bad-Sch%c3%bcsslerhof\/244659975642984?fref=ts\" \/>\n<meta property=\"article:modified_time\" content=\"2022-04-27T09:34:38+00:00\" \/>\n<meta property=\"og:image\" content=\"https:\/\/schuesslerhof.com\/wp-content\/uploads\/2015\/06\/winter-langlaufen-muehlwald-ahrntal-loipe-150x150.jpg\" \/>\n<meta name=\"twitter:label1\" content=\"Tempo di lettura stimato\" \/>\n\t<meta name=\"twitter:data1\" content=\"1 minuto\" \/>\n<script type=\"application\/ld+json\" class=\"yoast-schema-graph\">{\"@context\":\"https:\/\/schema.org\",\"@graph\":[{\"@type\":\"WebPage\",\"@id\":\"https:\/\/schuesslerhof.com\/it\/inverno-lappago-alto-adige-agriturismo\/\",\"url\":\"https:\/\/schuesslerhof.com\/it\/inverno-lappago-alto-adige-agriturismo\/\",\"name\":\"L'inverno a Selva dei Molini e Lappago - Sch\u00fcsslerhof | Heu & Wasserb\u00e4der\",\"isPartOf\":{\"@id\":\"https:\/\/schuesslerhof.com\/#website\"},\"datePublished\":\"2015-05-17T16:51:51+00:00\",\"dateModified\":\"2022-04-27T09:34:38+00:00\",\"description\":\"L`inverno a Selva dei Molini e Lappago\",\"breadcrumb\":{\"@id\":\"https:\/\/schuesslerhof.com\/it\/inverno-lappago-alto-adige-agriturismo\/#breadcrumb\"},\"inLanguage\":\"it-IT\",\"potentialAction\":[{\"@type\":\"ReadAction\",\"target\":[\"https:\/\/schuesslerhof.com\/it\/inverno-lappago-alto-adige-agriturismo\/\"]}]},{\"@type\":\"BreadcrumbList\",\"@id\":\"https:\/\/schuesslerhof.com\/it\/inverno-lappago-alto-adige-agriturismo\/#breadcrumb\",\"itemListElement\":[{\"@type\":\"ListItem\",\"position\":1,\"name\":\"Home\",\"item\":\"https:\/\/schuesslerhof.com\/it\/\"},{\"@type\":\"ListItem\",\"position\":2,\"name\":\"L&#8217;inverno a Selva dei Molini e Lappago\"}]},{\"@type\":\"WebSite\",\"@id\":\"https:\/\/schuesslerhof.com\/#website\",\"url\":\"https:\/\/schuesslerhof.com\/\",\"name\":\"Sch\u00fcsslerhof | Heu & Wasserb\u00e4der\",\"description\":\"Fam. Hartmann Auer - Lappach im M\u00fchlwaldertal: +39 0474 68 50 46\",\"publisher\":{\"@id\":\"https:\/\/schuesslerhof.com\/#organization\"},\"potentialAction\":[{\"@type\":\"SearchAction\",\"target\":{\"@type\":\"EntryPoint\",\"urlTemplate\":\"https:\/\/schuesslerhof.com\/?s={search_term_string}\"},\"query-input\":{\"@type\":\"PropertyValueSpecification\",\"valueRequired\":true,\"valueName\":\"search_term_string\"}}],\"inLanguage\":\"it-IT\"},{\"@type\":\"Organization\",\"@id\":\"https:\/\/schuesslerhof.com\/#organization\",\"name\":\"Bad Sch\u00fcsslerhof\",\"url\":\"https:\/\/schuesslerhof.com\/\",\"logo\":{\"@type\":\"ImageObject\",\"inLanguage\":\"it-IT\",\"@id\":\"https:\/\/schuesslerhof.com\/#\/schema\/logo\/image\/\",\"url\":\"https:\/\/schuesslerhof.com\/wp-content\/uploads\/2015\/03\/LOGO-255x150-e1425472092821.png\",\"contentUrl\":\"https:\/\/schuesslerhof.com\/wp-content\/uploads\/2015\/03\/LOGO-255x150-e1425472092821.png\",\"width\":170,\"height\":100,\"caption\":\"Bad Sch\u00fcsslerhof\"},\"image\":{\"@id\":\"https:\/\/schuesslerhof.com\/#\/schema\/logo\/image\/\"},\"sameAs\":[\"https:\/\/www.facebook.com\/pages\/Bad-Sch\u00fcsslerhof\/244659975642984?fref=ts\"]}]}<\/script>\n<!-- \/ Yoast SEO plugin. -->","yoast_head_json":{"title":"L'inverno a Selva dei Molini e Lappago - Sch\u00fcsslerhof | Heu & Wasserb\u00e4der","description":"L`inverno a Selva dei Molini e Lappago","robots":{"index":"index","follow":"follow","max-snippet":"max-snippet:-1","max-image-preview":"max-image-preview:large","max-video-preview":"max-video-preview:-1"},"canonical":"https:\/\/schuesslerhof.com\/it\/inverno-lappago-alto-adige-agriturismo\/","og_locale":"it_IT","og_type":"article","og_title":"L'inverno a Selva dei Molini e Lappago - Sch\u00fcsslerhof | Heu & Wasserb\u00e4der","og_description":"L`inverno a Selva dei Molini e Lappago","og_url":"https:\/\/schuesslerhof.com\/it\/inverno-lappago-alto-adige-agriturismo\/","og_site_name":"Sch\u00fcsslerhof | Heu & Wasserb\u00e4der","article_publisher":"https:\/\/www.facebook.com\/pages\/Bad-Sch%c3%bcsslerhof\/244659975642984?fref=ts","article_modified_time":"2022-04-27T09:34:38+00:00","og_image":[{"url":"https:\/\/schuesslerhof.com\/wp-content\/uploads\/2015\/06\/winter-langlaufen-muehlwald-ahrntal-loipe-150x150.jpg"}],"twitter_misc":{"Tempo di lettura stimato":"1 minuto"},"schema":{"@context":"https:\/\/schema.org","@graph":[{"@type":"WebPage","@id":"https:\/\/schuesslerhof.com\/it\/inverno-lappago-alto-adige-agriturismo\/","url":"https:\/\/schuesslerhof.com\/it\/inverno-lappago-alto-adige-agriturismo\/","name":"L'inverno a Selva dei Molini e Lappago - Sch\u00fcsslerhof | Heu & Wasserb\u00e4der","isPartOf":{"@id":"https:\/\/schuesslerhof.com\/#website"},"datePublished":"2015-05-17T16:51:51+00:00","dateModified":"2022-04-27T09:34:38+00:00","description":"L`inverno a Selva dei Molini e Lappago","breadcrumb":{"@id":"https:\/\/schuesslerhof.com\/it\/inverno-lappago-alto-adige-agriturismo\/#breadcrumb"},"inLanguage":"it-IT","potentialAction":[{"@type":"ReadAction","target":["https:\/\/schuesslerhof.com\/it\/inverno-lappago-alto-adige-agriturismo\/"]}]},{"@type":"BreadcrumbList","@id":"https:\/\/schuesslerhof.com\/it\/inverno-lappago-alto-adige-agriturismo\/#breadcrumb","itemListElement":[{"@type":"ListItem","position":1,"name":"Home","item":"https:\/\/schuesslerhof.com\/it\/"},{"@type":"ListItem","position":2,"name":"L&#8217;inverno a Selva dei Molini e Lappago"}]},{"@type":"WebSite","@id":"https:\/\/schuesslerhof.com\/#website","url":"https:\/\/schuesslerhof.com\/","name":"Sch\u00fcsslerhof | Heu & Wasserb\u00e4der","description":"Fam. Hartmann Auer - Lappach im M\u00fchlwaldertal: +39 0474 68 50 46","publisher":{"@id":"https:\/\/schuesslerhof.com\/#organization"},"potentialAction":[{"@type":"SearchAction","target":{"@type":"EntryPoint","urlTemplate":"https:\/\/schuesslerhof.com\/?s={search_term_string}"},"query-input":{"@type":"PropertyValueSpecification","valueRequired":true,"valueName":"search_term_string"}}],"inLanguage":"it-IT"},{"@type":"Organization","@id":"https:\/\/schuesslerhof.com\/#organization","name":"Bad Sch\u00fcsslerhof","url":"https:\/\/schuesslerhof.com\/","logo":{"@type":"ImageObject","inLanguage":"it-IT","@id":"https:\/\/schuesslerhof.com\/#\/schema\/logo\/image\/","url":"https:\/\/schuesslerhof.com\/wp-content\/uploads\/2015\/03\/LOGO-255x150-e1425472092821.png","contentUrl":"https:\/\/schuesslerhof.com\/wp-content\/uploads\/2015\/03\/LOGO-255x150-e1425472092821.png","width":170,"height":100,"caption":"Bad Sch\u00fcsslerhof"},"image":{"@id":"https:\/\/schuesslerhof.com\/#\/schema\/logo\/image\/"},"sameAs":["https:\/\/www.facebook.com\/pages\/Bad-Sch\u00fcsslerhof\/244659975642984?fref=ts"]}]}},"_links":{"self":[{"href":"https:\/\/schuesslerhof.com\/it\/wp-json\/wp\/v2\/pages\/647"}],"collection":[{"href":"https:\/\/schuesslerhof.com\/it\/wp-json\/wp\/v2\/pages"}],"about":[{"href":"https:\/\/schuesslerhof.com\/it\/wp-json\/wp\/v2\/types\/page"}],"author":[{"embeddable":true,"href":"https:\/\/schuesslerhof.com\/it\/wp-json\/wp\/v2\/users\/1"}],"replies":[{"embeddable":true,"href":"https:\/\/schuesslerhof.com\/it\/wp-json\/wp\/v2\/comments?post=647"}],"version-history":[{"count":3,"href":"https:\/\/schuesslerhof.com\/it\/wp-json\/wp\/v2\/pages\/647\/revisions"}],"predecessor-version":[{"id":1457,"href":"https:\/\/schuesslerhof.com\/it\/wp-json\/wp\/v2\/pages\/647\/revisions\/1457"}],"wp:attachment":[{"href":"https:\/\/schuesslerhof.com\/it\/wp-json\/wp\/v2\/media?parent=647"}],"curies":[{"name":"wp","href":"https:\/\/api.w.org\/{rel}","templated":true}]}}