{"id":650,"date":"2015-05-17T20:35:06","date_gmt":"2015-05-17T18:35:06","guid":{"rendered":"http:\/\/schuesslerhof.com\/?page_id=650"},"modified":"2022-12-22T09:36:14","modified_gmt":"2022-12-22T08:36:14","slug":"kneipp-und-sauna-anwendungen","status":"publish","type":"page","link":"https:\/\/schuesslerhof.com\/it\/kneipp-und-sauna-anwendungen\/","title":{"rendered":"Trattamenti Kneipp &#038; Sauna"},"content":{"rendered":"[vc_row][vc_column][vc_column_text el_class=&#8221;seite_oben&#8221;]\n<h1>Trattamenti Kneipp &amp; Sauna<\/h1>\n[\/vc_column_text][vc_column_text]Le applicazioni di acqua fredda sono fondamentali nel trattamento Kneipp. L&#8217;alternare la temperatura fredda a quella calda permette ai vasi sanguigni di rinforzarsi adattando la circolazione, rinforza le resistenze immunitarie, stimola il metabolismo e la stabilizzazione vegetativa. <div id=\"69f2da8c4de92\" rel=\"296\" data-gg-autoplay=\"auto\" class=\"gg_galleria_slider_wrap gg_galleria_slider_light gg_galleria_slider_show_thumbs  gg_galleria_responsive ggs_296\" style=\"width: 100%; \" data-asp-ratio=\"0.55\"><a href=\"https:\/\/schuesslerhof.com\/wp-content\/uploads\/2023\/06\/20schu\u00a6esslerh_eg.jpg\"><img decoding=\"async\" src=\"\/\/schuesslerhof.com\/wp-content\/uploads\/ewpt_cache\/60x40_100_1_c_FFFFFF_f9f9716cc6af5ebae8a0a661f849adf4.jpg\" data-big=\"https:\/\/schuesslerhof.com\/wp-content\/uploads\/2023\/06\/20schu\u00a6esslerh_eg.jpg\" data-description=\"\" alt=\"4.0.1\" \/><\/a><a href=\"https:\/\/schuesslerhof.com\/wp-content\/uploads\/2015\/03\/bad-schuesslerhof-badlkultur-solebad-wellness.jpg\"><img decoding=\"async\" src=\"\/\/schuesslerhof.com\/wp-content\/uploads\/ewpt_cache\/60x40_100_1_c_FFFFFF_4b7a752f1190a4b27c1ebfe679ed89fe.jpg\" data-big=\"https:\/\/schuesslerhof.com\/wp-content\/uploads\/2015\/03\/bad-schuesslerhof-badlkultur-solebad-wellness.jpg\" data-description=\"\" alt=\"Ein Bad genie\u00dfen\" \/><\/a><a href=\"https:\/\/schuesslerhof.com\/wp-content\/uploads\/2015\/03\/bad-schuesslerhof-bauernsaune-kraeutersauna-badlkultur.jpg\"><img decoding=\"async\" src=\"\/\/schuesslerhof.com\/wp-content\/uploads\/ewpt_cache\/60x40_100_1_c_FFFFFF_2204c8dcda6685078e463060ceec61d7.jpg\" data-big=\"https:\/\/schuesslerhof.com\/wp-content\/uploads\/2015\/03\/bad-schuesslerhof-bauernsaune-kraeutersauna-badlkultur.jpg\" data-description=\"\" alt=\"Ob alleine in der Sauna\" \/><\/a><a href=\"https:\/\/schuesslerhof.com\/wp-content\/uploads\/2015\/03\/bad-schuesslerhof-bauernsauna-wellness.jpg\"><img decoding=\"async\" src=\"\/\/schuesslerhof.com\/wp-content\/uploads\/ewpt_cache\/60x40_100_1_c_FFFFFF_f4c5427adb656c11181aea04c9d62706.jpg\" data-big=\"https:\/\/schuesslerhof.com\/wp-content\/uploads\/2015\/03\/bad-schuesslerhof-bauernsauna-wellness.jpg\" data-description=\"\" alt=\"oder mit dem Partner\" \/><\/a><div style=\"clear: both;\"><\/div><\/div><script type=\"text\/javascript\"> jQuery(document).ready(function($) { if(typeof(gg_galleria_init) == \"function\") { gg_galleria_show(\"#69f2da8c4de92\");gg_galleria_init(\"#69f2da8c4de92\");}});<\/script>[\/vc_column_text][\/vc_column][\/vc_row][vc_row][vc_column width=&#8221;1\/2&#8243;][vc_column_text]\n<h3>Sauna Contadina\/\u00a0Sauna alle erbe<\/h3>\n<p>Prezzo per accensione\u00a0 &#8211; fino a mass. 4 persone &#8211; Area riposo | 30.- Euro<\/p>\n<h3>Kraxenofen \/ Bagno di fieno per la schiena<\/h3>\n<p>Durata da 20 a\u00a035 minuti| 30 minuti\u00a0di riposo| 12.- Euro[\/vc_column_text][\/vc_column][vc_column width=&#8221;1\/2&#8243;][vc_column_text]\n<h3>Whirlpool &#8211; Idromassaggio<\/h3>\n<p>con fiori di campo essicati oppure bagno all&#8217;olio| Durata 20 minuti| 15.- Euro<\/p>\n<h3>Bagnio di fieno<\/h3>\n<p>con fieno della nostra malgha,durata ca 40 minuti con riposo 30 euro<\/p>\n[\/vc_column_text][\/vc_column][\/vc_row][vc_row][vc_column width=&#8221;1\/1&#8243;][vc_column_text]Siccome i bagni devono essere preparati, vi preghiamo di telefonare un giorno prima: Telefon: <strong>+39 3714385176<\/strong> o prenotare con questo sito internet.[\/vc_column_text][vc_column_text]<a class=\"btn-wellness\" href=\"https:\/\/schuesslerhof.com\/it\/prenotazione\/\">Prenotazione<\/a>[\/vc_column_text][\/vc_column][\/vc_row]\n","protected":false},"excerpt":{"rendered":"<p>[vc_row][vc_column][vc_column_text el_class=&#8221;seite_oben&#8221;] Trattamenti Kneipp &amp; Sauna [\/vc_column_text][vc_column_text]Le applicazioni di acqua fredda sono fondamentali nel trattamento Kneipp. L&#8217;alternare la temperatura fredda a quella calda permette ai vasi sanguigni di rinforzarsi adattando la circolazione, rinforza le resistenze immunitarie, stimola il metabolismo e la stabilizzazione vegetativa. [\/vc_column_text][\/vc_column][\/vc_row][vc_row][vc_column width=&#8221;1\/2&#8243;][vc_column_text] Sauna Contadina\/\u00a0Sauna alle erbe Prezzo per accensione\u00a0 &#8211; fino a [&hellip;]<\/p>\n","protected":false},"author":1,"featured_media":0,"parent":0,"menu_order":0,"comment_status":"closed","ping_status":"open","template":"","meta":{"footnotes":""},"class_list":["post-650","page","type-page","status-publish","hentry"],"yoast_head":"<!-- This site is optimized with the Yoast SEO plugin v23.6 - https:\/\/yoast.com\/wordpress\/plugins\/seo\/ -->\n<title>Trattamenti Kneipp &amp; Sauna - Sch\u00fcsslerhof | Heu &amp; Wasserb\u00e4der<\/title>\n<meta name=\"robots\" content=\"index, follow, max-snippet:-1, max-image-preview:large, max-video-preview:-1\" \/>\n<link rel=\"canonical\" href=\"https:\/\/schuesslerhof.com\/it\/kneipp-und-sauna-anwendungen\/\" \/>\n<meta property=\"og:locale\" content=\"it_IT\" \/>\n<meta property=\"og:type\" content=\"article\" \/>\n<meta property=\"og:title\" content=\"Trattamenti Kneipp &amp; Sauna - Sch\u00fcsslerhof | Heu &amp; Wasserb\u00e4der\" \/>\n<meta property=\"og:description\" content=\"[vc_row][vc_column][vc_column_text el_class=&#8221;seite_oben&#8221;] Trattamenti Kneipp &amp; Sauna [\/vc_column_text][vc_column_text]Le applicazioni di acqua fredda sono fondamentali nel trattamento Kneipp. L&#8217;alternare la temperatura fredda a quella calda permette ai vasi sanguigni di rinforzarsi adattando la circolazione, rinforza le resistenze immunitarie, stimola il metabolismo e la stabilizzazione vegetativa. [\/vc_column_text][\/vc_column][\/vc_row][vc_row][vc_column width=&#8221;1\/2&#8243;][vc_column_text] Sauna Contadina\/\u00a0Sauna alle erbe Prezzo per accensione\u00a0 &#8211; fino a [&hellip;]\" \/>\n<meta property=\"og:url\" content=\"https:\/\/schuesslerhof.com\/it\/kneipp-und-sauna-anwendungen\/\" \/>\n<meta property=\"og:site_name\" content=\"Sch\u00fcsslerhof | Heu &amp; Wasserb\u00e4der\" \/>\n<meta property=\"article:publisher\" content=\"https:\/\/www.facebook.com\/pages\/Bad-Sch%c3%bcsslerhof\/244659975642984?fref=ts\" \/>\n<meta property=\"article:modified_time\" content=\"2022-12-22T08:36:14+00:00\" \/>\n<meta name=\"twitter:label1\" content=\"Tempo di lettura stimato\" \/>\n\t<meta name=\"twitter:data1\" content=\"1 minuto\" \/>\n<script type=\"application\/ld+json\" class=\"yoast-schema-graph\">{\"@context\":\"https:\/\/schema.org\",\"@graph\":[{\"@type\":\"WebPage\",\"@id\":\"https:\/\/schuesslerhof.com\/it\/kneipp-und-sauna-anwendungen\/\",\"url\":\"https:\/\/schuesslerhof.com\/it\/kneipp-und-sauna-anwendungen\/\",\"name\":\"Trattamenti Kneipp & Sauna - Sch\u00fcsslerhof | Heu & Wasserb\u00e4der\",\"isPartOf\":{\"@id\":\"https:\/\/schuesslerhof.com\/#website\"},\"datePublished\":\"2015-05-17T18:35:06+00:00\",\"dateModified\":\"2022-12-22T08:36:14+00:00\",\"breadcrumb\":{\"@id\":\"https:\/\/schuesslerhof.com\/it\/kneipp-und-sauna-anwendungen\/#breadcrumb\"},\"inLanguage\":\"it-IT\",\"potentialAction\":[{\"@type\":\"ReadAction\",\"target\":[\"https:\/\/schuesslerhof.com\/it\/kneipp-und-sauna-anwendungen\/\"]}]},{\"@type\":\"BreadcrumbList\",\"@id\":\"https:\/\/schuesslerhof.com\/it\/kneipp-und-sauna-anwendungen\/#breadcrumb\",\"itemListElement\":[{\"@type\":\"ListItem\",\"position\":1,\"name\":\"Home\",\"item\":\"https:\/\/schuesslerhof.com\/it\/\"},{\"@type\":\"ListItem\",\"position\":2,\"name\":\"Trattamenti Kneipp &#038; Sauna\"}]},{\"@type\":\"WebSite\",\"@id\":\"https:\/\/schuesslerhof.com\/#website\",\"url\":\"https:\/\/schuesslerhof.com\/\",\"name\":\"Sch\u00fcsslerhof | Heu & Wasserb\u00e4der\",\"description\":\"Fam. Hartmann Auer - Lappach im M\u00fchlwaldertal: +39 0474 68 50 46\",\"publisher\":{\"@id\":\"https:\/\/schuesslerhof.com\/#organization\"},\"potentialAction\":[{\"@type\":\"SearchAction\",\"target\":{\"@type\":\"EntryPoint\",\"urlTemplate\":\"https:\/\/schuesslerhof.com\/?s={search_term_string}\"},\"query-input\":{\"@type\":\"PropertyValueSpecification\",\"valueRequired\":true,\"valueName\":\"search_term_string\"}}],\"inLanguage\":\"it-IT\"},{\"@type\":\"Organization\",\"@id\":\"https:\/\/schuesslerhof.com\/#organization\",\"name\":\"Bad Sch\u00fcsslerhof\",\"url\":\"https:\/\/schuesslerhof.com\/\",\"logo\":{\"@type\":\"ImageObject\",\"inLanguage\":\"it-IT\",\"@id\":\"https:\/\/schuesslerhof.com\/#\/schema\/logo\/image\/\",\"url\":\"https:\/\/schuesslerhof.com\/wp-content\/uploads\/2015\/03\/LOGO-255x150-e1425472092821.png\",\"contentUrl\":\"https:\/\/schuesslerhof.com\/wp-content\/uploads\/2015\/03\/LOGO-255x150-e1425472092821.png\",\"width\":170,\"height\":100,\"caption\":\"Bad Sch\u00fcsslerhof\"},\"image\":{\"@id\":\"https:\/\/schuesslerhof.com\/#\/schema\/logo\/image\/\"},\"sameAs\":[\"https:\/\/www.facebook.com\/pages\/Bad-Sch\u00fcsslerhof\/244659975642984?fref=ts\"]}]}<\/script>\n<!-- \/ Yoast SEO plugin. -->","yoast_head_json":{"title":"Trattamenti Kneipp & Sauna - Sch\u00fcsslerhof | Heu & Wasserb\u00e4der","robots":{"index":"index","follow":"follow","max-snippet":"max-snippet:-1","max-image-preview":"max-image-preview:large","max-video-preview":"max-video-preview:-1"},"canonical":"https:\/\/schuesslerhof.com\/it\/kneipp-und-sauna-anwendungen\/","og_locale":"it_IT","og_type":"article","og_title":"Trattamenti Kneipp & Sauna - Sch\u00fcsslerhof | Heu & Wasserb\u00e4der","og_description":"[vc_row][vc_column][vc_column_text el_class=&#8221;seite_oben&#8221;] Trattamenti Kneipp &amp; Sauna [\/vc_column_text][vc_column_text]Le applicazioni di acqua fredda sono fondamentali nel trattamento Kneipp. L&#8217;alternare la temperatura fredda a quella calda permette ai vasi sanguigni di rinforzarsi adattando la circolazione, rinforza le resistenze immunitarie, stimola il metabolismo e la stabilizzazione vegetativa. [\/vc_column_text][\/vc_column][\/vc_row][vc_row][vc_column width=&#8221;1\/2&#8243;][vc_column_text] Sauna Contadina\/\u00a0Sauna alle erbe Prezzo per accensione\u00a0 &#8211; fino a [&hellip;]","og_url":"https:\/\/schuesslerhof.com\/it\/kneipp-und-sauna-anwendungen\/","og_site_name":"Sch\u00fcsslerhof | Heu & Wasserb\u00e4der","article_publisher":"https:\/\/www.facebook.com\/pages\/Bad-Sch%c3%bcsslerhof\/244659975642984?fref=ts","article_modified_time":"2022-12-22T08:36:14+00:00","twitter_misc":{"Tempo di lettura stimato":"1 minuto"},"schema":{"@context":"https:\/\/schema.org","@graph":[{"@type":"WebPage","@id":"https:\/\/schuesslerhof.com\/it\/kneipp-und-sauna-anwendungen\/","url":"https:\/\/schuesslerhof.com\/it\/kneipp-und-sauna-anwendungen\/","name":"Trattamenti Kneipp & Sauna - Sch\u00fcsslerhof | Heu & Wasserb\u00e4der","isPartOf":{"@id":"https:\/\/schuesslerhof.com\/#website"},"datePublished":"2015-05-17T18:35:06+00:00","dateModified":"2022-12-22T08:36:14+00:00","breadcrumb":{"@id":"https:\/\/schuesslerhof.com\/it\/kneipp-und-sauna-anwendungen\/#breadcrumb"},"inLanguage":"it-IT","potentialAction":[{"@type":"ReadAction","target":["https:\/\/schuesslerhof.com\/it\/kneipp-und-sauna-anwendungen\/"]}]},{"@type":"BreadcrumbList","@id":"https:\/\/schuesslerhof.com\/it\/kneipp-und-sauna-anwendungen\/#breadcrumb","itemListElement":[{"@type":"ListItem","position":1,"name":"Home","item":"https:\/\/schuesslerhof.com\/it\/"},{"@type":"ListItem","position":2,"name":"Trattamenti Kneipp &#038; Sauna"}]},{"@type":"WebSite","@id":"https:\/\/schuesslerhof.com\/#website","url":"https:\/\/schuesslerhof.com\/","name":"Sch\u00fcsslerhof | Heu & Wasserb\u00e4der","description":"Fam. Hartmann Auer - Lappach im M\u00fchlwaldertal: +39 0474 68 50 46","publisher":{"@id":"https:\/\/schuesslerhof.com\/#organization"},"potentialAction":[{"@type":"SearchAction","target":{"@type":"EntryPoint","urlTemplate":"https:\/\/schuesslerhof.com\/?s={search_term_string}"},"query-input":{"@type":"PropertyValueSpecification","valueRequired":true,"valueName":"search_term_string"}}],"inLanguage":"it-IT"},{"@type":"Organization","@id":"https:\/\/schuesslerhof.com\/#organization","name":"Bad Sch\u00fcsslerhof","url":"https:\/\/schuesslerhof.com\/","logo":{"@type":"ImageObject","inLanguage":"it-IT","@id":"https:\/\/schuesslerhof.com\/#\/schema\/logo\/image\/","url":"https:\/\/schuesslerhof.com\/wp-content\/uploads\/2015\/03\/LOGO-255x150-e1425472092821.png","contentUrl":"https:\/\/schuesslerhof.com\/wp-content\/uploads\/2015\/03\/LOGO-255x150-e1425472092821.png","width":170,"height":100,"caption":"Bad Sch\u00fcsslerhof"},"image":{"@id":"https:\/\/schuesslerhof.com\/#\/schema\/logo\/image\/"},"sameAs":["https:\/\/www.facebook.com\/pages\/Bad-Sch\u00fcsslerhof\/244659975642984?fref=ts"]}]}},"_links":{"self":[{"href":"https:\/\/schuesslerhof.com\/it\/wp-json\/wp\/v2\/pages\/650"}],"collection":[{"href":"https:\/\/schuesslerhof.com\/it\/wp-json\/wp\/v2\/pages"}],"about":[{"href":"https:\/\/schuesslerhof.com\/it\/wp-json\/wp\/v2\/types\/page"}],"author":[{"embeddable":true,"href":"https:\/\/schuesslerhof.com\/it\/wp-json\/wp\/v2\/users\/1"}],"replies":[{"embeddable":true,"href":"https:\/\/schuesslerhof.com\/it\/wp-json\/wp\/v2\/comments?post=650"}],"version-history":[{"count":4,"href":"https:\/\/schuesslerhof.com\/it\/wp-json\/wp\/v2\/pages\/650\/revisions"}],"predecessor-version":[{"id":1522,"href":"https:\/\/schuesslerhof.com\/it\/wp-json\/wp\/v2\/pages\/650\/revisions\/1522"}],"wp:attachment":[{"href":"https:\/\/schuesslerhof.com\/it\/wp-json\/wp\/v2\/media?parent=650"}],"curies":[{"name":"wp","href":"https:\/\/api.w.org\/{rel}","templated":true}]}}