{"id":651,"date":"2015-05-17T19:02:35","date_gmt":"2015-05-17T17:02:35","guid":{"rendered":"http:\/\/schuesslerhof.com\/?page_id=651"},"modified":"2022-12-22T09:53:17","modified_gmt":"2022-12-22T08:53:17","slug":"bagni-termali-alto-adige-fieno-acqua","status":"publish","type":"page","link":"https:\/\/schuesslerhof.com\/it\/bagni-termali-alto-adige-fieno-acqua\/","title":{"rendered":"La cultura Altoatesina dei bagni termali i nostri bagni di fieno e acqua"},"content":{"rendered":"[vc_row][vc_column width=&#8221;1\/1&#8243;][vc_column_text el_class=&#8221;seite_oben&#8221;]\n<h1>La cultura Altoatesina dei bagni termali<br \/>\ni nostri bagni di fieno e acqua<\/h1>\n[\/vc_column_text][vc_column_text]\n<p>La nostra piccola ma bella &#8220;Badl&#8221; offre molte opportunit\u00e0 per rilassarsi e godere del benessere in modo sano e tradizionale. Come membro dei \u201ebagni di fieno e acqua altoatesini\u201c possiamo vantare e contare dei molti anni di esperienza in questo settore.[\/vc_column_text][\/vc_column][\/vc_row][vc_row][vc_column width=&#8221;1\/3&#8243;][vc_single_image border_color=&#8221;grey&#8221; img_link_large=&#8221;&#8221; img_link_target=&#8221;_self&#8221; image=&#8221;463&#8243; img_size=&#8221;full&#8221; alignment=&#8221;center&#8221;][\/vc_column][vc_column width=&#8221;1\/3&#8243;][vc_column_text]Il nostro stabilimento balneare \u00e8 riservato non solo ai nostri ospiti ma \u00e8 anche aperto al pubblico. ConcedeteVi e godete dei nostri servizi termali, quali<div class=\"su-list\" style=\"margin-left:0px\">\n<p>&nbsp;<\/p>\n<\/div>[\/vc_column_text][\/vc_column][vc_column width=&#8221;1\/3&#8243;][vc_single_image image=&#8221;464&#8243; border_color=&#8221;grey&#8221; img_link_large=&#8221;&#8221; img_link_target=&#8221;_self&#8221; img_size=&#8221;full&#8221; link=&#8221;#&#8221; alignment=&#8221;center&#8221;][\/vc_column][\/vc_row][vc_row][vc_column width=&#8221;1\/1&#8243;][vc_column_text]\u00a0Il fieno utilizzato per i bagni proviene dai nostri alpeggi e pascoli situati in alta montagna a 2200-2500 metri. In queste regioni il fieno ottenuto \u00e8 molto ricco di erbe medicinali e di diversi e particolari tipi di erba.[\/vc_column_text][\/vc_column][\/vc_row][vc_row][vc_column width=&#8221;1\/3&#8243;][vc_single_image border_color=&#8221;grey&#8221; img_link_large=&#8221;&#8221; img_link_target=&#8221;_self&#8221; image=&#8221;466&#8243; img_size=&#8221;full&#8221; alignment=&#8221;center&#8221;][\/vc_column][vc_column width=&#8221;1\/3&#8243;][vc_single_image image=&#8221;467&#8243; alignment=&#8221;center&#8221; border_color=&#8221;grey&#8221; img_link_large=&#8221;&#8221; img_link_target=&#8221;_self&#8221; img_size=&#8221;full&#8221; link=&#8221;#&#8221;][\/vc_column][vc_column width=&#8221;1\/3&#8243;][vc_single_image image=&#8221;468&#8243; alignment=&#8221;center&#8221; border_color=&#8221;grey&#8221; img_link_large=&#8221;&#8221; img_link_target=&#8221;_self&#8221; img_size=&#8221;full&#8221;][\/vc_column][\/vc_row][vc_row][vc_column width=&#8221;1\/1&#8243;][vc_column_text]In un prato di montagna, ci sono fino a <strong>80 diversit\u00e0 di erbe mediche<\/strong>, <strong>erbe e fiori<\/strong>, come l&#8217;artemisia, l&#8217;achillea, la genziana, l&#8217;arnica, le primule, solo per citarne alcune.<\/p>\n<p>Il nostro <strong>fieno ecologico<\/strong> ricavato dalle erbe dei nostri alpeggi \u00e8 ricco di molti minerali, <strong>oli essenziali <\/strong>e <strong>oligoelementi.\u00a0<\/strong>Questi ingredienti utilizzati anche nella cosmesi, rendono la nostra cute del corpo e del viso un dono naturale.[\/vc_column_text][\/vc_column][\/vc_row]\n","protected":false},"excerpt":{"rendered":"<p>[vc_row][vc_column width=&#8221;1\/1&#8243;][vc_column_text el_class=&#8221;seite_oben&#8221;] La cultura Altoatesina dei bagni termali i nostri bagni di fieno e acqua [\/vc_column_text][vc_column_text] La nostra piccola ma bella &#8220;Badl&#8221; offre molte opportunit\u00e0 per rilassarsi e godere del benessere in modo sano e tradizionale. Come membro dei \u201ebagni di fieno e acqua altoatesini\u201c possiamo vantare e contare dei molti anni di esperienza [&hellip;]<\/p>\n","protected":false},"author":1,"featured_media":0,"parent":0,"menu_order":0,"comment_status":"closed","ping_status":"open","template":"","meta":{"footnotes":""},"class_list":["post-651","page","type-page","status-publish","hentry"],"yoast_head":"<!-- This site is optimized with the Yoast SEO plugin v23.6 - https:\/\/yoast.com\/wordpress\/plugins\/seo\/ -->\n<title>La cultura Altoatesina dei bagni termali i nostri bagni di fieno e acqua - Sch\u00fcsslerhof | Heu &amp; Wasserb\u00e4der<\/title>\n<meta name=\"robots\" content=\"index, follow, max-snippet:-1, max-image-preview:large, max-video-preview:-1\" \/>\n<link rel=\"canonical\" href=\"https:\/\/schuesslerhof.com\/it\/bagni-termali-alto-adige-fieno-acqua\/\" \/>\n<meta property=\"og:locale\" content=\"it_IT\" \/>\n<meta property=\"og:type\" content=\"article\" \/>\n<meta property=\"og:title\" content=\"La cultura Altoatesina dei bagni termali i nostri bagni di fieno e acqua - Sch\u00fcsslerhof | Heu &amp; Wasserb\u00e4der\" \/>\n<meta property=\"og:description\" content=\"[vc_row][vc_column width=&#8221;1\/1&#8243;][vc_column_text el_class=&#8221;seite_oben&#8221;] La cultura Altoatesina dei bagni termali i nostri bagni di fieno e acqua [\/vc_column_text][vc_column_text] La nostra piccola ma bella &#8220;Badl&#8221; offre molte opportunit\u00e0 per rilassarsi e godere del benessere in modo sano e tradizionale. Come membro dei \u201ebagni di fieno e acqua altoatesini\u201c possiamo vantare e contare dei molti anni di esperienza [&hellip;]\" \/>\n<meta property=\"og:url\" content=\"https:\/\/schuesslerhof.com\/it\/bagni-termali-alto-adige-fieno-acqua\/\" \/>\n<meta property=\"og:site_name\" content=\"Sch\u00fcsslerhof | Heu &amp; Wasserb\u00e4der\" \/>\n<meta property=\"article:publisher\" content=\"https:\/\/www.facebook.com\/pages\/Bad-Sch%c3%bcsslerhof\/244659975642984?fref=ts\" \/>\n<meta property=\"article:modified_time\" content=\"2022-12-22T08:53:17+00:00\" \/>\n<meta name=\"twitter:label1\" content=\"Tempo di lettura stimato\" \/>\n\t<meta name=\"twitter:data1\" content=\"2 minuti\" \/>\n<script type=\"application\/ld+json\" class=\"yoast-schema-graph\">{\"@context\":\"https:\/\/schema.org\",\"@graph\":[{\"@type\":\"WebPage\",\"@id\":\"https:\/\/schuesslerhof.com\/it\/bagni-termali-alto-adige-fieno-acqua\/\",\"url\":\"https:\/\/schuesslerhof.com\/it\/bagni-termali-alto-adige-fieno-acqua\/\",\"name\":\"La cultura Altoatesina dei bagni termali i nostri bagni di fieno e acqua - Sch\u00fcsslerhof | Heu & Wasserb\u00e4der\",\"isPartOf\":{\"@id\":\"https:\/\/schuesslerhof.com\/#website\"},\"datePublished\":\"2015-05-17T17:02:35+00:00\",\"dateModified\":\"2022-12-22T08:53:17+00:00\",\"breadcrumb\":{\"@id\":\"https:\/\/schuesslerhof.com\/it\/bagni-termali-alto-adige-fieno-acqua\/#breadcrumb\"},\"inLanguage\":\"it-IT\",\"potentialAction\":[{\"@type\":\"ReadAction\",\"target\":[\"https:\/\/schuesslerhof.com\/it\/bagni-termali-alto-adige-fieno-acqua\/\"]}]},{\"@type\":\"BreadcrumbList\",\"@id\":\"https:\/\/schuesslerhof.com\/it\/bagni-termali-alto-adige-fieno-acqua\/#breadcrumb\",\"itemListElement\":[{\"@type\":\"ListItem\",\"position\":1,\"name\":\"Home\",\"item\":\"https:\/\/schuesslerhof.com\/it\/\"},{\"@type\":\"ListItem\",\"position\":2,\"name\":\"La cultura Altoatesina dei bagni termali i nostri bagni di fieno e acqua\"}]},{\"@type\":\"WebSite\",\"@id\":\"https:\/\/schuesslerhof.com\/#website\",\"url\":\"https:\/\/schuesslerhof.com\/\",\"name\":\"Sch\u00fcsslerhof | Heu & Wasserb\u00e4der\",\"description\":\"Fam. Hartmann Auer - Lappach im M\u00fchlwaldertal: +39 0474 68 50 46\",\"publisher\":{\"@id\":\"https:\/\/schuesslerhof.com\/#organization\"},\"potentialAction\":[{\"@type\":\"SearchAction\",\"target\":{\"@type\":\"EntryPoint\",\"urlTemplate\":\"https:\/\/schuesslerhof.com\/?s={search_term_string}\"},\"query-input\":{\"@type\":\"PropertyValueSpecification\",\"valueRequired\":true,\"valueName\":\"search_term_string\"}}],\"inLanguage\":\"it-IT\"},{\"@type\":\"Organization\",\"@id\":\"https:\/\/schuesslerhof.com\/#organization\",\"name\":\"Bad Sch\u00fcsslerhof\",\"url\":\"https:\/\/schuesslerhof.com\/\",\"logo\":{\"@type\":\"ImageObject\",\"inLanguage\":\"it-IT\",\"@id\":\"https:\/\/schuesslerhof.com\/#\/schema\/logo\/image\/\",\"url\":\"https:\/\/schuesslerhof.com\/wp-content\/uploads\/2015\/03\/LOGO-255x150-e1425472092821.png\",\"contentUrl\":\"https:\/\/schuesslerhof.com\/wp-content\/uploads\/2015\/03\/LOGO-255x150-e1425472092821.png\",\"width\":170,\"height\":100,\"caption\":\"Bad Sch\u00fcsslerhof\"},\"image\":{\"@id\":\"https:\/\/schuesslerhof.com\/#\/schema\/logo\/image\/\"},\"sameAs\":[\"https:\/\/www.facebook.com\/pages\/Bad-Sch\u00fcsslerhof\/244659975642984?fref=ts\"]}]}<\/script>\n<!-- \/ Yoast SEO plugin. -->","yoast_head_json":{"title":"La cultura Altoatesina dei bagni termali i nostri bagni di fieno e acqua - Sch\u00fcsslerhof | Heu & Wasserb\u00e4der","robots":{"index":"index","follow":"follow","max-snippet":"max-snippet:-1","max-image-preview":"max-image-preview:large","max-video-preview":"max-video-preview:-1"},"canonical":"https:\/\/schuesslerhof.com\/it\/bagni-termali-alto-adige-fieno-acqua\/","og_locale":"it_IT","og_type":"article","og_title":"La cultura Altoatesina dei bagni termali i nostri bagni di fieno e acqua - Sch\u00fcsslerhof | Heu & Wasserb\u00e4der","og_description":"[vc_row][vc_column width=&#8221;1\/1&#8243;][vc_column_text el_class=&#8221;seite_oben&#8221;] La cultura Altoatesina dei bagni termali i nostri bagni di fieno e acqua [\/vc_column_text][vc_column_text] La nostra piccola ma bella &#8220;Badl&#8221; offre molte opportunit\u00e0 per rilassarsi e godere del benessere in modo sano e tradizionale. Come membro dei \u201ebagni di fieno e acqua altoatesini\u201c possiamo vantare e contare dei molti anni di esperienza [&hellip;]","og_url":"https:\/\/schuesslerhof.com\/it\/bagni-termali-alto-adige-fieno-acqua\/","og_site_name":"Sch\u00fcsslerhof | Heu & Wasserb\u00e4der","article_publisher":"https:\/\/www.facebook.com\/pages\/Bad-Sch%c3%bcsslerhof\/244659975642984?fref=ts","article_modified_time":"2022-12-22T08:53:17+00:00","twitter_misc":{"Tempo di lettura stimato":"2 minuti"},"schema":{"@context":"https:\/\/schema.org","@graph":[{"@type":"WebPage","@id":"https:\/\/schuesslerhof.com\/it\/bagni-termali-alto-adige-fieno-acqua\/","url":"https:\/\/schuesslerhof.com\/it\/bagni-termali-alto-adige-fieno-acqua\/","name":"La cultura Altoatesina dei bagni termali i nostri bagni di fieno e acqua - Sch\u00fcsslerhof | Heu & Wasserb\u00e4der","isPartOf":{"@id":"https:\/\/schuesslerhof.com\/#website"},"datePublished":"2015-05-17T17:02:35+00:00","dateModified":"2022-12-22T08:53:17+00:00","breadcrumb":{"@id":"https:\/\/schuesslerhof.com\/it\/bagni-termali-alto-adige-fieno-acqua\/#breadcrumb"},"inLanguage":"it-IT","potentialAction":[{"@type":"ReadAction","target":["https:\/\/schuesslerhof.com\/it\/bagni-termali-alto-adige-fieno-acqua\/"]}]},{"@type":"BreadcrumbList","@id":"https:\/\/schuesslerhof.com\/it\/bagni-termali-alto-adige-fieno-acqua\/#breadcrumb","itemListElement":[{"@type":"ListItem","position":1,"name":"Home","item":"https:\/\/schuesslerhof.com\/it\/"},{"@type":"ListItem","position":2,"name":"La cultura Altoatesina dei bagni termali i nostri bagni di fieno e acqua"}]},{"@type":"WebSite","@id":"https:\/\/schuesslerhof.com\/#website","url":"https:\/\/schuesslerhof.com\/","name":"Sch\u00fcsslerhof | Heu & Wasserb\u00e4der","description":"Fam. Hartmann Auer - Lappach im M\u00fchlwaldertal: +39 0474 68 50 46","publisher":{"@id":"https:\/\/schuesslerhof.com\/#organization"},"potentialAction":[{"@type":"SearchAction","target":{"@type":"EntryPoint","urlTemplate":"https:\/\/schuesslerhof.com\/?s={search_term_string}"},"query-input":{"@type":"PropertyValueSpecification","valueRequired":true,"valueName":"search_term_string"}}],"inLanguage":"it-IT"},{"@type":"Organization","@id":"https:\/\/schuesslerhof.com\/#organization","name":"Bad Sch\u00fcsslerhof","url":"https:\/\/schuesslerhof.com\/","logo":{"@type":"ImageObject","inLanguage":"it-IT","@id":"https:\/\/schuesslerhof.com\/#\/schema\/logo\/image\/","url":"https:\/\/schuesslerhof.com\/wp-content\/uploads\/2015\/03\/LOGO-255x150-e1425472092821.png","contentUrl":"https:\/\/schuesslerhof.com\/wp-content\/uploads\/2015\/03\/LOGO-255x150-e1425472092821.png","width":170,"height":100,"caption":"Bad Sch\u00fcsslerhof"},"image":{"@id":"https:\/\/schuesslerhof.com\/#\/schema\/logo\/image\/"},"sameAs":["https:\/\/www.facebook.com\/pages\/Bad-Sch\u00fcsslerhof\/244659975642984?fref=ts"]}]}},"_links":{"self":[{"href":"https:\/\/schuesslerhof.com\/it\/wp-json\/wp\/v2\/pages\/651"}],"collection":[{"href":"https:\/\/schuesslerhof.com\/it\/wp-json\/wp\/v2\/pages"}],"about":[{"href":"https:\/\/schuesslerhof.com\/it\/wp-json\/wp\/v2\/types\/page"}],"author":[{"embeddable":true,"href":"https:\/\/schuesslerhof.com\/it\/wp-json\/wp\/v2\/users\/1"}],"replies":[{"embeddable":true,"href":"https:\/\/schuesslerhof.com\/it\/wp-json\/wp\/v2\/comments?post=651"}],"version-history":[{"count":3,"href":"https:\/\/schuesslerhof.com\/it\/wp-json\/wp\/v2\/pages\/651\/revisions"}],"predecessor-version":[{"id":1528,"href":"https:\/\/schuesslerhof.com\/it\/wp-json\/wp\/v2\/pages\/651\/revisions\/1528"}],"wp:attachment":[{"href":"https:\/\/schuesslerhof.com\/it\/wp-json\/wp\/v2\/media?parent=651"}],"curies":[{"name":"wp","href":"https:\/\/api.w.org\/{rel}","templated":true}]}}