{"id":654,"date":"2015-05-17T19:55:58","date_gmt":"2015-05-17T17:55:58","guid":{"rendered":"http:\/\/schuesslerhof.com\/?page_id=654"},"modified":"2022-12-22T09:42:12","modified_gmt":"2022-12-22T08:42:12","slug":"prenotazione","status":"publish","type":"page","link":"https:\/\/schuesslerhof.com\/it\/prenotazione\/","title":{"rendered":"Prenotazione"},"content":{"rendered":"[vc_row][vc_column width=&#8221;1\/2&#8243;][vc_column_text]\n<h1>Prenotazione trattamenti\u00a0Wellness- &amp; Kneipp<\/h1>\n[\/vc_column_text]\n<div class=\"wpcf7 no-js\" id=\"wpcf7-f624-o1\" lang=\"de-DE\" dir=\"ltr\">\n<div class=\"screen-reader-response\"><p role=\"status\" aria-live=\"polite\" aria-atomic=\"true\"><\/p> <ul><\/ul><\/div>\n<form action=\"\/it\/wp-json\/wp\/v2\/pages\/654#wpcf7-f624-o1\" method=\"post\" class=\"wpcf7-form init\" aria-label=\"Kontaktformular\" novalidate=\"novalidate\" data-status=\"init\">\n<div style=\"display: none;\">\n<input type=\"hidden\" name=\"_wpcf7\" value=\"624\" \/>\n<input type=\"hidden\" name=\"_wpcf7_version\" value=\"5.9.8\" \/>\n<input type=\"hidden\" name=\"_wpcf7_locale\" value=\"de_DE\" \/>\n<input type=\"hidden\" name=\"_wpcf7_unit_tag\" value=\"wpcf7-f624-o1\" \/>\n<input type=\"hidden\" name=\"_wpcf7_container_post\" value=\"0\" \/>\n<input type=\"hidden\" name=\"_wpcf7_posted_data_hash\" value=\"\" \/>\n<\/div>\n<p>Nome *<br \/>\n<span class=\"wpcf7-form-control-wrap\" data-name=\"your-name\"><input size=\"40\" maxlength=\"400\" class=\"wpcf7-form-control wpcf7-text wpcf7-validates-as-required\" aria-required=\"true\" aria-invalid=\"false\" value=\"\" type=\"text\" name=\"your-name\" \/><\/span>\n<\/p>\n<p>Indirizzo mail *:<br \/>\n<span class=\"wpcf7-form-control-wrap\" data-name=\"your-email\"><input size=\"40\" maxlength=\"400\" class=\"wpcf7-form-control wpcf7-email wpcf7-validates-as-required wpcf7-text wpcf7-validates-as-email\" aria-required=\"true\" aria-invalid=\"false\" value=\"\" type=\"email\" name=\"your-email\" \/><\/span>\n<\/p>\n<p>Il Suo numero telefonico per venir ricontattati* :<br \/>\n<span class=\"wpcf7-form-control-wrap\" data-name=\"text-793\"><input size=\"40\" maxlength=\"400\" class=\"wpcf7-form-control wpcf7-text wpcf7-validates-as-required\" aria-required=\"true\" aria-invalid=\"false\" value=\"\" type=\"text\" name=\"text-793\" \/><\/span>\n<\/p>\n<p>Data ed orario quando desiderate le applicazioni:<br \/>\n<span class=\"wpcf7-form-control-wrap\" data-name=\"text-214\"><input size=\"40\" maxlength=\"400\" class=\"wpcf7-form-control wpcf7-text\" aria-invalid=\"false\" value=\"\" type=\"text\" name=\"text-214\" \/><\/span>\n<\/p>\n<p><em>Cliccate su l'applicazione desiderata<\/em>\n<\/p>\n<p>Sauna contadina \/ alle erbe<br \/>\nprezzo per accensione \u2013 fino a mass. 4 persone, Area riposo| 25.- Euro<br \/>\n<span class=\"wpcf7-form-control-wrap\" data-name=\"radio-471\"><span class=\"wpcf7-form-control wpcf7-radio\" id=\"sauna\"><span class=\"wpcf7-list-item first\"><input type=\"radio\" name=\"radio-471\" value=\"Sauna contadina\" \/><span class=\"wpcf7-list-item-label\">Sauna contadina<\/span><\/span><span class=\"wpcf7-list-item last\"><input type=\"radio\" name=\"radio-471\" value=\"Sauna alle erbe\" \/><span class=\"wpcf7-list-item-label\">Sauna alle erbe<\/span><\/span><\/span><\/span>\n<\/p>\n<hr \/>\n<p>Kraxenofen<br \/>\nDurata 20 - 30 minuti | 30 minuti di riposo | 12.- Euro<br \/>\n<span class=\"wpcf7-form-control-wrap\" data-name=\"radio-809\"><span class=\"wpcf7-form-control wpcf7-radio\" id=\"kraxenofen\"><span class=\"wpcf7-list-item first last\"><input type=\"radio\" name=\"radio-809\" value=\"Kraxenofen\" \/><span class=\"wpcf7-list-item-label\">Kraxenofen<\/span><\/span><\/span><\/span>\n<\/p>\n<hr \/>\n<p>Whirlpool<br \/>\n1 Idromassagio con fiori di campo essicati oppure bagno all'olio<br \/>\nDurata 20 minuti| 12.- Euro<br \/>\n<span class=\"wpcf7-form-control-wrap\" data-name=\"radio-783\"><span class=\"wpcf7-form-control wpcf7-radio\"><span class=\"wpcf7-list-item first\"><input type=\"radio\" name=\"radio-783\" value=\"Idromassagio con fiori di campo essicati oppure bagno all&#039;olio\" \/><span class=\"wpcf7-list-item-label\">Idromassagio con fiori di campo essicati oppure bagno all&#039;olio<\/span><\/span><span class=\"wpcf7-list-item last\"><input type=\"radio\" name=\"radio-783\" value=\"\u00d6lbad\" \/><span class=\"wpcf7-list-item-label\">\u00d6lbad<\/span><\/span><\/span><\/span>\n<\/p>\n<hr \/>\n<p>Solarium<br \/>\nDurata mass. 15 minuti| Area riposo | 9.- Euro<br \/>\n<span class=\"wpcf7-form-control-wrap\" data-name=\"radio-569\"><span class=\"wpcf7-form-control wpcf7-radio\"><span class=\"wpcf7-list-item first last\"><input type=\"radio\" name=\"radio-569\" value=\"Solarium\" \/><span class=\"wpcf7-list-item-label\">Solarium<\/span><\/span><\/span><\/span>\n<\/p>\n<hr \/>\n<p>Bagno di fieno<br \/>\nBagno di fieno integrale| Durata 20 minuti| 30 minuti di riposo | 24.- Euro<br \/>\n<span class=\"wpcf7-form-control-wrap\" data-name=\"radio-516\"><span class=\"wpcf7-form-control wpcf7-radio\"><span class=\"wpcf7-list-item first last\"><input type=\"radio\" name=\"radio-516\" value=\"Bagno di fieno\" \/><span class=\"wpcf7-list-item-label\">Bagno di fieno<\/span><\/span><\/span><\/span>\n<\/p>\n<hr \/>\n<p>Bagno alle alghe<br \/>\nDurata 20 minuti| Area riposo | 24.- Euro<br \/>\n<span class=\"wpcf7-form-control-wrap\" data-name=\"radio-122\"><span class=\"wpcf7-form-control wpcf7-radio\"><span class=\"wpcf7-list-item first last\"><input type=\"radio\" name=\"radio-122\" value=\"Bagno alle alghe\" \/><span class=\"wpcf7-list-item-label\">Bagno alle alghe<\/span><\/span><\/span><\/span>\n<\/p>\n<hr \/>\n<p>Bagno al latte<br \/>\nDurata 20 minuti| 24.- Euro<br \/>\n<span class=\"wpcf7-form-control-wrap\" data-name=\"radio-725\"><span class=\"wpcf7-form-control wpcf7-radio\"><span class=\"wpcf7-list-item first last\"><input type=\"radio\" name=\"radio-725\" value=\"Bagno al latte\" \/><span class=\"wpcf7-list-item-label\">Bagno al latte<\/span><\/span><\/span><\/span>\n<\/p>\n<hr \/>\n<p>Bagno di fango<br \/>\nDurata 20 minuti| 24.- Euro<br \/>\n<span class=\"wpcf7-form-control-wrap\" data-name=\"radio-369\"><span class=\"wpcf7-form-control wpcf7-radio\"><span class=\"wpcf7-list-item first last\"><input type=\"radio\" name=\"radio-369\" value=\"Bagno di fango\" \/><span class=\"wpcf7-list-item-label\">Bagno di fango<\/span><\/span><\/span><\/span>\n<\/p>\n<hr \/>\n<p>Bagni ai vapori salini<br \/>\nDurata 20 minuti | 22.- Euro<br \/>\n<span class=\"wpcf7-form-control-wrap\" data-name=\"radio-735\"><span class=\"wpcf7-form-control wpcf7-radio\"><span class=\"wpcf7-list-item first last\"><input type=\"radio\" name=\"radio-735\" value=\"Bagni ai vapori salini\" \/><span class=\"wpcf7-list-item-label\">Bagni ai vapori salini<\/span><\/span><\/span><\/span>\n<\/p>\n<hr \/>\n<p>-Maschere per il viso<br \/>\nDurata 20 minuti | 22.- Euro<br \/>\n<span class=\"wpcf7-form-control-wrap\" data-name=\"radio-590\"><span class=\"wpcf7-form-control wpcf7-radio\"><span class=\"wpcf7-list-item first last\"><input type=\"radio\" name=\"radio-590\" value=\"Maschere per il viso\" \/><span class=\"wpcf7-list-item-label\">Maschere per il viso<\/span><\/span><\/span><\/span>\n<\/p>\n<hr \/>\n<p>messaggio\n<\/p>\n<p><span class=\"wpcf7-form-control-wrap\" data-name=\"your-message\"><textarea cols=\"40\" rows=\"10\" maxlength=\"2000\" class=\"wpcf7-form-control wpcf7-textarea\" aria-invalid=\"false\" name=\"your-message\"><\/textarea><\/span>\n<\/p>\n<p><input type=\"hidden\" name=\"_wpcf7_captcha_challenge_captcha-522\" value=\"2637871290\" \/><img loading=\"lazy\" decoding=\"async\" class=\"wpcf7-form-control wpcf7-captchac wpcf7-captcha-captcha-522\" width=\"72\" height=\"24\" alt=\"captcha\" src=\"https:\/\/schuesslerhof.com\/wp-content\/uploads\/wpcf7_captcha\/2637871290.png\" \/><span class=\"wpcf7-form-control-wrap\" data-name=\"captcha-522\"><input size=\"40\" class=\"wpcf7-form-control wpcf7-captchar\" autocomplete=\"off\" aria-invalid=\"false\" value=\"\" type=\"text\" name=\"captcha-522\" \/><\/span>\n<\/p>\n<p><span class=\"wpcf7-form-control-wrap\" data-name=\"acceptance-354\"><span class=\"wpcf7-form-control wpcf7-acceptance\"><span class=\"wpcf7-list-item\"><label><input type=\"checkbox\" name=\"acceptance-354\" value=\"1\" aria-invalid=\"false\" \/><span class=\"wpcf7-list-item-label\">Consenso all'ulteriore trattamento dei dati<\/span><\/label><\/span><\/span><\/span>\n<\/p>\n<p><input class=\"wpcf7-form-control wpcf7-submit has-spinner\" type=\"submit\" value=\"Inviare\" \/>\n<\/p><div class=\"wpcf7-response-output\" aria-hidden=\"true\"><\/div>\n<\/form>\n<\/div>\n[\/vc_column][vc_column width=&#8221;1\/2&#8243; css=&#8221;.vc_custom_1426247783385{padding-left: 50px !important;}&#8221;][vc_column_text]\n<h1>Importante<\/h1>\n<p>Siccome i bagni devono essre preparati, vi preghiamo di telefonare un giorno prima: Telefon: +39 3714385176 o prenotare con questa sito internet.[\/vc_column_text][vc_single_image image=&#8221;563&#8243; img_size=&#8221;full&#8221; alignment=&#8221;center&#8221; onclick=&#8221;custom_link&#8221; link=&#8221;#&#8221;][\/vc_column][\/vc_row]\n","protected":false},"excerpt":{"rendered":"<p>[vc_row][vc_column width=&#8221;1\/2&#8243;][vc_column_text] Prenotazione trattamenti\u00a0Wellness- &amp; Kneipp [\/vc_column_text][\/vc_column][vc_column width=&#8221;1\/2&#8243; css=&#8221;.vc_custom_1426247783385{padding-left: 50px !important;}&#8221;][vc_column_text] Importante Siccome i bagni devono essre preparati, vi preghiamo di telefonare un giorno prima: Telefon: +39 3714385176 o prenotare con questa sito internet.[\/vc_column_text][vc_single_image image=&#8221;563&#8243; img_size=&#8221;full&#8221; alignment=&#8221;center&#8221; onclick=&#8221;custom_link&#8221; link=&#8221;#&#8221;][\/vc_column][\/vc_row]<\/p>\n","protected":false},"author":1,"featured_media":0,"parent":0,"menu_order":0,"comment_status":"open","ping_status":"open","template":"","meta":{"footnotes":""},"class_list":["post-654","page","type-page","status-publish","hentry"],"yoast_head":"<!-- This site is optimized with the Yoast SEO plugin v23.6 - https:\/\/yoast.com\/wordpress\/plugins\/seo\/ -->\n<title>Prenotazione - Sch\u00fcsslerhof | Heu &amp; Wasserb\u00e4der<\/title>\n<meta name=\"robots\" content=\"index, follow, max-snippet:-1, max-image-preview:large, max-video-preview:-1\" \/>\n<link rel=\"canonical\" href=\"https:\/\/schuesslerhof.com\/it\/prenotazione\/\" \/>\n<meta property=\"og:locale\" content=\"it_IT\" \/>\n<meta property=\"og:type\" content=\"article\" \/>\n<meta property=\"og:title\" content=\"Prenotazione - Sch\u00fcsslerhof | Heu &amp; Wasserb\u00e4der\" \/>\n<meta property=\"og:description\" content=\"[vc_row][vc_column width=&#8221;1\/2&#8243;][vc_column_text] Prenotazione trattamenti\u00a0Wellness- &amp; Kneipp [\/vc_column_text][\/vc_column][vc_column width=&#8221;1\/2&#8243; css=&#8221;.vc_custom_1426247783385{padding-left: 50px !important;}&#8221;][vc_column_text] Importante Siccome i bagni devono essre preparati, vi preghiamo di telefonare un giorno prima: Telefon: +39 3714385176 o prenotare con questa sito internet.[\/vc_column_text][vc_single_image image=&#8221;563&#8243; img_size=&#8221;full&#8221; alignment=&#8221;center&#8221; onclick=&#8221;custom_link&#8221; link=&#8221;#&#8221;][\/vc_column][\/vc_row]\" \/>\n<meta property=\"og:url\" content=\"https:\/\/schuesslerhof.com\/it\/prenotazione\/\" \/>\n<meta property=\"og:site_name\" content=\"Sch\u00fcsslerhof | Heu &amp; Wasserb\u00e4der\" \/>\n<meta property=\"article:publisher\" content=\"https:\/\/www.facebook.com\/pages\/Bad-Sch%c3%bcsslerhof\/244659975642984?fref=ts\" \/>\n<meta property=\"article:modified_time\" content=\"2022-12-22T08:42:12+00:00\" \/>\n<script type=\"application\/ld+json\" class=\"yoast-schema-graph\">{\"@context\":\"https:\/\/schema.org\",\"@graph\":[{\"@type\":\"WebPage\",\"@id\":\"https:\/\/schuesslerhof.com\/it\/prenotazione\/\",\"url\":\"https:\/\/schuesslerhof.com\/it\/prenotazione\/\",\"name\":\"Prenotazione - Sch\u00fcsslerhof | Heu & Wasserb\u00e4der\",\"isPartOf\":{\"@id\":\"https:\/\/schuesslerhof.com\/#website\"},\"datePublished\":\"2015-05-17T17:55:58+00:00\",\"dateModified\":\"2022-12-22T08:42:12+00:00\",\"breadcrumb\":{\"@id\":\"https:\/\/schuesslerhof.com\/it\/prenotazione\/#breadcrumb\"},\"inLanguage\":\"it-IT\",\"potentialAction\":[{\"@type\":\"ReadAction\",\"target\":[\"https:\/\/schuesslerhof.com\/it\/prenotazione\/\"]}]},{\"@type\":\"BreadcrumbList\",\"@id\":\"https:\/\/schuesslerhof.com\/it\/prenotazione\/#breadcrumb\",\"itemListElement\":[{\"@type\":\"ListItem\",\"position\":1,\"name\":\"Home\",\"item\":\"https:\/\/schuesslerhof.com\/it\/\"},{\"@type\":\"ListItem\",\"position\":2,\"name\":\"Prenotazione\"}]},{\"@type\":\"WebSite\",\"@id\":\"https:\/\/schuesslerhof.com\/#website\",\"url\":\"https:\/\/schuesslerhof.com\/\",\"name\":\"Sch\u00fcsslerhof | Heu & Wasserb\u00e4der\",\"description\":\"Fam. Hartmann Auer - Lappach im M\u00fchlwaldertal: +39 0474 68 50 46\",\"publisher\":{\"@id\":\"https:\/\/schuesslerhof.com\/#organization\"},\"potentialAction\":[{\"@type\":\"SearchAction\",\"target\":{\"@type\":\"EntryPoint\",\"urlTemplate\":\"https:\/\/schuesslerhof.com\/?s={search_term_string}\"},\"query-input\":{\"@type\":\"PropertyValueSpecification\",\"valueRequired\":true,\"valueName\":\"search_term_string\"}}],\"inLanguage\":\"it-IT\"},{\"@type\":\"Organization\",\"@id\":\"https:\/\/schuesslerhof.com\/#organization\",\"name\":\"Bad Sch\u00fcsslerhof\",\"url\":\"https:\/\/schuesslerhof.com\/\",\"logo\":{\"@type\":\"ImageObject\",\"inLanguage\":\"it-IT\",\"@id\":\"https:\/\/schuesslerhof.com\/#\/schema\/logo\/image\/\",\"url\":\"https:\/\/schuesslerhof.com\/wp-content\/uploads\/2015\/03\/LOGO-255x150-e1425472092821.png\",\"contentUrl\":\"https:\/\/schuesslerhof.com\/wp-content\/uploads\/2015\/03\/LOGO-255x150-e1425472092821.png\",\"width\":170,\"height\":100,\"caption\":\"Bad Sch\u00fcsslerhof\"},\"image\":{\"@id\":\"https:\/\/schuesslerhof.com\/#\/schema\/logo\/image\/\"},\"sameAs\":[\"https:\/\/www.facebook.com\/pages\/Bad-Sch\u00fcsslerhof\/244659975642984?fref=ts\"]}]}<\/script>\n<!-- \/ Yoast SEO plugin. -->","yoast_head_json":{"title":"Prenotazione - Sch\u00fcsslerhof | Heu & Wasserb\u00e4der","robots":{"index":"index","follow":"follow","max-snippet":"max-snippet:-1","max-image-preview":"max-image-preview:large","max-video-preview":"max-video-preview:-1"},"canonical":"https:\/\/schuesslerhof.com\/it\/prenotazione\/","og_locale":"it_IT","og_type":"article","og_title":"Prenotazione - Sch\u00fcsslerhof | Heu & Wasserb\u00e4der","og_description":"[vc_row][vc_column width=&#8221;1\/2&#8243;][vc_column_text] Prenotazione trattamenti\u00a0Wellness- &amp; Kneipp [\/vc_column_text][\/vc_column][vc_column width=&#8221;1\/2&#8243; css=&#8221;.vc_custom_1426247783385{padding-left: 50px !important;}&#8221;][vc_column_text] Importante Siccome i bagni devono essre preparati, vi preghiamo di telefonare un giorno prima: Telefon: +39 3714385176 o prenotare con questa sito internet.[\/vc_column_text][vc_single_image image=&#8221;563&#8243; img_size=&#8221;full&#8221; alignment=&#8221;center&#8221; onclick=&#8221;custom_link&#8221; link=&#8221;#&#8221;][\/vc_column][\/vc_row]","og_url":"https:\/\/schuesslerhof.com\/it\/prenotazione\/","og_site_name":"Sch\u00fcsslerhof | Heu & Wasserb\u00e4der","article_publisher":"https:\/\/www.facebook.com\/pages\/Bad-Sch%c3%bcsslerhof\/244659975642984?fref=ts","article_modified_time":"2022-12-22T08:42:12+00:00","schema":{"@context":"https:\/\/schema.org","@graph":[{"@type":"WebPage","@id":"https:\/\/schuesslerhof.com\/it\/prenotazione\/","url":"https:\/\/schuesslerhof.com\/it\/prenotazione\/","name":"Prenotazione - Sch\u00fcsslerhof | Heu & Wasserb\u00e4der","isPartOf":{"@id":"https:\/\/schuesslerhof.com\/#website"},"datePublished":"2015-05-17T17:55:58+00:00","dateModified":"2022-12-22T08:42:12+00:00","breadcrumb":{"@id":"https:\/\/schuesslerhof.com\/it\/prenotazione\/#breadcrumb"},"inLanguage":"it-IT","potentialAction":[{"@type":"ReadAction","target":["https:\/\/schuesslerhof.com\/it\/prenotazione\/"]}]},{"@type":"BreadcrumbList","@id":"https:\/\/schuesslerhof.com\/it\/prenotazione\/#breadcrumb","itemListElement":[{"@type":"ListItem","position":1,"name":"Home","item":"https:\/\/schuesslerhof.com\/it\/"},{"@type":"ListItem","position":2,"name":"Prenotazione"}]},{"@type":"WebSite","@id":"https:\/\/schuesslerhof.com\/#website","url":"https:\/\/schuesslerhof.com\/","name":"Sch\u00fcsslerhof | Heu & Wasserb\u00e4der","description":"Fam. Hartmann Auer - Lappach im M\u00fchlwaldertal: +39 0474 68 50 46","publisher":{"@id":"https:\/\/schuesslerhof.com\/#organization"},"potentialAction":[{"@type":"SearchAction","target":{"@type":"EntryPoint","urlTemplate":"https:\/\/schuesslerhof.com\/?s={search_term_string}"},"query-input":{"@type":"PropertyValueSpecification","valueRequired":true,"valueName":"search_term_string"}}],"inLanguage":"it-IT"},{"@type":"Organization","@id":"https:\/\/schuesslerhof.com\/#organization","name":"Bad Sch\u00fcsslerhof","url":"https:\/\/schuesslerhof.com\/","logo":{"@type":"ImageObject","inLanguage":"it-IT","@id":"https:\/\/schuesslerhof.com\/#\/schema\/logo\/image\/","url":"https:\/\/schuesslerhof.com\/wp-content\/uploads\/2015\/03\/LOGO-255x150-e1425472092821.png","contentUrl":"https:\/\/schuesslerhof.com\/wp-content\/uploads\/2015\/03\/LOGO-255x150-e1425472092821.png","width":170,"height":100,"caption":"Bad Sch\u00fcsslerhof"},"image":{"@id":"https:\/\/schuesslerhof.com\/#\/schema\/logo\/image\/"},"sameAs":["https:\/\/www.facebook.com\/pages\/Bad-Sch\u00fcsslerhof\/244659975642984?fref=ts"]}]}},"_links":{"self":[{"href":"https:\/\/schuesslerhof.com\/it\/wp-json\/wp\/v2\/pages\/654"}],"collection":[{"href":"https:\/\/schuesslerhof.com\/it\/wp-json\/wp\/v2\/pages"}],"about":[{"href":"https:\/\/schuesslerhof.com\/it\/wp-json\/wp\/v2\/types\/page"}],"author":[{"embeddable":true,"href":"https:\/\/schuesslerhof.com\/it\/wp-json\/wp\/v2\/users\/1"}],"replies":[{"embeddable":true,"href":"https:\/\/schuesslerhof.com\/it\/wp-json\/wp\/v2\/comments?post=654"}],"version-history":[{"count":3,"href":"https:\/\/schuesslerhof.com\/it\/wp-json\/wp\/v2\/pages\/654\/revisions"}],"predecessor-version":[{"id":1524,"href":"https:\/\/schuesslerhof.com\/it\/wp-json\/wp\/v2\/pages\/654\/revisions\/1524"}],"wp:attachment":[{"href":"https:\/\/schuesslerhof.com\/it\/wp-json\/wp\/v2\/media?parent=654"}],"curies":[{"name":"wp","href":"https:\/\/api.w.org\/{rel}","templated":true}]}}