{"id":656,"date":"2015-05-17T19:14:20","date_gmt":"2015-05-17T17:14:20","guid":{"rendered":"http:\/\/schuesslerhof.com\/?page_id=656"},"modified":"2024-01-22T11:51:29","modified_gmt":"2024-01-22T10:51:29","slug":"agriturismo-a-lappago-alto-adige","status":"publish","type":"page","link":"https:\/\/schuesslerhof.com\/it\/agriturismo-a-lappago-alto-adige\/","title":{"rendered":"Agriturismo a Lappago &#8211; Alto Adige"},"content":{"rendered":"[vc_row][vc_column][vc_column_text el_class=&#8221;seite_oben&#8221;]\n<h1>Vacanze nell&#8217;Agirturismo<\/h1>\n[\/vc_column_text][vc_column_text]\n<p>Il nostro agriturismo si trova a <strong>Lappago<\/strong>, nella <strong>valle di Selva dei Molini<\/strong>. Lappago \u00e8 un <strong>piccolo villaggio di montagna<\/strong> sul versante sud delle <strong>Alpi della Zillertal<\/strong>. Da diversi decenni, il nostro agriturismo \u00e8 meta di ospiti in cerca di pace e tranquillit\u00e0, che amano trascorrere le loro vacanze in agriturismo in Alto Adige in un idillio rurale.<\/p>\n<p>Tutte le nostre camere sono dotate di doccia e WC, cassaforte, TV con radio, balcone o terrazza, internet.<\/p>\n<p>La colazione e la cena vengono servite nella sala da pranzo, con verdure di stagione provenienti dalla nostra azienda agricola e <strong>prodotti regionali<\/strong>, e siamo lieti di soddisfare i suoi desideri di <strong>cucina tipica regionale<\/strong>.<\/p>\n[\/vc_column_text][\/vc_column][\/vc_row][vc_row][vc_column][vc_column_text]<div id=\"69d295595bcfe\" rel=\"261\" data-gg-autoplay=\"1\" class=\"gg_galleria_slider_wrap gg_galleria_slider_light gg_galleria_slider_show_thumbs  gg_galleria_responsive ggs_261\" style=\"width: 100%; \" data-asp-ratio=\"0.55\"><a href=\"https:\/\/schuesslerhof.com\/wp-content\/uploads\/2023\/06\/DSC01591-scaled.jpg\"><img decoding=\"async\" src=\"\/\/schuesslerhof.com\/wp-content\/uploads\/ewpt_cache\/60x40_100_1_c_FFFFFF_49c0c21219a17d71659561a8cb35a89d.jpg\" data-big=\"https:\/\/schuesslerhof.com\/wp-content\/uploads\/2023\/06\/DSC01591-scaled.jpg\" data-description=\"\" alt=\"DSC01591\" \/><\/a><a href=\"https:\/\/schuesslerhof.com\/wp-content\/uploads\/2023\/06\/DSC01718-scaled.jpg\"><img decoding=\"async\" src=\"\/\/schuesslerhof.com\/wp-content\/uploads\/ewpt_cache\/60x40_100_1_c_FFFFFF_4c14b629e24cfbc66c53080f76c148b0.jpg\" data-big=\"https:\/\/schuesslerhof.com\/wp-content\/uploads\/2023\/06\/DSC01718-scaled.jpg\" data-description=\"\" alt=\"DSC01718\" \/><\/a><a href=\"https:\/\/schuesslerhof.com\/wp-content\/uploads\/2023\/06\/DSC01715-scaled.jpg\"><img decoding=\"async\" src=\"\/\/schuesslerhof.com\/wp-content\/uploads\/ewpt_cache\/60x40_100_1_c_FFFFFF_873625dd33a84000b94e110e3a0a8ffc.jpg\" data-big=\"https:\/\/schuesslerhof.com\/wp-content\/uploads\/2023\/06\/DSC01715-scaled.jpg\" data-description=\"\" alt=\"DSC01715\" \/><\/a><a href=\"https:\/\/schuesslerhof.com\/wp-content\/uploads\/2023\/06\/IMG-20191206-WA0014.jpg\"><img decoding=\"async\" src=\"\/\/schuesslerhof.com\/wp-content\/uploads\/ewpt_cache\/60x40_100_1_c_FFFFFF_f82a01131a0bf06fe78ae3f1a3064279.jpg\" data-big=\"https:\/\/schuesslerhof.com\/wp-content\/uploads\/2023\/06\/IMG-20191206-WA0014.jpg\" data-description=\"\" alt=\"IMG-20191206-WA0014\" \/><\/a><a href=\"https:\/\/schuesslerhof.com\/wp-content\/uploads\/2023\/06\/IMG-20191204-WA0016-1.jpg\"><img decoding=\"async\" src=\"\/\/schuesslerhof.com\/wp-content\/uploads\/ewpt_cache\/60x40_100_1_c_FFFFFF_8684f4937f55e6a404a818dff8676baf.jpg\" data-big=\"https:\/\/schuesslerhof.com\/wp-content\/uploads\/2023\/06\/IMG-20191204-WA0016-1.jpg\" data-description=\"\" alt=\"IMG-20191204-WA0016\" \/><\/a><a href=\"https:\/\/schuesslerhof.com\/wp-content\/uploads\/2023\/06\/IMG-20191204-WA0014.jpg\"><img decoding=\"async\" src=\"\/\/schuesslerhof.com\/wp-content\/uploads\/ewpt_cache\/60x40_100_1_c_FFFFFF_7c014d193004ae7fb68d41aca745edaf.jpg\" data-big=\"https:\/\/schuesslerhof.com\/wp-content\/uploads\/2023\/06\/IMG-20191204-WA0014.jpg\" data-description=\"\" alt=\"IMG-20191204-WA0014\" \/><\/a><a href=\"https:\/\/schuesslerhof.com\/wp-content\/uploads\/2015\/05\/schuesslerhof-urlaub-auf-dem-bauernhof-lappach-ahrntal-suedtirol.jpg\"><img decoding=\"async\" src=\"\/\/schuesslerhof.com\/wp-content\/uploads\/ewpt_cache\/60x40_100_1_c_FFFFFF_b204ba6f40e110b1da71c5a4c40b4eae.jpg\" data-big=\"https:\/\/schuesslerhof.com\/wp-content\/uploads\/2015\/05\/schuesslerhof-urlaub-auf-dem-bauernhof-lappach-ahrntal-suedtirol.jpg\" data-description=\"\" alt=\"\" \/><\/a><a href=\"https:\/\/schuesslerhof.com\/wp-content\/uploads\/2015\/03\/schuesslerhof-lappach-urlaub-auf-dem-bauernhof-03.jpg\"><img decoding=\"async\" src=\"\/\/schuesslerhof.com\/wp-content\/uploads\/ewpt_cache\/60x40_100_1_c_FFFFFF_35eeda132bcdd8bc9a1be19f1fc23b42.jpg\" data-big=\"https:\/\/schuesslerhof.com\/wp-content\/uploads\/2015\/03\/schuesslerhof-lappach-urlaub-auf-dem-bauernhof-03.jpg\" data-description=\"\" alt=\"Gem\u00fctlich entspannen nach einem erlebnisreichen Tag\" \/><\/a><a href=\"https:\/\/schuesslerhof.com\/wp-content\/uploads\/2015\/05\/sch\u00fcsslerhof-lappach-ahrntal-urlaub-auf-dem-bauernhof-halbpension.jpg\"><img decoding=\"async\" src=\"\/\/schuesslerhof.com\/wp-content\/uploads\/ewpt_cache\/60x40_100_1_c_FFFFFF_601e139346b1335d5ec2637fea024909.jpg\" data-big=\"https:\/\/schuesslerhof.com\/wp-content\/uploads\/2015\/05\/sch\u00fcsslerhof-lappach-ahrntal-urlaub-auf-dem-bauernhof-halbpension.jpg\" data-description=\"\" alt=\"\" \/><\/a><a href=\"https:\/\/schuesslerhof.com\/wp-content\/uploads\/2015\/03\/schuesslerhof-lappach-urlaub-auf-dem-bauernhof-05.jpg\"><img decoding=\"async\" src=\"\/\/schuesslerhof.com\/wp-content\/uploads\/ewpt_cache\/60x40_100_1_c_FFFFFF_df678da899c301ad9b0492a786061d8d.jpg\" data-big=\"https:\/\/schuesslerhof.com\/wp-content\/uploads\/2015\/03\/schuesslerhof-lappach-urlaub-auf-dem-bauernhof-05.jpg\" data-description=\"\" alt=\"Was w\u00e4re ein Sommer ohne &quot;Buschen&quot; am Haus?\" \/><\/a><a href=\"https:\/\/schuesslerhof.com\/wp-content\/uploads\/2015\/03\/schuesslerhof-lappach-winter-urlaub-auf-dem-bauernhof-alm-11.jpg\"><img decoding=\"async\" src=\"\/\/schuesslerhof.com\/wp-content\/uploads\/ewpt_cache\/60x40_100_1_c_FFFFFF_02b6710655eae3a59bcaa1d040ac49c1.jpg\" data-big=\"https:\/\/schuesslerhof.com\/wp-content\/uploads\/2015\/03\/schuesslerhof-lappach-winter-urlaub-auf-dem-bauernhof-alm-11.jpg\" data-description=\"\" alt=\"Ein Genuss auch f\u00fcr unsere K\u00fche ...\" \/><\/a><a href=\"https:\/\/schuesslerhof.com\/wp-content\/uploads\/2015\/03\/schuesslerhof-lappach-winter-urlaub-auf-dem-bauernhof-alm-02.jpg\"><img decoding=\"async\" src=\"\/\/schuesslerhof.com\/wp-content\/uploads\/ewpt_cache\/60x40_100_1_c_FFFFFF_b68969cc23f43f0b2c9b413f050b9b73.jpg\" data-big=\"https:\/\/schuesslerhof.com\/wp-content\/uploads\/2015\/03\/schuesslerhof-lappach-winter-urlaub-auf-dem-bauernhof-alm-02.jpg\" data-description=\"\" alt=\"... und Schafe\" \/><\/a><div style=\"clear: both;\"><\/div><\/div><script type=\"text\/javascript\"> jQuery(document).ready(function($) { if(typeof(gg_galleria_init) == \"function\") { gg_galleria_show(\"#69d295595bcfe\");gg_galleria_init(\"#69d295595bcfe\");}});<\/script>[\/vc_column_text][vc_raw_html]JTNDZGl2JTIwY2xhc3MlM0QlMjJwYW5vdG91ciUyMiUzRSUwQSUzQ2RpdiUyMGNsYXNzJTNEJTIyZW1iZWQtcmVzcG9uc2l2ZSUyMGVtYmVkLXJlc3BvbnNpdmUtMTZieTklMjIlM0UlMEElM0NpZnJhbWUlMjBzcmMlM0QlMjJodHRwcyUzQSUyRiUyRmNtczR2ci5pbmRlcGVuZGVudC5pdCUyRmhvdGVscyUyRmhvdGVsLXNjaHVlc3NsZXJob2YlMkYlMjIlMjB3aWR0aCUzRCUyMjYwMCUyMiUyMGhlaWdodCUzRCUyMjQ1MCUyMiUyMGZyYW1lYm9yZGVyJTNEJTIyMCUyMiUyMHN0eWxlJTNEJTIyYm9yZGVyJTNBMCUyMiUyMGFsbG93ZnVsbHNjcmVlbiUzRSUzQyUyRmlmcmFtZSUzRSUwQSUzQyUyRmRpdiUzRSUwQSUzQyUyRmRpdiUzRQ==[\/vc_raw_html][\/vc_column][\/vc_row]\n","protected":false},"excerpt":{"rendered":"<p>[vc_row][vc_column][vc_column_text el_class=&#8221;seite_oben&#8221;] Vacanze nell&#8217;Agirturismo [\/vc_column_text][vc_column_text] Il nostro agriturismo si trova a Lappago, nella valle di Selva dei Molini. Lappago \u00e8 un piccolo villaggio di montagna sul versante sud delle Alpi della Zillertal. Da diversi decenni, il nostro agriturismo \u00e8 meta di ospiti in cerca di pace e tranquillit\u00e0, che amano trascorrere le loro vacanze in [&hellip;]<\/p>\n","protected":false},"author":1,"featured_media":0,"parent":0,"menu_order":0,"comment_status":"closed","ping_status":"open","template":"","meta":{"footnotes":""},"class_list":["post-656","page","type-page","status-publish","hentry"],"yoast_head":"<!-- This site is optimized with the Yoast SEO plugin v23.6 - https:\/\/yoast.com\/wordpress\/plugins\/seo\/ -->\n<title>Agriturismo a Lappago - Alto Adige - Sch\u00fcsslerhof | Heu &amp; Wasserb\u00e4der<\/title>\n<meta name=\"robots\" content=\"index, follow, max-snippet:-1, max-image-preview:large, max-video-preview:-1\" \/>\n<link rel=\"canonical\" href=\"https:\/\/schuesslerhof.com\/it\/agriturismo-a-lappago-alto-adige\/\" \/>\n<meta property=\"og:locale\" content=\"it_IT\" \/>\n<meta property=\"og:type\" content=\"article\" \/>\n<meta property=\"og:title\" content=\"Agriturismo a Lappago - Alto Adige - Sch\u00fcsslerhof | Heu &amp; Wasserb\u00e4der\" \/>\n<meta property=\"og:description\" content=\"[vc_row][vc_column][vc_column_text el_class=&#8221;seite_oben&#8221;] Vacanze nell&#8217;Agirturismo [\/vc_column_text][vc_column_text] Il nostro agriturismo si trova a Lappago, nella valle di Selva dei Molini. Lappago \u00e8 un piccolo villaggio di montagna sul versante sud delle Alpi della Zillertal. Da diversi decenni, il nostro agriturismo \u00e8 meta di ospiti in cerca di pace e tranquillit\u00e0, che amano trascorrere le loro vacanze in [&hellip;]\" \/>\n<meta property=\"og:url\" content=\"https:\/\/schuesslerhof.com\/it\/agriturismo-a-lappago-alto-adige\/\" \/>\n<meta property=\"og:site_name\" content=\"Sch\u00fcsslerhof | Heu &amp; Wasserb\u00e4der\" \/>\n<meta property=\"article:publisher\" content=\"https:\/\/www.facebook.com\/pages\/Bad-Sch%c3%bcsslerhof\/244659975642984?fref=ts\" \/>\n<meta property=\"article:modified_time\" content=\"2024-01-22T10:51:29+00:00\" \/>\n<meta name=\"twitter:label1\" content=\"Tempo di lettura stimato\" \/>\n\t<meta name=\"twitter:data1\" content=\"1 minuto\" \/>\n<script type=\"application\/ld+json\" class=\"yoast-schema-graph\">{\"@context\":\"https:\/\/schema.org\",\"@graph\":[{\"@type\":\"WebPage\",\"@id\":\"https:\/\/schuesslerhof.com\/it\/agriturismo-a-lappago-alto-adige\/\",\"url\":\"https:\/\/schuesslerhof.com\/it\/agriturismo-a-lappago-alto-adige\/\",\"name\":\"Agriturismo a Lappago - Alto Adige - Sch\u00fcsslerhof | Heu & Wasserb\u00e4der\",\"isPartOf\":{\"@id\":\"https:\/\/schuesslerhof.com\/#website\"},\"datePublished\":\"2015-05-17T17:14:20+00:00\",\"dateModified\":\"2024-01-22T10:51:29+00:00\",\"breadcrumb\":{\"@id\":\"https:\/\/schuesslerhof.com\/it\/agriturismo-a-lappago-alto-adige\/#breadcrumb\"},\"inLanguage\":\"it-IT\",\"potentialAction\":[{\"@type\":\"ReadAction\",\"target\":[\"https:\/\/schuesslerhof.com\/it\/agriturismo-a-lappago-alto-adige\/\"]}]},{\"@type\":\"BreadcrumbList\",\"@id\":\"https:\/\/schuesslerhof.com\/it\/agriturismo-a-lappago-alto-adige\/#breadcrumb\",\"itemListElement\":[{\"@type\":\"ListItem\",\"position\":1,\"name\":\"Home\",\"item\":\"https:\/\/schuesslerhof.com\/it\/\"},{\"@type\":\"ListItem\",\"position\":2,\"name\":\"Agriturismo a Lappago &#8211; Alto Adige\"}]},{\"@type\":\"WebSite\",\"@id\":\"https:\/\/schuesslerhof.com\/#website\",\"url\":\"https:\/\/schuesslerhof.com\/\",\"name\":\"Sch\u00fcsslerhof | Heu & Wasserb\u00e4der\",\"description\":\"Fam. Hartmann Auer - Lappach im M\u00fchlwaldertal: +39 0474 68 50 46\",\"publisher\":{\"@id\":\"https:\/\/schuesslerhof.com\/#organization\"},\"potentialAction\":[{\"@type\":\"SearchAction\",\"target\":{\"@type\":\"EntryPoint\",\"urlTemplate\":\"https:\/\/schuesslerhof.com\/?s={search_term_string}\"},\"query-input\":{\"@type\":\"PropertyValueSpecification\",\"valueRequired\":true,\"valueName\":\"search_term_string\"}}],\"inLanguage\":\"it-IT\"},{\"@type\":\"Organization\",\"@id\":\"https:\/\/schuesslerhof.com\/#organization\",\"name\":\"Bad Sch\u00fcsslerhof\",\"url\":\"https:\/\/schuesslerhof.com\/\",\"logo\":{\"@type\":\"ImageObject\",\"inLanguage\":\"it-IT\",\"@id\":\"https:\/\/schuesslerhof.com\/#\/schema\/logo\/image\/\",\"url\":\"https:\/\/schuesslerhof.com\/wp-content\/uploads\/2015\/03\/LOGO-255x150-e1425472092821.png\",\"contentUrl\":\"https:\/\/schuesslerhof.com\/wp-content\/uploads\/2015\/03\/LOGO-255x150-e1425472092821.png\",\"width\":170,\"height\":100,\"caption\":\"Bad Sch\u00fcsslerhof\"},\"image\":{\"@id\":\"https:\/\/schuesslerhof.com\/#\/schema\/logo\/image\/\"},\"sameAs\":[\"https:\/\/www.facebook.com\/pages\/Bad-Sch\u00fcsslerhof\/244659975642984?fref=ts\"]}]}<\/script>\n<!-- \/ Yoast SEO plugin. -->","yoast_head_json":{"title":"Agriturismo a Lappago - Alto Adige - Sch\u00fcsslerhof | Heu & Wasserb\u00e4der","robots":{"index":"index","follow":"follow","max-snippet":"max-snippet:-1","max-image-preview":"max-image-preview:large","max-video-preview":"max-video-preview:-1"},"canonical":"https:\/\/schuesslerhof.com\/it\/agriturismo-a-lappago-alto-adige\/","og_locale":"it_IT","og_type":"article","og_title":"Agriturismo a Lappago - Alto Adige - Sch\u00fcsslerhof | Heu & Wasserb\u00e4der","og_description":"[vc_row][vc_column][vc_column_text el_class=&#8221;seite_oben&#8221;] Vacanze nell&#8217;Agirturismo [\/vc_column_text][vc_column_text] Il nostro agriturismo si trova a Lappago, nella valle di Selva dei Molini. Lappago \u00e8 un piccolo villaggio di montagna sul versante sud delle Alpi della Zillertal. Da diversi decenni, il nostro agriturismo \u00e8 meta di ospiti in cerca di pace e tranquillit\u00e0, che amano trascorrere le loro vacanze in [&hellip;]","og_url":"https:\/\/schuesslerhof.com\/it\/agriturismo-a-lappago-alto-adige\/","og_site_name":"Sch\u00fcsslerhof | Heu & Wasserb\u00e4der","article_publisher":"https:\/\/www.facebook.com\/pages\/Bad-Sch%c3%bcsslerhof\/244659975642984?fref=ts","article_modified_time":"2024-01-22T10:51:29+00:00","twitter_misc":{"Tempo di lettura stimato":"1 minuto"},"schema":{"@context":"https:\/\/schema.org","@graph":[{"@type":"WebPage","@id":"https:\/\/schuesslerhof.com\/it\/agriturismo-a-lappago-alto-adige\/","url":"https:\/\/schuesslerhof.com\/it\/agriturismo-a-lappago-alto-adige\/","name":"Agriturismo a Lappago - Alto Adige - Sch\u00fcsslerhof | Heu & Wasserb\u00e4der","isPartOf":{"@id":"https:\/\/schuesslerhof.com\/#website"},"datePublished":"2015-05-17T17:14:20+00:00","dateModified":"2024-01-22T10:51:29+00:00","breadcrumb":{"@id":"https:\/\/schuesslerhof.com\/it\/agriturismo-a-lappago-alto-adige\/#breadcrumb"},"inLanguage":"it-IT","potentialAction":[{"@type":"ReadAction","target":["https:\/\/schuesslerhof.com\/it\/agriturismo-a-lappago-alto-adige\/"]}]},{"@type":"BreadcrumbList","@id":"https:\/\/schuesslerhof.com\/it\/agriturismo-a-lappago-alto-adige\/#breadcrumb","itemListElement":[{"@type":"ListItem","position":1,"name":"Home","item":"https:\/\/schuesslerhof.com\/it\/"},{"@type":"ListItem","position":2,"name":"Agriturismo a Lappago &#8211; Alto Adige"}]},{"@type":"WebSite","@id":"https:\/\/schuesslerhof.com\/#website","url":"https:\/\/schuesslerhof.com\/","name":"Sch\u00fcsslerhof | Heu & Wasserb\u00e4der","description":"Fam. Hartmann Auer - Lappach im M\u00fchlwaldertal: +39 0474 68 50 46","publisher":{"@id":"https:\/\/schuesslerhof.com\/#organization"},"potentialAction":[{"@type":"SearchAction","target":{"@type":"EntryPoint","urlTemplate":"https:\/\/schuesslerhof.com\/?s={search_term_string}"},"query-input":{"@type":"PropertyValueSpecification","valueRequired":true,"valueName":"search_term_string"}}],"inLanguage":"it-IT"},{"@type":"Organization","@id":"https:\/\/schuesslerhof.com\/#organization","name":"Bad Sch\u00fcsslerhof","url":"https:\/\/schuesslerhof.com\/","logo":{"@type":"ImageObject","inLanguage":"it-IT","@id":"https:\/\/schuesslerhof.com\/#\/schema\/logo\/image\/","url":"https:\/\/schuesslerhof.com\/wp-content\/uploads\/2015\/03\/LOGO-255x150-e1425472092821.png","contentUrl":"https:\/\/schuesslerhof.com\/wp-content\/uploads\/2015\/03\/LOGO-255x150-e1425472092821.png","width":170,"height":100,"caption":"Bad Sch\u00fcsslerhof"},"image":{"@id":"https:\/\/schuesslerhof.com\/#\/schema\/logo\/image\/"},"sameAs":["https:\/\/www.facebook.com\/pages\/Bad-Sch\u00fcsslerhof\/244659975642984?fref=ts"]}]}},"_links":{"self":[{"href":"https:\/\/schuesslerhof.com\/it\/wp-json\/wp\/v2\/pages\/656"}],"collection":[{"href":"https:\/\/schuesslerhof.com\/it\/wp-json\/wp\/v2\/pages"}],"about":[{"href":"https:\/\/schuesslerhof.com\/it\/wp-json\/wp\/v2\/types\/page"}],"author":[{"embeddable":true,"href":"https:\/\/schuesslerhof.com\/it\/wp-json\/wp\/v2\/users\/1"}],"replies":[{"embeddable":true,"href":"https:\/\/schuesslerhof.com\/it\/wp-json\/wp\/v2\/comments?post=656"}],"version-history":[{"count":4,"href":"https:\/\/schuesslerhof.com\/it\/wp-json\/wp\/v2\/pages\/656\/revisions"}],"predecessor-version":[{"id":1578,"href":"https:\/\/schuesslerhof.com\/it\/wp-json\/wp\/v2\/pages\/656\/revisions\/1578"}],"wp:attachment":[{"href":"https:\/\/schuesslerhof.com\/it\/wp-json\/wp\/v2\/media?parent=656"}],"curies":[{"name":"wp","href":"https:\/\/api.w.org\/{rel}","templated":true}]}}